{"id":96,"date":"2022-11-17T17:33:20","date_gmt":"2022-11-17T16:33:20","guid":{"rendered":"http:\/\/feuerwehr-jockgrim.org\/?page_id=96"},"modified":"2023-08-12T15:40:54","modified_gmt":"2023-08-12T13:40:54","slug":"geraetehaus","status":"publish","type":"page","link":"https:\/\/www.feuerwehr-jockgrim.de\/?page_id=96","title":{"rendered":"Ger\u00e4tehaus"},"content":{"rendered":"\n<p>Unser aktuelles Ger\u00e4tehaus befindet sich in der Schillerstra\u00dfe 21. In diesem Abschnitt werden wir \u00fcber die verschiedenen R\u00e4umlichkeiten unseres Ger\u00e4tehauses informieren. <\/p>\n\n\n\n<p>Da unser Ger\u00e4tehaus nicht mehr den aktuellen Standards entspricht, zu klein ist und auch Baum\u00e4ngel aufwei\u00dft, laufen aktuell Planungen f\u00fcr einen Neubau.<\/p>\n\n\n\n<p>Weitere Informationen zum Neubau unseres Ger\u00e4tehauses sowie zum aktuellen Planungsstand finden Sie auf der <a href=\"https:\/\/www.vg-jockgrim.de\/Verwaltung-Rat\/Feuerwehr\/\" data-type=\"link\" data-id=\"https:\/\/www.vg-jockgrim.de\/Verwaltung-Rat\/Feuerwehr\/\">Seite der VG-Verwaltung<\/a>.<\/p>\n\n\n\n<figure class=\"wp-block-image\"><img loading=\"lazy\" decoding=\"async\" width=\"706\" height=\"412\" src=\"http:\/\/feuerwehr-jockgrim.org\/wp-content\/uploads\/2022\/11\/MG_3128.jpg\" alt=\"\" class=\"wp-image-638\" srcset=\"https:\/\/www.feuerwehr-jockgrim.de\/wp-content\/uploads\/2022\/11\/MG_3128.jpg 706w, https:\/\/www.feuerwehr-jockgrim.de\/wp-content\/uploads\/2022\/11\/MG_3128-300x175.jpg 300w\" sizes=\"auto, (max-width: 706px) 100vw, 706px\" \/><\/figure>\n","protected":false},"excerpt":{"rendered":"<p>Unser aktuelles Ger\u00e4tehaus befindet sich in der Schillerstra\u00dfe 21. In diesem Abschnitt werden wir \u00fcber die verschiedenen R\u00e4umlichkeiten unseres Ger\u00e4tehauses informieren. Da unser Ger\u00e4tehaus nicht mehr den aktuellen Standards entspricht, [&hellip;]<\/p>\n","protected":false},"author":2,"featured_media":0,"parent":0,"menu_order":0,"comment_status":"closed","ping_status":"closed","template":"","meta":{"_acf_changed":false,"footnotes":""},"class_list":["post-96","page","type-page","status-publish","hentry"],"acf":[],"_links":{"self":[{"href":"https:\/\/www.feuerwehr-jockgrim.de\/index.php?rest_route=\/wp\/v2\/pages\/96","targetHints":{"allow":["GET"]}}],"collection":[{"href":"https:\/\/www.feuerwehr-jockgrim.de\/index.php?rest_route=\/wp\/v2\/pages"}],"about":[{"href":"https:\/\/www.feuerwehr-jockgrim.de\/index.php?rest_route=\/wp\/v2\/types\/page"}],"author":[{"embeddable":true,"href":"https:\/\/www.feuerwehr-jockgrim.de\/index.php?rest_route=\/wp\/v2\/users\/2"}],"replies":[{"embeddable":true,"href":"https:\/\/www.feuerwehr-jockgrim.de\/index.php?rest_route=%2Fwp%2Fv2%2Fcomments&post=96"}],"version-history":[{"count":3,"href":"https:\/\/www.feuerwehr-jockgrim.de\/index.php?rest_route=\/wp\/v2\/pages\/96\/revisions"}],"predecessor-version":[{"id":1278,"href":"https:\/\/www.feuerwehr-jockgrim.de\/index.php?rest_route=\/wp\/v2\/pages\/96\/revisions\/1278"}],"wp:attachment":[{"href":"https:\/\/www.feuerwehr-jockgrim.de\/index.php?rest_route=%2Fwp%2Fv2%2Fmedia&parent=96"}],"curies":[{"name":"wp","href":"https:\/\/api.w.org\/{rel}","templated":true}]}}