{"id":928,"date":"2022-12-14T15:09:43","date_gmt":"2022-12-14T14:09:43","guid":{"rendered":"https:\/\/www.feuerwehr-jockgrim.de\/?page_id=928"},"modified":"2026-01-24T11:22:37","modified_gmt":"2026-01-24T10:22:37","slug":"verein","status":"publish","type":"page","link":"https:\/\/www.feuerwehr-jockgrim.de\/?page_id=928","title":{"rendered":"Verein"},"content":{"rendered":"\n<p>Um die Aktivit\u00e4ten unserer Jugendfeuerwehr und Einsatzabteilung zu unterst\u00fctzen sowie am kulturellen Leben unserer Ortsgemeinde teilzunehmen gibt es auch einen Feuerwehrverein, die Kameradschaftliche Vereinigung Freiwillige Feuerwehr Jockgrim e.V., zu welchem auch weiterhin der Spielmanns- und Fanfarenzug der Freiwilligen Feuerwehr, die Jockgrimmer Feierbatscher, die Tanzgruppe der Freiwilligen Feuerwehr sowie die Alters- und Ehrenabteilung der Freiwilligen Feuerwehr geh\u00f6ren. <\/p>\n\n\n\n<p>Vorsitzender der Kameradschaftlichen Vereinigung ist Thomas Schehr, seine Stellvertreter sind Michael Rapp und Sven Lutz. Des Weiteren besteht der Vorstand aus der Kassenwartin Annalena Rapp und dem Schriftf\u00fchrer Matthias Brislinger.<br>Unterst\u00fctzt wird der Vorstand vom Ausschuss. Im geh\u00f6ren f\u00fcnf gew\u00e4hlte Beisitzer sowie Vertreter aller Sparten an. Gew\u00e4hlte Mitglieder sind Andr\u00e9 Kirschke, Tim Hinckel, Martin Leonhard, Philipp Rei\u00df und Martin Rei\u00df. <br>Vetreter der Sparten sind Isabell Rei\u00df als Leiterin der Tanzgruppe, Alexandra Getto f\u00fcr den Spielmannszug, Leo Rutz f\u00fcr die Feierbatscher, Marwin Brinner als stv. Jugendfeuerwehrwart und ein Mitglied der Wehrf\u00fchrung der Einsatzabteilung. <\/p>\n\n\n\n<p>Im Folgenden werden wir die verschiedenen Sparten unseres Vereins sowie Vorstand und Ausschuss genauer vorstellen. <\/p>\n","protected":false},"excerpt":{"rendered":"<p>Um die Aktivit\u00e4ten unserer Jugendfeuerwehr und Einsatzabteilung zu unterst\u00fctzen sowie am kulturellen Leben unserer Ortsgemeinde teilzunehmen gibt es auch einen Feuerwehrverein, die Kameradschaftliche Vereinigung Freiwillige Feuerwehr Jockgrim e.V., zu welchem [&hellip;]<\/p>\n","protected":false},"author":2,"featured_media":0,"parent":0,"menu_order":0,"comment_status":"closed","ping_status":"closed","template":"","meta":{"_acf_changed":false,"footnotes":""},"class_list":["post-928","page","type-page","status-publish","hentry"],"acf":[],"_links":{"self":[{"href":"https:\/\/www.feuerwehr-jockgrim.de\/index.php?rest_route=\/wp\/v2\/pages\/928","targetHints":{"allow":["GET"]}}],"collection":[{"href":"https:\/\/www.feuerwehr-jockgrim.de\/index.php?rest_route=\/wp\/v2\/pages"}],"about":[{"href":"https:\/\/www.feuerwehr-jockgrim.de\/index.php?rest_route=\/wp\/v2\/types\/page"}],"author":[{"embeddable":true,"href":"https:\/\/www.feuerwehr-jockgrim.de\/index.php?rest_route=\/wp\/v2\/users\/2"}],"replies":[{"embeddable":true,"href":"https:\/\/www.feuerwehr-jockgrim.de\/index.php?rest_route=%2Fwp%2Fv2%2Fcomments&post=928"}],"version-history":[{"count":3,"href":"https:\/\/www.feuerwehr-jockgrim.de\/index.php?rest_route=\/wp\/v2\/pages\/928\/revisions"}],"predecessor-version":[{"id":2477,"href":"https:\/\/www.feuerwehr-jockgrim.de\/index.php?rest_route=\/wp\/v2\/pages\/928\/revisions\/2477"}],"wp:attachment":[{"href":"https:\/\/www.feuerwehr-jockgrim.de\/index.php?rest_route=%2Fwp%2Fv2%2Fmedia&parent=928"}],"curies":[{"name":"wp","href":"https:\/\/api.w.org\/{rel}","templated":true}]}}