{"id":91,"date":"2022-11-17T17:23:11","date_gmt":"2022-11-17T16:23:11","guid":{"rendered":"http:\/\/feuerwehr-jockgrim.org\/?page_id=91"},"modified":"2026-02-15T16:28:58","modified_gmt":"2026-02-15T15:28:58","slug":"ausbildung","status":"publish","type":"page","link":"https:\/\/www.feuerwehr-jockgrim.de\/?page_id=91","title":{"rendered":"Ausbildung"},"content":{"rendered":"\n<p>Neben der j\u00e4hrlichen Truppmann-Teil-1-Ausbildung in unserem Ger\u00e4tehaus finden das ganze Jahr \u00fcber abwechslungsreiche \u00dcbungs- und Ausbildungsdienste statt. So stellen wir sicher, dass unsere Einsatzkr\u00e4fte jederzeit bestens vorbereitet sind.<\/p>\n\n\n\n<h2 class=\"wp-block-heading\" id=\"unsere-ausbildungs--und-bungsdienste\">Unsere Ausbildungs- und \u00dcbungsdienste<\/h2>\n\n\n\n<ul class=\"wp-block-list\">\n<li>Regelm\u00e4\u00dfige Ausbildungs- und \u00dcbungsabende im Ger\u00e4tehaus<\/li>\n\n\n\n<li>Vertiefung der Grundlagen aus der Truppmann-Ausbildung<\/li>\n\n\n\n<li>Praktische \u00dcbungen zu Einsatztaktik, Ger\u00e4tekunde und Zusammenarbeit im Trupp<\/li>\n\n\n\n<li>Ausbildung mit den umliegenden Drehleitern (Hubrettungsfahrzeuge, Anleiterkonzepte, Menschenrettung aus H\u00f6hen)<\/li>\n\n\n\n<li>Vegetationsbrandausbildung (Taktik im Gel\u00e4nde, Wasserversorgung \u00fcber lange Wegstrecken, spezielle Ger\u00e4te f\u00fcr Wald- und Fl\u00e4chenbr\u00e4nde)<\/li>\n\n\n\n<li>Realbrandausbildungen in Brand\u00fcbungsanlagen zur realit\u00e4tsnahen Schulung unter Hitze und Rauch<\/li>\n\n\n\n<li>Regelm\u00e4\u00dfige Trainings unserer Absturzsicherungseinheit (Arbeiten im absturzgef\u00e4hrdeten Bereich, Sicherungstechnik, Rettung aus H\u00f6hen und Tiefen)<\/li>\n<\/ul>\n\n\n\n<figure class=\"wp-block-gallery has-nested-images columns-default is-cropped wp-block-gallery-1 is-layout-flex wp-block-gallery-is-layout-flex\">\n<figure class=\"wp-block-image size-large\"><img loading=\"lazy\" decoding=\"async\" width=\"681\" height=\"1024\" data-id=\"2587\" src=\"https:\/\/www.feuerwehr-jockgrim.de\/wp-content\/uploads\/2026\/02\/BOS7076-1-681x1024.jpg\" alt=\"\" class=\"wp-image-2587\" srcset=\"https:\/\/www.feuerwehr-jockgrim.de\/wp-content\/uploads\/2026\/02\/BOS7076-1-681x1024.jpg 681w, https:\/\/www.feuerwehr-jockgrim.de\/wp-content\/uploads\/2026\/02\/BOS7076-1-200x300.jpg 200w, https:\/\/www.feuerwehr-jockgrim.de\/wp-content\/uploads\/2026\/02\/BOS7076-1-768x1154.jpg 768w, https:\/\/www.feuerwehr-jockgrim.de\/wp-content\/uploads\/2026\/02\/BOS7076-1-1022x1536.jpg 1022w, https:\/\/www.feuerwehr-jockgrim.de\/wp-content\/uploads\/2026\/02\/BOS7076-1-1363x2048.jpg 1363w, https:\/\/www.feuerwehr-jockgrim.de\/wp-content\/uploads\/2026\/02\/BOS7076-1-scaled.jpg 1704w\" sizes=\"auto, (max-width: 681px) 100vw, 681px\" \/><\/figure>\n\n\n\n<figure class=\"wp-block-image size-large\"><img loading=\"lazy\" decoding=\"async\" width=\"683\" height=\"1024\" data-id=\"2581\" src=\"https:\/\/www.feuerwehr-jockgrim.de\/wp-content\/uploads\/2026\/02\/BOS7865-683x1024.jpg\" alt=\"\" class=\"wp-image-2581\" srcset=\"https:\/\/www.feuerwehr-jockgrim.de\/wp-content\/uploads\/2026\/02\/BOS7865-683x1024.jpg 683w, https:\/\/www.feuerwehr-jockgrim.de\/wp-content\/uploads\/2026\/02\/BOS7865-200x300.jpg 200w, https:\/\/www.feuerwehr-jockgrim.de\/wp-content\/uploads\/2026\/02\/BOS7865-768x1152.jpg 768w, https:\/\/www.feuerwehr-jockgrim.de\/wp-content\/uploads\/2026\/02\/BOS7865-1024x1536.jpg 1024w, https:\/\/www.feuerwehr-jockgrim.de\/wp-content\/uploads\/2026\/02\/BOS7865-1365x2048.jpg 1365w, https:\/\/www.feuerwehr-jockgrim.de\/wp-content\/uploads\/2026\/02\/BOS7865-scaled.jpg 1707w\" sizes=\"auto, (max-width: 683px) 100vw, 683px\" \/><\/figure>\n\n\n\n<figure class=\"wp-block-image size-large\"><img loading=\"lazy\" decoding=\"async\" width=\"683\" height=\"1024\" data-id=\"2588\" src=\"https:\/\/www.feuerwehr-jockgrim.de\/wp-content\/uploads\/2026\/02\/BOS7654-683x1024.jpg\" alt=\"\" class=\"wp-image-2588\" srcset=\"https:\/\/www.feuerwehr-jockgrim.de\/wp-content\/uploads\/2026\/02\/BOS7654-683x1024.jpg 683w, https:\/\/www.feuerwehr-jockgrim.de\/wp-content\/uploads\/2026\/02\/BOS7654-200x300.jpg 200w, https:\/\/www.feuerwehr-jockgrim.de\/wp-content\/uploads\/2026\/02\/BOS7654-768x1152.jpg 768w, https:\/\/www.feuerwehr-jockgrim.de\/wp-content\/uploads\/2026\/02\/BOS7654-1024x1536.jpg 1024w, https:\/\/www.feuerwehr-jockgrim.de\/wp-content\/uploads\/2026\/02\/BOS7654-1365x2048.jpg 1365w, https:\/\/www.feuerwehr-jockgrim.de\/wp-content\/uploads\/2026\/02\/BOS7654-scaled.jpg 1707w\" sizes=\"auto, (max-width: 683px) 100vw, 683px\" \/><\/figure>\n\n\n\n<figure class=\"wp-block-image size-large\"><img loading=\"lazy\" decoding=\"async\" width=\"1024\" height=\"683\" data-id=\"2582\" src=\"https:\/\/www.feuerwehr-jockgrim.de\/wp-content\/uploads\/2026\/02\/BOS8071-1-1024x683.jpg\" alt=\"\" class=\"wp-image-2582\" srcset=\"https:\/\/www.feuerwehr-jockgrim.de\/wp-content\/uploads\/2026\/02\/BOS8071-1-1024x683.jpg 1024w, https:\/\/www.feuerwehr-jockgrim.de\/wp-content\/uploads\/2026\/02\/BOS8071-1-300x200.jpg 300w, https:\/\/www.feuerwehr-jockgrim.de\/wp-content\/uploads\/2026\/02\/BOS8071-1-768x512.jpg 768w, https:\/\/www.feuerwehr-jockgrim.de\/wp-content\/uploads\/2026\/02\/BOS8071-1-1536x1024.jpg 1536w, https:\/\/www.feuerwehr-jockgrim.de\/wp-content\/uploads\/2026\/02\/BOS8071-1-2048x1365.jpg 2048w\" sizes=\"auto, (max-width: 1024px) 100vw, 1024px\" \/><\/figure>\n\n\n\n<figure class=\"wp-block-image size-large\"><img loading=\"lazy\" decoding=\"async\" width=\"1024\" height=\"683\" data-id=\"2584\" src=\"https:\/\/www.feuerwehr-jockgrim.de\/wp-content\/uploads\/2026\/02\/BOS7748-1024x683.jpg\" alt=\"\" class=\"wp-image-2584\" srcset=\"https:\/\/www.feuerwehr-jockgrim.de\/wp-content\/uploads\/2026\/02\/BOS7748-1024x683.jpg 1024w, https:\/\/www.feuerwehr-jockgrim.de\/wp-content\/uploads\/2026\/02\/BOS7748-300x200.jpg 300w, https:\/\/www.feuerwehr-jockgrim.de\/wp-content\/uploads\/2026\/02\/BOS7748-768x512.jpg 768w, https:\/\/www.feuerwehr-jockgrim.de\/wp-content\/uploads\/2026\/02\/BOS7748-1536x1024.jpg 1536w, https:\/\/www.feuerwehr-jockgrim.de\/wp-content\/uploads\/2026\/02\/BOS7748-2048x1365.jpg 2048w\" sizes=\"auto, (max-width: 1024px) 100vw, 1024px\" \/><\/figure>\n\n\n\n<figure class=\"wp-block-image size-large\"><img loading=\"lazy\" decoding=\"async\" width=\"1024\" height=\"683\" data-id=\"2586\" src=\"https:\/\/www.feuerwehr-jockgrim.de\/wp-content\/uploads\/2026\/02\/BOS7024-1-1024x683.jpg\" alt=\"\" class=\"wp-image-2586\" srcset=\"https:\/\/www.feuerwehr-jockgrim.de\/wp-content\/uploads\/2026\/02\/BOS7024-1-1024x683.jpg 1024w, https:\/\/www.feuerwehr-jockgrim.de\/wp-content\/uploads\/2026\/02\/BOS7024-1-300x200.jpg 300w, https:\/\/www.feuerwehr-jockgrim.de\/wp-content\/uploads\/2026\/02\/BOS7024-1-768x512.jpg 768w, https:\/\/www.feuerwehr-jockgrim.de\/wp-content\/uploads\/2026\/02\/BOS7024-1-1536x1024.jpg 1536w, https:\/\/www.feuerwehr-jockgrim.de\/wp-content\/uploads\/2026\/02\/BOS7024-1-2048x1365.jpg 2048w\" sizes=\"auto, (max-width: 1024px) 100vw, 1024px\" \/><\/figure>\n\n\n\n<figure class=\"wp-block-image size-large\"><img loading=\"lazy\" decoding=\"async\" width=\"1024\" height=\"683\" data-id=\"2589\" src=\"https:\/\/www.feuerwehr-jockgrim.de\/wp-content\/uploads\/2026\/02\/BOS6979-1024x683.jpg\" alt=\"\" class=\"wp-image-2589\" srcset=\"https:\/\/www.feuerwehr-jockgrim.de\/wp-content\/uploads\/2026\/02\/BOS6979-1024x683.jpg 1024w, https:\/\/www.feuerwehr-jockgrim.de\/wp-content\/uploads\/2026\/02\/BOS6979-300x200.jpg 300w, https:\/\/www.feuerwehr-jockgrim.de\/wp-content\/uploads\/2026\/02\/BOS6979-768x512.jpg 768w, https:\/\/www.feuerwehr-jockgrim.de\/wp-content\/uploads\/2026\/02\/BOS6979-1536x1024.jpg 1536w, https:\/\/www.feuerwehr-jockgrim.de\/wp-content\/uploads\/2026\/02\/BOS6979-2048x1365.jpg 2048w\" sizes=\"auto, (max-width: 1024px) 100vw, 1024px\" \/><\/figure>\n\n\n\n<figure class=\"wp-block-image size-large\"><img loading=\"lazy\" decoding=\"async\" width=\"1024\" height=\"683\" data-id=\"2590\" src=\"https:\/\/www.feuerwehr-jockgrim.de\/wp-content\/uploads\/2026\/02\/BOS6941-1024x683.jpg\" alt=\"\" class=\"wp-image-2590\" srcset=\"https:\/\/www.feuerwehr-jockgrim.de\/wp-content\/uploads\/2026\/02\/BOS6941-1024x683.jpg 1024w, https:\/\/www.feuerwehr-jockgrim.de\/wp-content\/uploads\/2026\/02\/BOS6941-300x200.jpg 300w, https:\/\/www.feuerwehr-jockgrim.de\/wp-content\/uploads\/2026\/02\/BOS6941-768x512.jpg 768w, https:\/\/www.feuerwehr-jockgrim.de\/wp-content\/uploads\/2026\/02\/BOS6941-1536x1024.jpg 1536w, https:\/\/www.feuerwehr-jockgrim.de\/wp-content\/uploads\/2026\/02\/BOS6941-2048x1365.jpg 2048w\" sizes=\"auto, (max-width: 1024px) 100vw, 1024px\" \/><\/figure>\n\n\n\n<figure class=\"wp-block-image size-large\"><img loading=\"lazy\" decoding=\"async\" width=\"1024\" height=\"683\" data-id=\"2591\" src=\"https:\/\/www.feuerwehr-jockgrim.de\/wp-content\/uploads\/2026\/02\/BOS6967-1024x683.jpg\" alt=\"\" class=\"wp-image-2591\" srcset=\"https:\/\/www.feuerwehr-jockgrim.de\/wp-content\/uploads\/2026\/02\/BOS6967-1024x683.jpg 1024w, https:\/\/www.feuerwehr-jockgrim.de\/wp-content\/uploads\/2026\/02\/BOS6967-300x200.jpg 300w, https:\/\/www.feuerwehr-jockgrim.de\/wp-content\/uploads\/2026\/02\/BOS6967-768x512.jpg 768w, https:\/\/www.feuerwehr-jockgrim.de\/wp-content\/uploads\/2026\/02\/BOS6967-1536x1024.jpg 1536w, https:\/\/www.feuerwehr-jockgrim.de\/wp-content\/uploads\/2026\/02\/BOS6967-2048x1365.jpg 2048w\" sizes=\"auto, (max-width: 1024px) 100vw, 1024px\" \/><\/figure>\n<\/figure>\n\n\n\n<p><\/p>\n\n\n\n<p><\/p>\n\n\n\n<p><\/p>\n","protected":false},"excerpt":{"rendered":"<p>Neben der j\u00e4hrlichen Truppmann-Teil-1-Ausbildung in unserem Ger\u00e4tehaus finden das ganze Jahr \u00fcber abwechslungsreiche \u00dcbungs- und Ausbildungsdienste statt. So stellen wir sicher, dass unsere Einsatzkr\u00e4fte jederzeit bestens vorbereitet sind. Unsere Ausbildungs- [&hellip;]<\/p>\n","protected":false},"author":2,"featured_media":0,"parent":0,"menu_order":0,"comment_status":"closed","ping_status":"closed","template":"","meta":{"_acf_changed":false,"footnotes":""},"class_list":["post-91","page","type-page","status-publish","hentry"],"acf":[],"_links":{"self":[{"href":"https:\/\/www.feuerwehr-jockgrim.de\/index.php?rest_route=\/wp\/v2\/pages\/91","targetHints":{"allow":["GET"]}}],"collection":[{"href":"https:\/\/www.feuerwehr-jockgrim.de\/index.php?rest_route=\/wp\/v2\/pages"}],"about":[{"href":"https:\/\/www.feuerwehr-jockgrim.de\/index.php?rest_route=\/wp\/v2\/types\/page"}],"author":[{"embeddable":true,"href":"https:\/\/www.feuerwehr-jockgrim.de\/index.php?rest_route=\/wp\/v2\/users\/2"}],"replies":[{"embeddable":true,"href":"https:\/\/www.feuerwehr-jockgrim.de\/index.php?rest_route=%2Fwp%2Fv2%2Fcomments&post=91"}],"version-history":[{"count":11,"href":"https:\/\/www.feuerwehr-jockgrim.de\/index.php?rest_route=\/wp\/v2\/pages\/91\/revisions"}],"predecessor-version":[{"id":2592,"href":"https:\/\/www.feuerwehr-jockgrim.de\/index.php?rest_route=\/wp\/v2\/pages\/91\/revisions\/2592"}],"wp:attachment":[{"href":"https:\/\/www.feuerwehr-jockgrim.de\/index.php?rest_route=%2Fwp%2Fv2%2Fmedia&parent=91"}],"curies":[{"name":"wp","href":"https:\/\/api.w.org\/{rel}","templated":true}]}}