{"id":853,"date":"2022-12-02T21:02:57","date_gmt":"2022-12-02T20:02:57","guid":{"rendered":"https:\/\/www.feuerwehr-jockgrim.de\/?page_id=853"},"modified":"2025-05-31T18:36:24","modified_gmt":"2025-05-31T16:36:24","slug":"mitmachen","status":"publish","type":"page","link":"https:\/\/www.feuerwehr-jockgrim.de\/?page_id=853","title":{"rendered":"Mitmachen"},"content":{"rendered":"\n<p>Du interessierst dich f\u00fcr ein abwechslungsreiches und interessantes Ehrenamt, wie kein anderes? <br>Du willst mit uns im Team gemeinsam anpacken, wenn es darauf ankommt, genau am richtigen Ort und an der richtigen Stelle?<br>Du willst mit deiner T\u00e4tigkeit und deinen K\u00f6nnen Menschen und Tiere in der Not helfen?<br><strong>Dann bist du bei uns genau richtig!<\/strong><\/p>\n\n\n\n<p>Wir sind als Gemeinschaft und als Team gemeinsam die &#8222;Feuerwehr&#8220;. Dar\u00fcber hinaus organisieren wir uns auch als Feuerwehrverein f\u00fcr mehr.<\/p>\n\n\n\n<h2 class=\"wp-block-heading\">Wie wird man Feuerwehrmann bzw. Feuerwehrfrau?<\/h2>\n\n\n\n<p>Das ist einfach! Melde dich und schreib uns einfach an. Jeden Montag kurz vor 19:00 Uhr treffen wir uns zur Feuerwehr\u00fcbung. <br>Zus\u00e4tzlich zu den Feuerwehr\u00fcbungen findet j\u00e4hrlich ein Grundausbildungslehrgang in zwei Teilen statt. Nach bestandenen Grundausbildungslehrgang Teil 1 und Teil 2 darf man am Einsatzdienst teilnehmen.<\/p>\n\n\n\n<p>Dar\u00fcber hinaus kann man auch an weiteren Lehrg\u00e4ngen teilnehmen und sich weiter spezialisieren.<\/p>\n\n\n\n<p>Beispiele:<\/p>\n\n\n\n<ul class=\"wp-block-list\">\n<li>Truppf\u00fchrer<\/li>\n\n\n\n<li>Atemschutzger\u00e4tetr\u00e4ger<\/li>\n\n\n\n<li>Maschinist<\/li>\n\n\n\n<li>Technische Hilfe<\/li>\n\n\n\n<li>Brandbek\u00e4mpfung<\/li>\n\n\n\n<li>Bootsf\u00fchrer<\/li>\n\n\n\n<li>Absturzsicherung<\/li>\n\n\n\n<li>Gefahrgut<\/li>\n\n\n\n<li>Einsatzleitunterst\u00fctzung und Feuerwehreinsatzzentrale (FEZ)<\/li>\n\n\n\n<li>Ger\u00e4tewart<\/li>\n\n\n\n<li>Kettens\u00e4genf\u00fchrer<\/li>\n\n\n\n<li>F\u00fchrungsdienst<\/li>\n<\/ul>\n\n\n\n<p>Die pers\u00f6nliche Schutzkleidung bekommst du von uns gestellt.<br>Grundvoraussetzung ist mindestens 16 Jahre alt und gesundheitlich &#8222;Feuerwehrtauglich&#8220;.<\/p>\n\n\n\n<p>Bist du interessiert aber noch unter 16 Jahre? Dann bist du ab 10 Jahren gerne bei unserer <a href=\"https:\/\/www.feuerwehr-jockgrim.de\/?page_id=17\" data-type=\"page\" data-id=\"17\">Jugendfeuerwehr <\/a>willkommen. Die Jugendfeuerwehr Jockgrim trifft sich jeden Freitag 18:00 Uhr am Feuerwehrger\u00e4tehaus. <\/p>\n\n\n\n<p>J\u00fcnger als 10 Jahre? Kein Problem, die Feuerwehr Neupotz bietet auch eine Bambini-Gruppe an, die allen 6-10 J\u00e4hrigen aus der Verbandsgemeinde offen steht. <\/p>\n\n\n\n<h2 class=\"wp-block-heading\">Immer noch nicht genug? Kein Problem<\/h2>\n\n\n\n<p>Als Gemeinschaft organisieren wir uns als Feuerwehrverein. Hier steht die Kameradschaft im Vordergrund. Wir nehmen an Festen, wie z.B. Hinterst\u00e4delfest oder dem Knuspermarkt mit einen eigenen Stand teil und organisieren j\u00e4hrlich ein Grillfest. Man mu\u00df nicht dem Einsatzdienst (aktiven Wehr) angeh\u00f6ren um hier mitzumachen.<\/p>\n\n\n\n<ul class=\"wp-block-list\">\n<li>Gemeinschaft aktive Wehr<\/li>\n\n\n\n<li>Spielmanns- und Fanfarenzug<\/li>\n\n\n\n<li>Guggenmusikgruppe &#8222;Feierbatscher&#8220;<\/li>\n\n\n\n<li>Frauenfeuerwehrballett (Tanzgruppe und B\u00fchnenshows)<\/li>\n\n\n\n<li>Jugendfeuerwehr<\/li>\n\n\n\n<li>Alterskameradschaft<\/li>\n<\/ul>\n\n\n\n<p>Interesse? Schreib uns!<\/p>\n\n\n\n<figure class=\"wp-block-image size-full\"><img loading=\"lazy\" decoding=\"async\" width=\"232\" height=\"23\" src=\"https:\/\/www.feuerwehr-jockgrim.de\/wp-content\/uploads\/2022\/11\/mail.png\" alt=\"\" class=\"wp-image-697\"\/><\/figure>\n","protected":false},"excerpt":{"rendered":"<p>Du interessierst dich f\u00fcr ein abwechslungsreiches und interessantes Ehrenamt, wie kein anderes? Du willst mit uns im Team gemeinsam anpacken, wenn es darauf ankommt, genau am richtigen Ort und an [&hellip;]<\/p>\n","protected":false},"author":1,"featured_media":0,"parent":0,"menu_order":0,"comment_status":"closed","ping_status":"closed","template":"","meta":{"_acf_changed":false,"footnotes":""},"class_list":["post-853","page","type-page","status-publish","hentry"],"acf":[],"_links":{"self":[{"href":"https:\/\/www.feuerwehr-jockgrim.de\/index.php?rest_route=\/wp\/v2\/pages\/853","targetHints":{"allow":["GET"]}}],"collection":[{"href":"https:\/\/www.feuerwehr-jockgrim.de\/index.php?rest_route=\/wp\/v2\/pages"}],"about":[{"href":"https:\/\/www.feuerwehr-jockgrim.de\/index.php?rest_route=\/wp\/v2\/types\/page"}],"author":[{"embeddable":true,"href":"https:\/\/www.feuerwehr-jockgrim.de\/index.php?rest_route=\/wp\/v2\/users\/1"}],"replies":[{"embeddable":true,"href":"https:\/\/www.feuerwehr-jockgrim.de\/index.php?rest_route=%2Fwp%2Fv2%2Fcomments&post=853"}],"version-history":[{"count":23,"href":"https:\/\/www.feuerwehr-jockgrim.de\/index.php?rest_route=\/wp\/v2\/pages\/853\/revisions"}],"predecessor-version":[{"id":2064,"href":"https:\/\/www.feuerwehr-jockgrim.de\/index.php?rest_route=\/wp\/v2\/pages\/853\/revisions\/2064"}],"wp:attachment":[{"href":"https:\/\/www.feuerwehr-jockgrim.de\/index.php?rest_route=%2Fwp%2Fv2%2Fmedia&parent=853"}],"curies":[{"name":"wp","href":"https:\/\/api.w.org\/{rel}","templated":true}]}}