{"id":83,"date":"2022-11-17T17:17:46","date_gmt":"2022-11-17T16:17:46","guid":{"rendered":"http:\/\/feuerwehr-jockgrim.org\/?page_id=83"},"modified":"2025-07-01T14:28:33","modified_gmt":"2025-07-01T12:28:33","slug":"fahrzeuge","status":"publish","type":"page","link":"https:\/\/www.feuerwehr-jockgrim.de\/?page_id=83","title":{"rendered":"Fahrzeuge"},"content":{"rendered":"\n<p>Das wir als Feuerwehr auf Fahrzeuge angewiesen sind ist selbstverst\u00e4ndlich. Als St\u00fctzpunktfeuerwehr sowie als Ortsfeuerwehr einer gr\u00f6\u00dferen Ortsgemeinde besitzen wir dabei auch eine gr\u00f6\u00dfere Vielfalt an Fahrzeugen, welche auf unsere Bed\u00fcrfnisse zugeschnitten sind und dazu in der Lage sind die vielf\u00e4ltigen Aufgaben unserer Feuerwehr zu bew\u00e4ltigen.<br>Dazu geh\u00f6rt auch der Grundsatz das Feuerwehrfahrzeuge \u00fcblicherweise Einzelst\u00fccke sind. <\/p>\n\n\n\n<p>Unsere Fahrzeuge werden wir Ihnen nun auf den folgenden Seiten vorstellen.<\/p>\n\n\n\n<figure class=\"wp-block-gallery has-nested-images columns-default is-cropped wp-block-gallery-1 is-layout-flex wp-block-gallery-is-layout-flex\">\n<figure class=\"wp-block-image size-large\"><a href=\"https:\/\/www.feuerwehr-jockgrim.de\/?page_id=111\"><img loading=\"lazy\" decoding=\"async\" width=\"1024\" height=\"683\" data-id=\"594\" src=\"https:\/\/www.feuerwehr-jockgrim.de\/wp-content\/uploads\/2022\/11\/1ELW.jpg\" alt=\"\" class=\"wp-image-594\" srcset=\"https:\/\/www.feuerwehr-jockgrim.de\/wp-content\/uploads\/2022\/11\/1ELW.jpg 1024w, https:\/\/www.feuerwehr-jockgrim.de\/wp-content\/uploads\/2022\/11\/1ELW-300x200.jpg 300w, https:\/\/www.feuerwehr-jockgrim.de\/wp-content\/uploads\/2022\/11\/1ELW-768x512.jpg 768w\" sizes=\"auto, (max-width: 1024px) 100vw, 1024px\" \/><\/a><figcaption class=\"wp-element-caption\"><a href=\"https:\/\/www.feuerwehr-jockgrim.de\/?page_id=111\" data-type=\"page\" data-id=\"111\">ELW 1<\/a> <\/figcaption><\/figure>\n\n\n\n<figure class=\"wp-block-image size-large\"><a href=\"https:\/\/www.feuerwehr-jockgrim.de\/?page_id=108\"><img loading=\"lazy\" decoding=\"async\" width=\"1024\" height=\"617\" data-id=\"606\" src=\"https:\/\/www.feuerwehr-jockgrim.de\/wp-content\/uploads\/2022\/11\/IMG_6294-1024x617.jpg\" alt=\"\" class=\"wp-image-606\" srcset=\"https:\/\/www.feuerwehr-jockgrim.de\/wp-content\/uploads\/2022\/11\/IMG_6294-1024x617.jpg 1024w, https:\/\/www.feuerwehr-jockgrim.de\/wp-content\/uploads\/2022\/11\/IMG_6294-300x181.jpg 300w, https:\/\/www.feuerwehr-jockgrim.de\/wp-content\/uploads\/2022\/11\/IMG_6294-768x463.jpg 768w, https:\/\/www.feuerwehr-jockgrim.de\/wp-content\/uploads\/2022\/11\/IMG_6294-1536x925.jpg 1536w, https:\/\/www.feuerwehr-jockgrim.de\/wp-content\/uploads\/2022\/11\/IMG_6294-2048x1233.jpg 2048w\" sizes=\"auto, (max-width: 1024px) 100vw, 1024px\" \/><\/a><figcaption class=\"wp-element-caption\"><a href=\"https:\/\/www.feuerwehr-jockgrim.de\/?page_id=108\" data-type=\"page\" data-id=\"108\">HLF 20<\/a><\/figcaption><\/figure>\n\n\n\n<figure class=\"wp-block-image size-large\"><a href=\"https:\/\/www.feuerwehr-jockgrim.de\/?page_id=117\"><img loading=\"lazy\" decoding=\"async\" width=\"960\" height=\"640\" data-id=\"636\" src=\"https:\/\/www.feuerwehr-jockgrim.de\/wp-content\/uploads\/2022\/11\/116263280_2691101324496108_7652212106526370960_n.jpg\" alt=\"\" class=\"wp-image-636\" srcset=\"https:\/\/www.feuerwehr-jockgrim.de\/wp-content\/uploads\/2022\/11\/116263280_2691101324496108_7652212106526370960_n.jpg 960w, https:\/\/www.feuerwehr-jockgrim.de\/wp-content\/uploads\/2022\/11\/116263280_2691101324496108_7652212106526370960_n-300x200.jpg 300w, https:\/\/www.feuerwehr-jockgrim.de\/wp-content\/uploads\/2022\/11\/116263280_2691101324496108_7652212106526370960_n-768x512.jpg 768w\" sizes=\"auto, (max-width: 960px) 100vw, 960px\" \/><\/a><figcaption class=\"wp-element-caption\"><a href=\"https:\/\/www.feuerwehr-jockgrim.de\/?page_id=117\" data-type=\"page\" data-id=\"117\">MLF<\/a><\/figcaption><\/figure>\n\n\n\n<figure class=\"wp-block-image size-large\"><a href=\"https:\/\/www.feuerwehr-jockgrim.de\/?page_id=125\"><img loading=\"lazy\" decoding=\"async\" width=\"1024\" height=\"588\" data-id=\"632\" src=\"https:\/\/www.feuerwehr-jockgrim.de\/wp-content\/uploads\/2022\/11\/IMG_6266-1024x588.jpg\" alt=\"\" class=\"wp-image-632\" srcset=\"https:\/\/www.feuerwehr-jockgrim.de\/wp-content\/uploads\/2022\/11\/IMG_6266-1024x588.jpg 1024w, https:\/\/www.feuerwehr-jockgrim.de\/wp-content\/uploads\/2022\/11\/IMG_6266-300x172.jpg 300w, https:\/\/www.feuerwehr-jockgrim.de\/wp-content\/uploads\/2022\/11\/IMG_6266-768x441.jpg 768w, https:\/\/www.feuerwehr-jockgrim.de\/wp-content\/uploads\/2022\/11\/IMG_6266-1536x882.jpg 1536w, https:\/\/www.feuerwehr-jockgrim.de\/wp-content\/uploads\/2022\/11\/IMG_6266-2048x1177.jpg 2048w\" sizes=\"auto, (max-width: 1024px) 100vw, 1024px\" \/><\/a><figcaption class=\"wp-element-caption\"><a href=\"https:\/\/www.feuerwehr-jockgrim.de\/?page_id=125\" data-type=\"page\" data-id=\"125\">MZF 2<\/a><\/figcaption><\/figure>\n\n\n\n<figure class=\"wp-block-image size-large\"><a href=\"https:\/\/www.feuerwehr-jockgrim.de\/?page_id=120\"><img loading=\"lazy\" decoding=\"async\" width=\"1024\" height=\"689\" data-id=\"628\" src=\"https:\/\/www.feuerwehr-jockgrim.de\/wp-content\/uploads\/2022\/11\/1mzf1.jpg\" alt=\"\" class=\"wp-image-628\" srcset=\"https:\/\/www.feuerwehr-jockgrim.de\/wp-content\/uploads\/2022\/11\/1mzf1.jpg 1024w, https:\/\/www.feuerwehr-jockgrim.de\/wp-content\/uploads\/2022\/11\/1mzf1-300x202.jpg 300w, https:\/\/www.feuerwehr-jockgrim.de\/wp-content\/uploads\/2022\/11\/1mzf1-768x517.jpg 768w\" sizes=\"auto, (max-width: 1024px) 100vw, 1024px\" \/><\/a><figcaption class=\"wp-element-caption\"><br><a href=\"https:\/\/www.feuerwehr-jockgrim.de\/?page_id=120\">MZF 1<\/a><\/figcaption><\/figure>\n\n\n\n<figure class=\"wp-block-image size-large\"><a href=\"https:\/\/www.feuerwehr-jockgrim.de\/?page_id=129\"><img loading=\"lazy\" decoding=\"async\" width=\"1024\" height=\"543\" data-id=\"634\" src=\"https:\/\/www.feuerwehr-jockgrim.de\/wp-content\/uploads\/2022\/11\/IMG_6357-1024x543.jpg\" alt=\"\" class=\"wp-image-634\" srcset=\"https:\/\/www.feuerwehr-jockgrim.de\/wp-content\/uploads\/2022\/11\/IMG_6357-1024x543.jpg 1024w, https:\/\/www.feuerwehr-jockgrim.de\/wp-content\/uploads\/2022\/11\/IMG_6357-300x159.jpg 300w, https:\/\/www.feuerwehr-jockgrim.de\/wp-content\/uploads\/2022\/11\/IMG_6357-768x407.jpg 768w, https:\/\/www.feuerwehr-jockgrim.de\/wp-content\/uploads\/2022\/11\/IMG_6357-1536x814.jpg 1536w, https:\/\/www.feuerwehr-jockgrim.de\/wp-content\/uploads\/2022\/11\/IMG_6357-2048x1085.jpg 2048w\" sizes=\"auto, (max-width: 1024px) 100vw, 1024px\" \/><\/a><figcaption class=\"wp-element-caption\"><a href=\"https:\/\/www.feuerwehr-jockgrim.de\/?page_id=129\" data-type=\"page\" data-id=\"129\">RTB 2<\/a><\/figcaption><\/figure>\n<\/figure>\n\n\n\n<p><\/p>\n","protected":false},"excerpt":{"rendered":"<p>Das wir als Feuerwehr auf Fahrzeuge angewiesen sind ist selbstverst\u00e4ndlich. Als St\u00fctzpunktfeuerwehr sowie als Ortsfeuerwehr einer gr\u00f6\u00dferen Ortsgemeinde besitzen wir dabei auch eine gr\u00f6\u00dfere Vielfalt an Fahrzeugen, welche auf unsere [&hellip;]<\/p>\n","protected":false},"author":2,"featured_media":0,"parent":0,"menu_order":0,"comment_status":"closed","ping_status":"closed","template":"","meta":{"_acf_changed":false,"footnotes":""},"class_list":["post-83","page","type-page","status-publish","hentry"],"acf":[],"_links":{"self":[{"href":"https:\/\/www.feuerwehr-jockgrim.de\/index.php?rest_route=\/wp\/v2\/pages\/83","targetHints":{"allow":["GET"]}}],"collection":[{"href":"https:\/\/www.feuerwehr-jockgrim.de\/index.php?rest_route=\/wp\/v2\/pages"}],"about":[{"href":"https:\/\/www.feuerwehr-jockgrim.de\/index.php?rest_route=\/wp\/v2\/types\/page"}],"author":[{"embeddable":true,"href":"https:\/\/www.feuerwehr-jockgrim.de\/index.php?rest_route=\/wp\/v2\/users\/2"}],"replies":[{"embeddable":true,"href":"https:\/\/www.feuerwehr-jockgrim.de\/index.php?rest_route=%2Fwp%2Fv2%2Fcomments&post=83"}],"version-history":[{"count":6,"href":"https:\/\/www.feuerwehr-jockgrim.de\/index.php?rest_route=\/wp\/v2\/pages\/83\/revisions"}],"predecessor-version":[{"id":2125,"href":"https:\/\/www.feuerwehr-jockgrim.de\/index.php?rest_route=\/wp\/v2\/pages\/83\/revisions\/2125"}],"wp:attachment":[{"href":"https:\/\/www.feuerwehr-jockgrim.de\/index.php?rest_route=%2Fwp%2Fv2%2Fmedia&parent=83"}],"curies":[{"name":"wp","href":"https:\/\/api.w.org\/{rel}","templated":true}]}}