{"id":698,"date":"2022-11-23T19:57:14","date_gmt":"2022-11-23T18:57:14","guid":{"rendered":"http:\/\/feuerwehr-jockgrim.org\/?page_id=698"},"modified":"2026-01-23T20:40:07","modified_gmt":"2026-01-23T19:40:07","slug":"impressum","status":"publish","type":"page","link":"https:\/\/www.feuerwehr-jockgrim.de\/?page_id=698","title":{"rendered":"Impressum"},"content":{"rendered":"\n<p>Angaben gem\u00e4\u00df \u00a7 5 TMG<\/p>\n\n\n\n<p>Ortsadresse:<br>Freiwillige Feuerwehr Jockgrim<br>Schillerstra\u00dfe 21<br>76751 Jockgrim<br><br>Postzustellf\u00e4hige Adresse:<br>Verbandsgemeindeverwaltung Jockgrim<br>Abteilung Feuerwehr<br>Untere Buchstra\u00dfe 22<br>76751 Jockgrim<br>Telefonnummer VG-Jockgrim: 07271-599-0<\/p>\n\n\n\n<p>Die Freiwillige Feuerwehr Jockgrim ist eine Einrichtung der Verbandsgemeinde Jockgrim. Die Verbandsgemeinde Jockgrim ist eine K\u00f6rperschaft des \u00d6ffentlichen Rechts. Sie wird vertreten durch den Verbandsb\u00fcrgermeister Karl-Dieter W\u00fcnstel.<br><a href=\"http:\/\/www.vg-jockgrim.de\" target=\"_blank\" rel=\"noreferrer noopener\">http:\/\/www.vg-jockgrim.de<\/a><br><br>E-Mail:<\/p>\n\n\n\n<p><a href=\"mailto:information@feuerwehr-jockgrim.de\">information@feuerwehr-jockgrim.de<\/a><\/p>\n\n\n\n<p>Verantwortlich f\u00fcr den Inhalt der Freiwillige Feuerwehr Jockgrim gem\u00e4\u00df \u00a7 5 TMG:<br>Jens Kiekebusch, Wehrf\u00fchrer<\/p>\n\n\n\n<p>Redaktion und Design:<br>Jens Kiekebusch,<br>Christian Sickm\u00fcller<br>Benedikt Endres<\/p>\n\n\n\n<p>Webmaster, &#8222;Presse und Medienarbeit&#8220; und technischer Ansprechpartner:<br>Christian Sickm\u00fcller<\/p>\n\n\n\n<p>Logos und Corporate Identity &#8222;Feuerwehr Jockgrim&#8220;:<br>Benedikt Endres<\/p>\n\n\n\n<h3 class=\"wp-block-heading\">Feuerwehrverein und Domainhaber feuerwehr-jockgrim.de:<\/h3>\n\n\n\n<p>Postzustellf\u00e4hige Adresse:<br>Kameradschaftliche Vereinigung Freiwillige Feuerwehr Jockgrim e.V.<br>Thomas Schehr<br>Goethestra\u00dfe 25<br>76751 Jockgrim<\/p>\n\n\n\n<p>1. Vorsitzender: Thomas Schehr<br>2. Vorsitzender: Michael Rapp<br>3. Vorsitzender: Sven Lutz<br>Kassenwartin: Annalena Rapp<br>Schriftf\u00fchrer: Matthias Brislinger<\/p>\n\n\n\n<p>Vereinszweck:<br>F\u00f6rderung der Feuerwehr durch gesellige Veranstaltungen. Betreuung von allen Mitgliedern in den verschiedenen Gruppen.<\/p>\n\n\n\n<p>Wir \u00fcber uns:<br>Wir setzen uns zusammen aus der Jugendfeuerwehr, der aktiven Wehr, den Mitgliedern des Spielmannzuges, den Feierbatschern und der Tanzgruppe.<\/p>\n\n\n\n<p>Mitgliedsbeitrag:<br>Gruppenbezogen<\/p>\n\n\n\n<p>Registergericht und Registernummer:<br>Amtsgericht Landau, VR 2324<br><br>Verantwortlich f\u00fcr die auf der Webseite feuerwehr-jockgrim.de genannten Inhalte &#8222;Jugendfeuerwehr&#8220; und &#8222;Verein&#8220; gem\u00e4\u00df \u00a7 5 TMG:<br>Thomas Schehr, 1. Vorsitzender<\/p>\n\n\n\n<p>Redaktion und Design :<br>Jens Kiekebusch,<br>Christian Sickm\u00fcller<br>Benedikt Endres<\/p>\n\n\n\n<p>Webmaster, &#8222;Presse und Medienarbeit&#8220; und technischer Ansprechpartner:<br>Christian Sickm\u00fcller<\/p>\n\n\n\n<p>Logos und Corporate Identity &#8222;Feuerwehr Jockgrim&#8220;:<br>Benedikt Endres<\/p>\n\n\n\n<p>E-Mail &#8211; Kontakt:<br><a href=\"mailto:information@feuerwehr-jockgrim.de\">information@feuerwehr-jockgrim.de<\/a><\/p>\n","protected":false},"excerpt":{"rendered":"<p>Angaben gem\u00e4\u00df \u00a7 5 TMG Ortsadresse:Freiwillige Feuerwehr JockgrimSchillerstra\u00dfe 2176751 Jockgrim Postzustellf\u00e4hige Adresse:Verbandsgemeindeverwaltung JockgrimAbteilung FeuerwehrUntere Buchstra\u00dfe 2276751 JockgrimTelefonnummer VG-Jockgrim: 07271-599-0 Die Freiwillige Feuerwehr Jockgrim ist eine Einrichtung der Verbandsgemeinde Jockgrim. Die Verbandsgemeinde Jockgrim ist eine K\u00f6rperschaft des \u00d6ffentlichen Rechts. Sie wird vertreten durch den Verbandsb\u00fcrgermeister Karl-Dieter W\u00fcnstel.http:\/\/www.vg-jockgrim.de E-Mail: information@feuerwehr-jockgrim.de Verantwortlich f\u00fcr den Inhalt der Freiwillige Feuerwehr [&hellip;]<\/p>\n","protected":false},"author":1,"featured_media":0,"parent":0,"menu_order":0,"comment_status":"closed","ping_status":"closed","template":"","meta":{"_acf_changed":false,"footnotes":""},"class_list":["post-698","page","type-page","status-publish","hentry"],"acf":[],"_links":{"self":[{"href":"https:\/\/www.feuerwehr-jockgrim.de\/index.php?rest_route=\/wp\/v2\/pages\/698","targetHints":{"allow":["GET"]}}],"collection":[{"href":"https:\/\/www.feuerwehr-jockgrim.de\/index.php?rest_route=\/wp\/v2\/pages"}],"about":[{"href":"https:\/\/www.feuerwehr-jockgrim.de\/index.php?rest_route=\/wp\/v2\/types\/page"}],"author":[{"embeddable":true,"href":"https:\/\/www.feuerwehr-jockgrim.de\/index.php?rest_route=\/wp\/v2\/users\/1"}],"replies":[{"embeddable":true,"href":"https:\/\/www.feuerwehr-jockgrim.de\/index.php?rest_route=%2Fwp%2Fv2%2Fcomments&post=698"}],"version-history":[{"count":6,"href":"https:\/\/www.feuerwehr-jockgrim.de\/index.php?rest_route=\/wp\/v2\/pages\/698\/revisions"}],"predecessor-version":[{"id":2470,"href":"https:\/\/www.feuerwehr-jockgrim.de\/index.php?rest_route=\/wp\/v2\/pages\/698\/revisions\/2470"}],"wp:attachment":[{"href":"https:\/\/www.feuerwehr-jockgrim.de\/index.php?rest_route=%2Fwp%2Fv2%2Fmedia&parent=698"}],"curies":[{"name":"wp","href":"https:\/\/api.w.org\/{rel}","templated":true}]}}