{"id":690,"date":"2022-11-23T09:06:15","date_gmt":"2022-11-23T08:06:15","guid":{"rendered":"http:\/\/feuerwehr-jockgrim.org\/?page_id=690"},"modified":"2023-08-16T22:22:16","modified_gmt":"2023-08-16T20:22:16","slug":"rc-schlauch","status":"publish","type":"page","link":"https:\/\/www.feuerwehr-jockgrim.de\/?page_id=690","title":{"rendered":"RC Schlauch"},"content":{"rendered":"\n<p>F\u00fcr die Wasserf\u00f6rderung \u00fcber lange Wegstrecken halten wir ingesamt zwei Rollcontainer mit jeweils 25 15m langen B-Druckschl\u00e4uchen (je Rollcontainer insgesamt 375m, beide Rollcontainer zusammen f\u00fchren insgesamt 750m B-Schlauch) vor. <\/p>\n\n\n\n<p>Diese zwei Rollcontainer werden zusammen mit anderen Rollcontainern im Einsatzmittellager bereit gehalten und bei Bedarf auf dem MZF 2 verlastet und zum Einsatz gebracht. Damit ist es m\u00f6glich die Schlauchleitung w\u00e4hrend der langsamen Fahrt aus dem MZF 2 heraus zu verlegen. <\/p>\n\n\n\n<p>Mehr Informationen zum Fahrzeug MZF 2 finden Sie auf der Seite <a href=\"https:\/\/www.feuerwehr-jockgrim.de\/?page_id=125\">MZF 2<\/a><br>Eine \u00dcbersicht \u00fcber alle Rollcontainer erhalten Sie <a href=\"https:\/\/www.feuerwehr-jockgrim.de\/?page_id=539\">hier<\/a><\/p>\n\n\n\n<figure class=\"wp-block-gallery has-nested-images columns-default is-cropped wp-block-gallery-1 is-layout-flex wp-block-gallery-is-layout-flex\">\n<figure class=\"wp-block-image size-large\"><img loading=\"lazy\" decoding=\"async\" width=\"1024\" height=\"683\" data-id=\"692\" src=\"http:\/\/feuerwehr-jockgrim.org\/wp-content\/uploads\/2022\/11\/IMG_8819-1024x683.jpg\" alt=\"\" class=\"wp-image-692\" srcset=\"https:\/\/www.feuerwehr-jockgrim.de\/wp-content\/uploads\/2022\/11\/IMG_8819-1024x683.jpg 1024w, https:\/\/www.feuerwehr-jockgrim.de\/wp-content\/uploads\/2022\/11\/IMG_8819-300x200.jpg 300w, https:\/\/www.feuerwehr-jockgrim.de\/wp-content\/uploads\/2022\/11\/IMG_8819-768x512.jpg 768w, https:\/\/www.feuerwehr-jockgrim.de\/wp-content\/uploads\/2022\/11\/IMG_8819-1536x1024.jpg 1536w, https:\/\/www.feuerwehr-jockgrim.de\/wp-content\/uploads\/2022\/11\/IMG_8819-2048x1365.jpg 2048w\" sizes=\"auto, (max-width: 1024px) 100vw, 1024px\" \/><\/figure>\n\n\n\n<figure class=\"wp-block-image size-large\"><img loading=\"lazy\" decoding=\"async\" width=\"1024\" height=\"683\" data-id=\"691\" src=\"http:\/\/feuerwehr-jockgrim.org\/wp-content\/uploads\/2022\/11\/IMG_8822-1024x683.jpg\" alt=\"\" class=\"wp-image-691\" srcset=\"https:\/\/www.feuerwehr-jockgrim.de\/wp-content\/uploads\/2022\/11\/IMG_8822-1024x683.jpg 1024w, https:\/\/www.feuerwehr-jockgrim.de\/wp-content\/uploads\/2022\/11\/IMG_8822-300x200.jpg 300w, https:\/\/www.feuerwehr-jockgrim.de\/wp-content\/uploads\/2022\/11\/IMG_8822-768x512.jpg 768w, https:\/\/www.feuerwehr-jockgrim.de\/wp-content\/uploads\/2022\/11\/IMG_8822-1536x1024.jpg 1536w, https:\/\/www.feuerwehr-jockgrim.de\/wp-content\/uploads\/2022\/11\/IMG_8822-2048x1365.jpg 2048w\" sizes=\"auto, (max-width: 1024px) 100vw, 1024px\" \/><\/figure>\n<\/figure>\n","protected":false},"excerpt":{"rendered":"<p>F\u00fcr die Wasserf\u00f6rderung \u00fcber lange Wegstrecken halten wir ingesamt zwei Rollcontainer mit jeweils 25 15m langen B-Druckschl\u00e4uchen (je Rollcontainer insgesamt 375m, beide Rollcontainer zusammen f\u00fchren insgesamt 750m B-Schlauch) vor. Diese [&hellip;]<\/p>\n","protected":false},"author":2,"featured_media":0,"parent":0,"menu_order":0,"comment_status":"closed","ping_status":"closed","template":"","meta":{"_acf_changed":false,"footnotes":""},"class_list":["post-690","page","type-page","status-publish","hentry"],"acf":[],"_links":{"self":[{"href":"https:\/\/www.feuerwehr-jockgrim.de\/index.php?rest_route=\/wp\/v2\/pages\/690","targetHints":{"allow":["GET"]}}],"collection":[{"href":"https:\/\/www.feuerwehr-jockgrim.de\/index.php?rest_route=\/wp\/v2\/pages"}],"about":[{"href":"https:\/\/www.feuerwehr-jockgrim.de\/index.php?rest_route=\/wp\/v2\/types\/page"}],"author":[{"embeddable":true,"href":"https:\/\/www.feuerwehr-jockgrim.de\/index.php?rest_route=\/wp\/v2\/users\/2"}],"replies":[{"embeddable":true,"href":"https:\/\/www.feuerwehr-jockgrim.de\/index.php?rest_route=%2Fwp%2Fv2%2Fcomments&post=690"}],"version-history":[{"count":4,"href":"https:\/\/www.feuerwehr-jockgrim.de\/index.php?rest_route=\/wp\/v2\/pages\/690\/revisions"}],"predecessor-version":[{"id":1319,"href":"https:\/\/www.feuerwehr-jockgrim.de\/index.php?rest_route=\/wp\/v2\/pages\/690\/revisions\/1319"}],"wp:attachment":[{"href":"https:\/\/www.feuerwehr-jockgrim.de\/index.php?rest_route=%2Fwp%2Fv2%2Fmedia&parent=690"}],"curies":[{"name":"wp","href":"https:\/\/api.w.org\/{rel}","templated":true}]}}