{"id":676,"date":"2022-11-22T14:41:36","date_gmt":"2022-11-22T13:41:36","guid":{"rendered":"http:\/\/feuerwehr-jockgrim.org\/?page_id=676"},"modified":"2023-07-10T08:54:58","modified_gmt":"2023-07-10T06:54:58","slug":"feuerwehreinsatzzentrale","status":"publish","type":"page","link":"https:\/\/www.feuerwehr-jockgrim.de\/?page_id=676","title":{"rendered":"FEZ &#8211; Feuerwehreinsatzzentrale"},"content":{"rendered":"\n<p>Als St\u00fctzpunktfeuerwehr der Verbandsgemeinde Jockgrim unterhalten wir auch eine Feuerwehreinsatzzentrale, kurz FEZ. Diese \u00fcbernimmt im Alarmfall den Einsatz von der Integrierten Leitstelle und f\u00fchrt die Koordination des Einsatzgeschehens sowie die Nachalarmierung weiterer Kr\u00e4fte auf Seiten der Feuerwehr durch. Die Leitstelle \u00fcbernimmt in diesem Fall lediglich die Koordination der Kr\u00e4fte des Rettungsdienstes. Dieses Vorgehen wird bei allen Eins\u00e4tzen im Gebiet einer Verbandsgemeinde so angewendet. <\/p>\n\n\n\n<p>Besetzt wird die FEZ dabei durch das entsprechend geschultes Personal, welches auch regelm\u00e4\u00dfig \u00fcbt und sich fortbildet, um stets die n\u00f6tige Einsatzpraxis im Umgang mit der Technik zu haben. Die Leitung \u00fcber das FEZ-Personal sowie die FEZ selbst hat der FEZ-Koordinator. Aktuell ist dies Christian Sickm\u00fcller.<\/p>\n\n\n\n<p>Zur Verf\u00fcgung stehen dem FEZ-Personal zwei Computer-Arbeitspl\u00e4tze mit dem Einsatzleitsystem Cobra, welches auch direkt auf die Integrierte Leitstelle in Landau aufgeschaltet ist. Funkseitig sind drei fest verbaute Digitalfunkger\u00e4te sowie ein fest eingebautes Analogfunkger\u00e4t in der FEZ vorhanden, diese sind auf zwei Tischbedieneinheiten aufgeschaltet. Weiterhin verf\u00fcgt die FEZ \u00fcber eine Telefonanlage, einen Digitalen Alarmgeber, einen Multifunktionsdrucker sowie umfangreiches Kartenmaterial.<\/p>\n\n\n\n<figure class=\"wp-block-gallery has-nested-images columns-default is-cropped wp-block-gallery-1 is-layout-flex wp-block-gallery-is-layout-flex\">\n<figure class=\"wp-block-image size-large\"><img loading=\"lazy\" decoding=\"async\" width=\"1024\" height=\"683\" data-id=\"1167\" src=\"https:\/\/www.feuerwehr-jockgrim.de\/wp-content\/uploads\/2023\/04\/IMG_6188-1-1024x683.jpg\" alt=\"\" class=\"wp-image-1167\" srcset=\"https:\/\/www.feuerwehr-jockgrim.de\/wp-content\/uploads\/2023\/04\/IMG_6188-1-1024x683.jpg 1024w, https:\/\/www.feuerwehr-jockgrim.de\/wp-content\/uploads\/2023\/04\/IMG_6188-1-300x200.jpg 300w, https:\/\/www.feuerwehr-jockgrim.de\/wp-content\/uploads\/2023\/04\/IMG_6188-1-768x512.jpg 768w, https:\/\/www.feuerwehr-jockgrim.de\/wp-content\/uploads\/2023\/04\/IMG_6188-1-1536x1024.jpg 1536w, https:\/\/www.feuerwehr-jockgrim.de\/wp-content\/uploads\/2023\/04\/IMG_6188-1-2048x1365.jpg 2048w\" sizes=\"auto, (max-width: 1024px) 100vw, 1024px\" \/><figcaption class=\"wp-element-caption\">Die Arbeitspl\u00e4tze der FEZ<\/figcaption><\/figure>\n\n\n\n<figure class=\"wp-block-image size-large\"><img loading=\"lazy\" decoding=\"async\" width=\"1024\" height=\"683\" data-id=\"1168\" src=\"https:\/\/www.feuerwehr-jockgrim.de\/wp-content\/uploads\/2023\/04\/IMG_6198-1024x683.jpg\" alt=\"\" class=\"wp-image-1168\" srcset=\"https:\/\/www.feuerwehr-jockgrim.de\/wp-content\/uploads\/2023\/04\/IMG_6198-1024x683.jpg 1024w, https:\/\/www.feuerwehr-jockgrim.de\/wp-content\/uploads\/2023\/04\/IMG_6198-300x200.jpg 300w, https:\/\/www.feuerwehr-jockgrim.de\/wp-content\/uploads\/2023\/04\/IMG_6198-768x512.jpg 768w, https:\/\/www.feuerwehr-jockgrim.de\/wp-content\/uploads\/2023\/04\/IMG_6198-1536x1024.jpg 1536w, https:\/\/www.feuerwehr-jockgrim.de\/wp-content\/uploads\/2023\/04\/IMG_6198-2048x1365.jpg 2048w\" sizes=\"auto, (max-width: 1024px) 100vw, 1024px\" \/><\/figure>\n<\/figure>\n\n\n\n<p><\/p>\n","protected":false},"excerpt":{"rendered":"<p>Als St\u00fctzpunktfeuerwehr der Verbandsgemeinde Jockgrim unterhalten wir auch eine Feuerwehreinsatzzentrale, kurz FEZ. Diese \u00fcbernimmt im Alarmfall den Einsatz von der Integrierten Leitstelle und f\u00fchrt die Koordination des Einsatzgeschehens sowie die [&hellip;]<\/p>\n","protected":false},"author":2,"featured_media":0,"parent":0,"menu_order":0,"comment_status":"closed","ping_status":"closed","template":"","meta":{"_acf_changed":false,"footnotes":""},"class_list":["post-676","page","type-page","status-publish","hentry"],"acf":[],"_links":{"self":[{"href":"https:\/\/www.feuerwehr-jockgrim.de\/index.php?rest_route=\/wp\/v2\/pages\/676","targetHints":{"allow":["GET"]}}],"collection":[{"href":"https:\/\/www.feuerwehr-jockgrim.de\/index.php?rest_route=\/wp\/v2\/pages"}],"about":[{"href":"https:\/\/www.feuerwehr-jockgrim.de\/index.php?rest_route=\/wp\/v2\/types\/page"}],"author":[{"embeddable":true,"href":"https:\/\/www.feuerwehr-jockgrim.de\/index.php?rest_route=\/wp\/v2\/users\/2"}],"replies":[{"embeddable":true,"href":"https:\/\/www.feuerwehr-jockgrim.de\/index.php?rest_route=%2Fwp%2Fv2%2Fcomments&post=676"}],"version-history":[{"count":2,"href":"https:\/\/www.feuerwehr-jockgrim.de\/index.php?rest_route=\/wp\/v2\/pages\/676\/revisions"}],"predecessor-version":[{"id":1169,"href":"https:\/\/www.feuerwehr-jockgrim.de\/index.php?rest_route=\/wp\/v2\/pages\/676\/revisions\/1169"}],"wp:attachment":[{"href":"https:\/\/www.feuerwehr-jockgrim.de\/index.php?rest_route=%2Fwp%2Fv2%2Fmedia&parent=676"}],"curies":[{"name":"wp","href":"https:\/\/api.w.org\/{rel}","templated":true}]}}