{"id":587,"date":"2022-11-21T22:41:49","date_gmt":"2022-11-21T21:41:49","guid":{"rendered":"http:\/\/feuerwehr-jockgrim.org\/?page_id=587"},"modified":"2023-08-16T22:21:02","modified_gmt":"2023-08-16T20:21:02","slug":"rollcontainer-verkehrssicherung","status":"publish","type":"page","link":"https:\/\/www.feuerwehr-jockgrim.de\/?page_id=587","title":{"rendered":"Rollcontainer Verkehrssicherung"},"content":{"rendered":"\n<p>Um insbesondere auf der Bundestra\u00dfe B9, welche Autobahn-\u00e4hnlich ausgebaut ist, Einsatzstellen entsprechend gut gegen den flie\u00dfenden Verkehr absichern zu k\u00f6nnen, besitzen wir einen entsprechenden Rollcontainer, welcher mit ausreichend Material best\u00fcckt ist um die notwendige Absicherung errichten zu k\u00f6nnen. <\/p>\n\n\n\n<p>Dazu geh\u00f6ren acht Warnblitzleuchten, eine Tri-Blitz Warnleuchte, Absperrband, mehrere Warnwesten, Faltdreiecke sowie 16 Verkehrsleitkegel.<\/p>\n\n\n\n<p>Mehr Informationen zum Fahrzeug MZF 2 finden Sie auf der Seite <a href=\"https:\/\/www.feuerwehr-jockgrim.de\/?page_id=125\">MZF 2<\/a><br>Eine \u00dcbersicht \u00fcber alle Rollcontainer erhalten Sie <a href=\"https:\/\/www.feuerwehr-jockgrim.de\/?page_id=539\">hier<\/a><\/p>\n\n\n\n<figure class=\"wp-block-gallery has-nested-images columns-default is-cropped wp-block-gallery-1 is-layout-flex wp-block-gallery-is-layout-flex\">\n<figure class=\"wp-block-image size-large\"><img loading=\"lazy\" decoding=\"async\" width=\"1024\" height=\"683\" data-id=\"674\" src=\"http:\/\/feuerwehr-jockgrim.org\/wp-content\/uploads\/2022\/11\/IMG_8684-1024x683.jpg\" alt=\"\" class=\"wp-image-674\" srcset=\"https:\/\/www.feuerwehr-jockgrim.de\/wp-content\/uploads\/2022\/11\/IMG_8684-1024x683.jpg 1024w, https:\/\/www.feuerwehr-jockgrim.de\/wp-content\/uploads\/2022\/11\/IMG_8684-300x200.jpg 300w, https:\/\/www.feuerwehr-jockgrim.de\/wp-content\/uploads\/2022\/11\/IMG_8684-768x512.jpg 768w, https:\/\/www.feuerwehr-jockgrim.de\/wp-content\/uploads\/2022\/11\/IMG_8684-1536x1024.jpg 1536w, https:\/\/www.feuerwehr-jockgrim.de\/wp-content\/uploads\/2022\/11\/IMG_8684-2048x1365.jpg 2048w\" sizes=\"auto, (max-width: 1024px) 100vw, 1024px\" \/><\/figure>\n\n\n\n<figure class=\"wp-block-image size-large\"><img loading=\"lazy\" decoding=\"async\" width=\"1024\" height=\"683\" data-id=\"673\" src=\"http:\/\/feuerwehr-jockgrim.org\/wp-content\/uploads\/2022\/11\/IMG_8686-1024x683.jpg\" alt=\"\" class=\"wp-image-673\" srcset=\"https:\/\/www.feuerwehr-jockgrim.de\/wp-content\/uploads\/2022\/11\/IMG_8686-1024x683.jpg 1024w, https:\/\/www.feuerwehr-jockgrim.de\/wp-content\/uploads\/2022\/11\/IMG_8686-300x200.jpg 300w, https:\/\/www.feuerwehr-jockgrim.de\/wp-content\/uploads\/2022\/11\/IMG_8686-768x512.jpg 768w, https:\/\/www.feuerwehr-jockgrim.de\/wp-content\/uploads\/2022\/11\/IMG_8686-1536x1024.jpg 1536w, https:\/\/www.feuerwehr-jockgrim.de\/wp-content\/uploads\/2022\/11\/IMG_8686-2048x1365.jpg 2048w\" sizes=\"auto, (max-width: 1024px) 100vw, 1024px\" \/><\/figure>\n<\/figure>\n","protected":false},"excerpt":{"rendered":"<p>Um insbesondere auf der Bundestra\u00dfe B9, welche Autobahn-\u00e4hnlich ausgebaut ist, Einsatzstellen entsprechend gut gegen den flie\u00dfenden Verkehr absichern zu k\u00f6nnen, besitzen wir einen entsprechenden Rollcontainer, welcher mit ausreichend Material best\u00fcckt ist um die notwendige Absicherung errichten zu k\u00f6nnen. Dazu geh\u00f6ren acht Warnblitzleuchten, eine Tri-Blitz Warnleuchte, Absperrband, mehrere Warnwesten, Faltdreiecke sowie 16 Verkehrsleitkegel. Mehr Informationen zum [&hellip;]<\/p>\n","protected":false},"author":2,"featured_media":0,"parent":0,"menu_order":0,"comment_status":"closed","ping_status":"closed","template":"","meta":{"_acf_changed":false,"footnotes":""},"class_list":["post-587","page","type-page","status-publish","hentry"],"acf":[],"_links":{"self":[{"href":"https:\/\/www.feuerwehr-jockgrim.de\/index.php?rest_route=\/wp\/v2\/pages\/587","targetHints":{"allow":["GET"]}}],"collection":[{"href":"https:\/\/www.feuerwehr-jockgrim.de\/index.php?rest_route=\/wp\/v2\/pages"}],"about":[{"href":"https:\/\/www.feuerwehr-jockgrim.de\/index.php?rest_route=\/wp\/v2\/types\/page"}],"author":[{"embeddable":true,"href":"https:\/\/www.feuerwehr-jockgrim.de\/index.php?rest_route=\/wp\/v2\/users\/2"}],"replies":[{"embeddable":true,"href":"https:\/\/www.feuerwehr-jockgrim.de\/index.php?rest_route=%2Fwp%2Fv2%2Fcomments&post=587"}],"version-history":[{"count":5,"href":"https:\/\/www.feuerwehr-jockgrim.de\/index.php?rest_route=\/wp\/v2\/pages\/587\/revisions"}],"predecessor-version":[{"id":1316,"href":"https:\/\/www.feuerwehr-jockgrim.de\/index.php?rest_route=\/wp\/v2\/pages\/587\/revisions\/1316"}],"wp:attachment":[{"href":"https:\/\/www.feuerwehr-jockgrim.de\/index.php?rest_route=%2Fwp%2Fv2%2Fmedia&parent=587"}],"curies":[{"name":"wp","href":"https:\/\/api.w.org\/{rel}","templated":true}]}}