{"id":581,"date":"2022-11-21T22:30:11","date_gmt":"2022-11-21T21:30:11","guid":{"rendered":"http:\/\/feuerwehr-jockgrim.org\/?page_id=581"},"modified":"2023-08-22T17:48:59","modified_gmt":"2023-08-22T15:48:59","slug":"hydraulisches-rettungsgeraet","status":"publish","type":"page","link":"https:\/\/www.feuerwehr-jockgrim.de\/?page_id=581","title":{"rendered":"Hydraulisches Rettungsger\u00e4t"},"content":{"rendered":"\n<p>Um bei Verkehrsunf\u00e4llen mit eingeklemmten Personen effektiv Technische Hilfe leisten zu k\u00f6nnen, unterhalten wir zwei Hydraulische Rettungss\u00e4tze der Firma Weber Rescue, jeweils bestehend aus Aggregat mit Hydraulikpumpe, Hydraulischem Schneidger\u00e4t und Spreizer sowie mehreren Rettungszylindern. <\/p>\n\n\n\n<p><strong>Hydraulischer Rettungssatz HLF:<\/strong><\/p>\n\n\n\n<p>Der Hydraulische Rettungssatz des HLF besteht aus einem kompakten Hydraulikaggregat mit Verbrennungsmotor (Weber V-Ecocompact), inklusive zweier 5m Hydraulikschl\u00e4uche, einem Schneidger\u00e4t RSU 200-107, einem Spreizer SP 53BS sowie zwei Rettungszylindern (1x RZT 2-775 und 1x RZT 2-1500). Dazu kommt noch ein weiteres und besonders kompaktes Schneidger\u00e4t vom Typ S 50, mit welchem man auch sehr einfach in den Fu\u00dfraum kommt und ebenfalls spannungsfrei schneiden kann. Daher wird dieses Ger\u00e4t auch &#8222;Pedalschneider&#8220; genannt.<\/p>\n\n\n\n<figure class=\"wp-block-gallery has-nested-images columns-default is-cropped wp-block-gallery-1 is-layout-flex wp-block-gallery-is-layout-flex\">\n<figure class=\"wp-block-image size-large\"><img loading=\"lazy\" decoding=\"async\" width=\"1024\" height=\"683\" data-id=\"1336\" src=\"https:\/\/www.feuerwehr-jockgrim.de\/wp-content\/uploads\/2023\/08\/IMG_1889-1-1-1024x683.jpg\" alt=\"\" class=\"wp-image-1336\" srcset=\"https:\/\/www.feuerwehr-jockgrim.de\/wp-content\/uploads\/2023\/08\/IMG_1889-1-1-1024x683.jpg 1024w, https:\/\/www.feuerwehr-jockgrim.de\/wp-content\/uploads\/2023\/08\/IMG_1889-1-1-300x200.jpg 300w, https:\/\/www.feuerwehr-jockgrim.de\/wp-content\/uploads\/2023\/08\/IMG_1889-1-1-768x512.jpg 768w, https:\/\/www.feuerwehr-jockgrim.de\/wp-content\/uploads\/2023\/08\/IMG_1889-1-1-1536x1024.jpg 1536w, https:\/\/www.feuerwehr-jockgrim.de\/wp-content\/uploads\/2023\/08\/IMG_1889-1-1-2048x1365.jpg 2048w\" sizes=\"auto, (max-width: 1024px) 100vw, 1024px\" \/><figcaption class=\"wp-element-caption\">Schere RSU 200-107 Plus<\/figcaption><\/figure>\n\n\n\n<figure class=\"wp-block-image size-large\"><img loading=\"lazy\" decoding=\"async\" width=\"1024\" height=\"683\" data-id=\"1338\" src=\"https:\/\/www.feuerwehr-jockgrim.de\/wp-content\/uploads\/2023\/08\/IMG_1891-1-1024x683.jpg\" alt=\"\" class=\"wp-image-1338\" srcset=\"https:\/\/www.feuerwehr-jockgrim.de\/wp-content\/uploads\/2023\/08\/IMG_1891-1-1024x683.jpg 1024w, https:\/\/www.feuerwehr-jockgrim.de\/wp-content\/uploads\/2023\/08\/IMG_1891-1-300x200.jpg 300w, https:\/\/www.feuerwehr-jockgrim.de\/wp-content\/uploads\/2023\/08\/IMG_1891-1-768x512.jpg 768w, https:\/\/www.feuerwehr-jockgrim.de\/wp-content\/uploads\/2023\/08\/IMG_1891-1-1536x1024.jpg 1536w, https:\/\/www.feuerwehr-jockgrim.de\/wp-content\/uploads\/2023\/08\/IMG_1891-1-2048x1365.jpg 2048w\" sizes=\"auto, (max-width: 1024px) 100vw, 1024px\" \/><figcaption class=\"wp-element-caption\">Spreizer SP 53BS<\/figcaption><\/figure>\n\n\n\n<figure class=\"wp-block-image size-large\"><img loading=\"lazy\" decoding=\"async\" width=\"1024\" height=\"683\" data-id=\"1337\" src=\"https:\/\/www.feuerwehr-jockgrim.de\/wp-content\/uploads\/2023\/08\/IMG_1900-1-1024x683.jpg\" alt=\"\" class=\"wp-image-1337\" srcset=\"https:\/\/www.feuerwehr-jockgrim.de\/wp-content\/uploads\/2023\/08\/IMG_1900-1-1024x683.jpg 1024w, https:\/\/www.feuerwehr-jockgrim.de\/wp-content\/uploads\/2023\/08\/IMG_1900-1-300x200.jpg 300w, https:\/\/www.feuerwehr-jockgrim.de\/wp-content\/uploads\/2023\/08\/IMG_1900-1-768x512.jpg 768w, https:\/\/www.feuerwehr-jockgrim.de\/wp-content\/uploads\/2023\/08\/IMG_1900-1-1536x1024.jpg 1536w, https:\/\/www.feuerwehr-jockgrim.de\/wp-content\/uploads\/2023\/08\/IMG_1900-1-2048x1365.jpg 2048w\" sizes=\"auto, (max-width: 1024px) 100vw, 1024px\" \/><figcaption class=\"wp-element-caption\">Hydraulikaggregat V-Ecocompact<\/figcaption><\/figure>\n<\/figure>\n\n\n\n<figure class=\"wp-block-gallery has-nested-images columns-default is-cropped wp-block-gallery-2 is-layout-flex wp-block-gallery-is-layout-flex\">\n<figure class=\"wp-block-image size-large\"><img loading=\"lazy\" decoding=\"async\" width=\"1024\" height=\"683\" data-id=\"1339\" src=\"https:\/\/www.feuerwehr-jockgrim.de\/wp-content\/uploads\/2023\/08\/IMG_1901-1024x683.jpg\" alt=\"\" class=\"wp-image-1339\" srcset=\"https:\/\/www.feuerwehr-jockgrim.de\/wp-content\/uploads\/2023\/08\/IMG_1901-1024x683.jpg 1024w, https:\/\/www.feuerwehr-jockgrim.de\/wp-content\/uploads\/2023\/08\/IMG_1901-300x200.jpg 300w, https:\/\/www.feuerwehr-jockgrim.de\/wp-content\/uploads\/2023\/08\/IMG_1901-768x512.jpg 768w, https:\/\/www.feuerwehr-jockgrim.de\/wp-content\/uploads\/2023\/08\/IMG_1901-1536x1024.jpg 1536w, https:\/\/www.feuerwehr-jockgrim.de\/wp-content\/uploads\/2023\/08\/IMG_1901-2048x1365.jpg 2048w\" sizes=\"auto, (max-width: 1024px) 100vw, 1024px\" \/><figcaption class=\"wp-element-caption\">Zylinder RZT 2-1500XL<\/figcaption><\/figure>\n\n\n\n<figure class=\"wp-block-image size-large\"><img loading=\"lazy\" decoding=\"async\" width=\"1024\" height=\"683\" data-id=\"1340\" src=\"https:\/\/www.feuerwehr-jockgrim.de\/wp-content\/uploads\/2023\/08\/IMG_1904-1024x683.jpg\" alt=\"\" class=\"wp-image-1340\" srcset=\"https:\/\/www.feuerwehr-jockgrim.de\/wp-content\/uploads\/2023\/08\/IMG_1904-1024x683.jpg 1024w, https:\/\/www.feuerwehr-jockgrim.de\/wp-content\/uploads\/2023\/08\/IMG_1904-300x200.jpg 300w, https:\/\/www.feuerwehr-jockgrim.de\/wp-content\/uploads\/2023\/08\/IMG_1904-768x512.jpg 768w, https:\/\/www.feuerwehr-jockgrim.de\/wp-content\/uploads\/2023\/08\/IMG_1904-1536x1024.jpg 1536w, https:\/\/www.feuerwehr-jockgrim.de\/wp-content\/uploads\/2023\/08\/IMG_1904-2048x1365.jpg 2048w\" sizes=\"auto, (max-width: 1024px) 100vw, 1024px\" \/><figcaption class=\"wp-element-caption\">Zylinder RZT 2-775 mit Verl\u00e4ngerung<\/figcaption><\/figure>\n\n\n\n<figure class=\"wp-block-image size-large\"><img loading=\"lazy\" decoding=\"async\" width=\"1024\" height=\"683\" data-id=\"1341\" src=\"https:\/\/www.feuerwehr-jockgrim.de\/wp-content\/uploads\/2023\/08\/IMG_1906-1024x683.jpg\" alt=\"\" class=\"wp-image-1341\" srcset=\"https:\/\/www.feuerwehr-jockgrim.de\/wp-content\/uploads\/2023\/08\/IMG_1906-1024x683.jpg 1024w, https:\/\/www.feuerwehr-jockgrim.de\/wp-content\/uploads\/2023\/08\/IMG_1906-300x200.jpg 300w, https:\/\/www.feuerwehr-jockgrim.de\/wp-content\/uploads\/2023\/08\/IMG_1906-768x512.jpg 768w, https:\/\/www.feuerwehr-jockgrim.de\/wp-content\/uploads\/2023\/08\/IMG_1906-1536x1024.jpg 1536w, https:\/\/www.feuerwehr-jockgrim.de\/wp-content\/uploads\/2023\/08\/IMG_1906-2048x1365.jpg 2048w\" sizes=\"auto, (max-width: 1024px) 100vw, 1024px\" \/><figcaption class=\"wp-element-caption\">Schere S 50 (Pedalschneider)<\/figcaption><\/figure>\n<\/figure>\n\n\n\n<p><strong>Hydraulischer Rettungssatz MZF 2:<\/strong><\/p>\n\n\n\n<p>Der Rettungssatz des MZF 2 besteht aus einem gr\u00f6\u00dferen Aggregat, welches elektrisch betrieben wird (Weber E-50). Vorteile sind hier unter anderem die beiden integrierten Haspeln mit jeweils 20m Hydraulikschlauch sowie der gr\u00f6\u00dfere Vorrat an Hydraulik\u00f6l, was inbesondere f\u00fcr den Einsatz von Rettungszylindern wichtig ist. Als Ger\u00e4te sind hier das Schneidger\u00e4t S 270, der Spreizer SP 40EN und zwei Rettungszylinder des Typs RZT 2-1500XL sowie einer vom Typ RZ 1-1810 &#8222;Crossrammer&#8220; vorhanden. Dieser Rettungssatz war zudem bis 2016 auf dem HLF 20 verlastet.<\/p>\n\n\n\n<div class=\"wp-block-columns is-layout-flex wp-container-core-columns-is-layout-9d6595d7 wp-block-columns-is-layout-flex\">\n<div class=\"wp-block-column is-layout-flow wp-block-column-is-layout-flow\" style=\"flex-basis:100%\">\n<figure class=\"wp-block-gallery has-nested-images columns-default is-cropped wp-block-gallery-3 is-layout-flex wp-block-gallery-is-layout-flex\">\n<figure class=\"wp-block-image size-large\"><img loading=\"lazy\" decoding=\"async\" width=\"1024\" height=\"683\" data-id=\"665\" src=\"http:\/\/feuerwehr-jockgrim.org\/wp-content\/uploads\/2022\/11\/IMG_8741-1024x683.jpg\" alt=\"\" class=\"wp-image-665\" srcset=\"https:\/\/www.feuerwehr-jockgrim.de\/wp-content\/uploads\/2022\/11\/IMG_8741-1024x683.jpg 1024w, https:\/\/www.feuerwehr-jockgrim.de\/wp-content\/uploads\/2022\/11\/IMG_8741-300x200.jpg 300w, https:\/\/www.feuerwehr-jockgrim.de\/wp-content\/uploads\/2022\/11\/IMG_8741-768x512.jpg 768w, https:\/\/www.feuerwehr-jockgrim.de\/wp-content\/uploads\/2022\/11\/IMG_8741-1536x1024.jpg 1536w, https:\/\/www.feuerwehr-jockgrim.de\/wp-content\/uploads\/2022\/11\/IMG_8741-2048x1365.jpg 2048w\" sizes=\"auto, (max-width: 1024px) 100vw, 1024px\" \/><figcaption class=\"wp-element-caption\">Schneidger\u00e4t S 270<\/figcaption><\/figure>\n\n\n\n<figure class=\"wp-block-image size-large\"><img loading=\"lazy\" decoding=\"async\" width=\"1024\" height=\"683\" data-id=\"664\" src=\"http:\/\/feuerwehr-jockgrim.org\/wp-content\/uploads\/2022\/11\/IMG_8730-1024x683.jpg\" alt=\"\" class=\"wp-image-664\" srcset=\"https:\/\/www.feuerwehr-jockgrim.de\/wp-content\/uploads\/2022\/11\/IMG_8730-1024x683.jpg 1024w, https:\/\/www.feuerwehr-jockgrim.de\/wp-content\/uploads\/2022\/11\/IMG_8730-300x200.jpg 300w, https:\/\/www.feuerwehr-jockgrim.de\/wp-content\/uploads\/2022\/11\/IMG_8730-768x512.jpg 768w, https:\/\/www.feuerwehr-jockgrim.de\/wp-content\/uploads\/2022\/11\/IMG_8730-1536x1024.jpg 1536w, https:\/\/www.feuerwehr-jockgrim.de\/wp-content\/uploads\/2022\/11\/IMG_8730-2048x1365.jpg 2048w\" sizes=\"auto, (max-width: 1024px) 100vw, 1024px\" \/><figcaption class=\"wp-element-caption\">Spreizer SP 40EN<\/figcaption><\/figure>\n\n\n\n<figure class=\"wp-block-image size-large\"><img loading=\"lazy\" decoding=\"async\" width=\"1024\" height=\"683\" data-id=\"666\" src=\"http:\/\/feuerwehr-jockgrim.org\/wp-content\/uploads\/2022\/11\/IMG_8748-1024x683.jpg\" alt=\"\" class=\"wp-image-666\" srcset=\"https:\/\/www.feuerwehr-jockgrim.de\/wp-content\/uploads\/2022\/11\/IMG_8748-1024x683.jpg 1024w, https:\/\/www.feuerwehr-jockgrim.de\/wp-content\/uploads\/2022\/11\/IMG_8748-300x200.jpg 300w, https:\/\/www.feuerwehr-jockgrim.de\/wp-content\/uploads\/2022\/11\/IMG_8748-768x512.jpg 768w, https:\/\/www.feuerwehr-jockgrim.de\/wp-content\/uploads\/2022\/11\/IMG_8748-1536x1024.jpg 1536w, https:\/\/www.feuerwehr-jockgrim.de\/wp-content\/uploads\/2022\/11\/IMG_8748-2048x1365.jpg 2048w\" sizes=\"auto, (max-width: 1024px) 100vw, 1024px\" \/><figcaption class=\"wp-element-caption\">Rettungszylinder RZT 2-1500XL<\/figcaption><\/figure>\n<\/figure>\n\n\n\n<div class=\"wp-block-group is-nowrap is-layout-flex wp-container-core-group-is-layout-ad2f72ca wp-block-group-is-layout-flex\">\n<figure class=\"wp-block-gallery has-nested-images columns-default is-cropped wp-block-gallery-4 is-layout-flex wp-block-gallery-is-layout-flex\">\n<figure class=\"wp-block-image size-large\"><img loading=\"lazy\" decoding=\"async\" width=\"1024\" height=\"683\" data-id=\"1263\" src=\"https:\/\/www.feuerwehr-jockgrim.de\/wp-content\/uploads\/2023\/08\/IMG_8754-1024x683.jpg\" alt=\"\" class=\"wp-image-1263\" srcset=\"https:\/\/www.feuerwehr-jockgrim.de\/wp-content\/uploads\/2023\/08\/IMG_8754-1024x683.jpg 1024w, https:\/\/www.feuerwehr-jockgrim.de\/wp-content\/uploads\/2023\/08\/IMG_8754-300x200.jpg 300w, https:\/\/www.feuerwehr-jockgrim.de\/wp-content\/uploads\/2023\/08\/IMG_8754-768x512.jpg 768w, https:\/\/www.feuerwehr-jockgrim.de\/wp-content\/uploads\/2023\/08\/IMG_8754-1536x1024.jpg 1536w, https:\/\/www.feuerwehr-jockgrim.de\/wp-content\/uploads\/2023\/08\/IMG_8754-2048x1365.jpg 2048w\" sizes=\"auto, (max-width: 1024px) 100vw, 1024px\" \/><figcaption class=\"wp-element-caption\">Rettungszylinder RZ 1-1810 &#8222;Crossrammer&#8220;<\/figcaption><\/figure>\n\n\n\n<figure class=\"wp-block-image size-large\"><img loading=\"lazy\" decoding=\"async\" width=\"1024\" height=\"683\" data-id=\"663\" src=\"https:\/\/www.feuerwehr-jockgrim.de\/wp-content\/uploads\/2022\/11\/IMG_8701-1024x683.jpg\" alt=\"\" class=\"wp-image-663\" srcset=\"https:\/\/www.feuerwehr-jockgrim.de\/wp-content\/uploads\/2022\/11\/IMG_8701-1024x683.jpg 1024w, https:\/\/www.feuerwehr-jockgrim.de\/wp-content\/uploads\/2022\/11\/IMG_8701-300x200.jpg 300w, https:\/\/www.feuerwehr-jockgrim.de\/wp-content\/uploads\/2022\/11\/IMG_8701-768x512.jpg 768w, https:\/\/www.feuerwehr-jockgrim.de\/wp-content\/uploads\/2022\/11\/IMG_8701-1536x1024.jpg 1536w, https:\/\/www.feuerwehr-jockgrim.de\/wp-content\/uploads\/2022\/11\/IMG_8701-2048x1365.jpg 2048w\" sizes=\"auto, (max-width: 1024px) 100vw, 1024px\" \/><figcaption class=\"wp-element-caption\">Hydraulischer Rettungssatz des MZF 2 auf dem Rollcontainer<\/figcaption><\/figure>\n<\/figure>\n<\/div>\n<\/div>\n<\/div>\n\n\n\n<p><\/p>\n\n\n\n<p><\/p>\n","protected":false},"excerpt":{"rendered":"<p>Um bei Verkehrsunf\u00e4llen mit eingeklemmten Personen effektiv Technische Hilfe leisten zu k\u00f6nnen, unterhalten wir zwei Hydraulische Rettungss\u00e4tze der Firma Weber Rescue, jeweils bestehend aus Aggregat mit Hydraulikpumpe, Hydraulischem Schneidger\u00e4t und [&hellip;]<\/p>\n","protected":false},"author":2,"featured_media":0,"parent":0,"menu_order":0,"comment_status":"closed","ping_status":"closed","template":"","meta":{"_acf_changed":false,"footnotes":""},"class_list":["post-581","page","type-page","status-publish","hentry"],"acf":[],"_links":{"self":[{"href":"https:\/\/www.feuerwehr-jockgrim.de\/index.php?rest_route=\/wp\/v2\/pages\/581","targetHints":{"allow":["GET"]}}],"collection":[{"href":"https:\/\/www.feuerwehr-jockgrim.de\/index.php?rest_route=\/wp\/v2\/pages"}],"about":[{"href":"https:\/\/www.feuerwehr-jockgrim.de\/index.php?rest_route=\/wp\/v2\/types\/page"}],"author":[{"embeddable":true,"href":"https:\/\/www.feuerwehr-jockgrim.de\/index.php?rest_route=\/wp\/v2\/users\/2"}],"replies":[{"embeddable":true,"href":"https:\/\/www.feuerwehr-jockgrim.de\/index.php?rest_route=%2Fwp%2Fv2%2Fcomments&post=581"}],"version-history":[{"count":10,"href":"https:\/\/www.feuerwehr-jockgrim.de\/index.php?rest_route=\/wp\/v2\/pages\/581\/revisions"}],"predecessor-version":[{"id":1342,"href":"https:\/\/www.feuerwehr-jockgrim.de\/index.php?rest_route=\/wp\/v2\/pages\/581\/revisions\/1342"}],"wp:attachment":[{"href":"https:\/\/www.feuerwehr-jockgrim.de\/index.php?rest_route=%2Fwp%2Fv2%2Fmedia&parent=581"}],"curies":[{"name":"wp","href":"https:\/\/api.w.org\/{rel}","templated":true}]}}