{"id":562,"date":"2022-11-19T12:55:00","date_gmt":"2022-11-19T11:55:00","guid":{"rendered":"http:\/\/feuerwehr-jockgrim.org\/?page_id=562"},"modified":"2022-11-19T12:55:00","modified_gmt":"2022-11-19T11:55:00","slug":"photovoltaik-anlagen","status":"publish","type":"page","link":"https:\/\/www.feuerwehr-jockgrim.de\/?page_id=562","title":{"rendered":"Photovoltaik-Anlagen"},"content":{"rendered":"\n<p>F\u00fcnf &#8222;goldene Regeln&#8220; f\u00fcr den baulichen Brandschutz bei Photovoltaik-Anlagen<\/p>\n\n\n\n<p>Was k\u00f6nnen Betreiber von Solarstromanlagen tun, um die Brandgefahr in ihrer Anlage einzud\u00e4mmen?<\/p>\n\n\n\n<ol class=\"wp-block-list\">\n<li><strong>Brandschutzmauern beachten<\/strong><br>Steht das Haus nicht allein, ist es in der Regel mit einer Brandschutzmauer vom Nachbargeb\u00e4ude getrennt. Diese soll verhindern, dass das Feuer im Brandfall auf andere H\u00e4user \u00fcbergreift. Wer unbedingt jeden Zentimeter Dachfl\u00e4che f\u00fcr die Stromerzeugung ausnutzen will und die Brandschutzwand mit Modulen \u00fcberbaut, tut sich keinen Gefallen \u2013 im Zweifel drohen hohe Regressforderungen! Der Gesamtverband der deutschen Versicherer (GDV) empfiehlt daher, einen Mindestabstand [&#8230;] zwischen der Solaranlage und dem Nachbarhaus einzuhalten.<\/li>\n\n\n\n<li><strong>Gleichstromkabel abschirmen<\/strong><br>[&#8230;] Bei der Verlegung ist darauf zu achten, dass die Feuerwehrleute im Brandfall nicht mit der <em>[besch\u00e4digten]<\/em> Leitung in Ber\u00fchrung kommen k\u00f6nnen [&#8230;].<\/li>\n\n\n\n<li><strong>Notabschaltung einbauen<\/strong><br>Photovoltaikanlagen k\u00f6nnen mit einer Notabschaltung ausger\u00fcstet werden. Im Fall eines Geb\u00e4udebrandes macht das den Einsatz der Feuerwehr sicherer. Eine gesetzliche Nachr\u00fcstpflicht besteht zurzeit nicht. Jedoch spricht die hohe Zusatzsicherheit, die mit wenig Aufwand und kleinen Kosten geschaffen werden kann, f\u00fcr die Nachr\u00fcstung. Wer baut den Schalter ein? Jeder Installateur, der PV-Anlagen baut, kann den Schalter einbauen oder nachr\u00fcsten. Achten Sie im Fall von Wassereintritt im Keller, da\u00df kein Wasser in die Elektronik flie\u00dfen kann.<em>.<\/em><\/li>\n\n\n\n<li><strong>F\u00fcr regelm\u00e4\u00dfige Wartung sorgen<\/strong><br>Module verschmutzen leicht und m\u00fcssen regelm\u00e4\u00dfig gereinigt werden. Steckverbindungen k\u00f6nnen sich lockern. Auch Korrosionssch\u00e4den sind auf Dauer nicht ausgeschlossen. Daher ist eine regelm\u00e4\u00dfige Wartung der Solaranlage durch geschulte Fachkr\u00e4fte das A und O f\u00fcr ihren sicheren Betrieb und zur Verh\u00fctung von Br\u00e4nden.<\/li>\n\n\n\n<li><strong>Hinweisschild anbringen<\/strong><br>Bei Neuanlagen geh\u00f6rt das Hinweisschild f\u00fcr vorhandene Photovoltaik-Anlagen bereits zum Standard. Erarbeitet wurde es von einem Arbeitskreis der &#8222;Deutschen Kommission Elektrotechnik Elektronik Informationstechnik&#8220; (VDE) . Das Schild findet sich [&#8230;] am Hauptsicherungskasten des Hauses (oder am Hausanschlusskasten). Bei \u00e4lteren Anlagen besteht jedoch keine Pflicht, das Logo anzubringen. R\u00fcckt die Feuerwehr nachts an, muss sie oft erst nach der PV-Anlage suchen. Ist diese zum Beispiel hinterm Haus montiert, kann sie leicht \u00fcbersehen werden \u2013 und damit die Besonderheiten bei einem L\u00f6scheinsatz. Die Experten sind sich einig: &#8222;Ein Schild oder ein Aufkleber, die auf eine vorhandene Photovoltaik-Anlage hinweisen, sind der beste und billigste Schutz im Brandfall!&#8220;<\/li>\n<\/ol>\n\n\n\n<p><\/p>\n","protected":false},"excerpt":{"rendered":"<p>F\u00fcnf &#8222;goldene Regeln&#8220; f\u00fcr den baulichen Brandschutz bei Photovoltaik-Anlagen Was k\u00f6nnen Betreiber von Solarstromanlagen tun, um die Brandgefahr in ihrer Anlage einzud\u00e4mmen?<\/p>\n","protected":false},"author":1,"featured_media":0,"parent":0,"menu_order":0,"comment_status":"closed","ping_status":"closed","template":"","meta":{"_acf_changed":false,"footnotes":""},"class_list":["post-562","page","type-page","status-publish","hentry"],"acf":[],"_links":{"self":[{"href":"https:\/\/www.feuerwehr-jockgrim.de\/index.php?rest_route=\/wp\/v2\/pages\/562","targetHints":{"allow":["GET"]}}],"collection":[{"href":"https:\/\/www.feuerwehr-jockgrim.de\/index.php?rest_route=\/wp\/v2\/pages"}],"about":[{"href":"https:\/\/www.feuerwehr-jockgrim.de\/index.php?rest_route=\/wp\/v2\/types\/page"}],"author":[{"embeddable":true,"href":"https:\/\/www.feuerwehr-jockgrim.de\/index.php?rest_route=\/wp\/v2\/users\/1"}],"replies":[{"embeddable":true,"href":"https:\/\/www.feuerwehr-jockgrim.de\/index.php?rest_route=%2Fwp%2Fv2%2Fcomments&post=562"}],"version-history":[{"count":1,"href":"https:\/\/www.feuerwehr-jockgrim.de\/index.php?rest_route=\/wp\/v2\/pages\/562\/revisions"}],"predecessor-version":[{"id":563,"href":"https:\/\/www.feuerwehr-jockgrim.de\/index.php?rest_route=\/wp\/v2\/pages\/562\/revisions\/563"}],"wp:attachment":[{"href":"https:\/\/www.feuerwehr-jockgrim.de\/index.php?rest_route=%2Fwp%2Fv2%2Fmedia&parent=562"}],"curies":[{"name":"wp","href":"https:\/\/api.w.org\/{rel}","templated":true}]}}