{"id":560,"date":"2022-11-19T12:26:08","date_gmt":"2022-11-19T11:26:08","guid":{"rendered":"http:\/\/feuerwehr-jockgrim.org\/?page_id=560"},"modified":"2022-11-19T12:26:08","modified_gmt":"2022-11-19T11:26:08","slug":"tueckische-textilien","status":"publish","type":"page","link":"https:\/\/www.feuerwehr-jockgrim.de\/?page_id=560","title":{"rendered":"T\u00fcckische Textilien"},"content":{"rendered":"\n<ul class=\"wp-block-list\">\n<li>Arbeitskleidung kann zum Risikofaktor werden, Wechseln Sie daher ihre durch Staub, \u00d6le, Fette oder sonstige brennbare Fl\u00fcssigkeiten verschmutzte Arbeitskleidung rechtzeitig aus. Sie gehen sonst das Risiko ein, zur lebenden Fackel zu werden.<\/li>\n\n\n\n<li>Viele Bekleidungstextilien haben einen hohen Kunstfaseranteil. Beachten Sie daher beim Umgang mit offenem Feuer, dass diese Kunststofffasern brennen oder schmelzen k\u00f6nnen, wobei der geschmolzene Kunststoff in die Haut eindringt. Resultat sind schmerzhafte Brandverletzungen und irreparable Narben.<\/li>\n\n\n\n<li>Haushalte mit Kindern sollten beim Kauf&nbsp; von Vorh\u00e4ngen und Auslegeware darauf achten, dass diese aus nicht brennbaren oder aus schwer entflammbaren Materialien bestehen. \u201eSchwer entflammbar\u201c besagt, dass der Stoff nach dem Anz\u00fcnden nicht selbst\u00e4ndig weiter brennt und das er nach Wegnahme der Z\u00fcndflamme erlischt. Im Fachhandel sind auch anderslautende Begriffe gebr\u00e4uchlich, lassen Sie sich also \u00fcber die Eigenschaften des jeweiligen Materials aufkl\u00e4ren.<\/li>\n<\/ul>\n","protected":false},"excerpt":{"rendered":"","protected":false},"author":1,"featured_media":0,"parent":0,"menu_order":0,"comment_status":"closed","ping_status":"closed","template":"","meta":{"_acf_changed":false,"footnotes":""},"class_list":["post-560","page","type-page","status-publish","hentry"],"acf":[],"_links":{"self":[{"href":"https:\/\/www.feuerwehr-jockgrim.de\/index.php?rest_route=\/wp\/v2\/pages\/560","targetHints":{"allow":["GET"]}}],"collection":[{"href":"https:\/\/www.feuerwehr-jockgrim.de\/index.php?rest_route=\/wp\/v2\/pages"}],"about":[{"href":"https:\/\/www.feuerwehr-jockgrim.de\/index.php?rest_route=\/wp\/v2\/types\/page"}],"author":[{"embeddable":true,"href":"https:\/\/www.feuerwehr-jockgrim.de\/index.php?rest_route=\/wp\/v2\/users\/1"}],"replies":[{"embeddable":true,"href":"https:\/\/www.feuerwehr-jockgrim.de\/index.php?rest_route=%2Fwp%2Fv2%2Fcomments&post=560"}],"version-history":[{"count":1,"href":"https:\/\/www.feuerwehr-jockgrim.de\/index.php?rest_route=\/wp\/v2\/pages\/560\/revisions"}],"predecessor-version":[{"id":561,"href":"https:\/\/www.feuerwehr-jockgrim.de\/index.php?rest_route=\/wp\/v2\/pages\/560\/revisions\/561"}],"wp:attachment":[{"href":"https:\/\/www.feuerwehr-jockgrim.de\/index.php?rest_route=%2Fwp%2Fv2%2Fmedia&parent=560"}],"curies":[{"name":"wp","href":"https:\/\/api.w.org\/{rel}","templated":true}]}}