{"id":558,"date":"2022-11-19T12:25:41","date_gmt":"2022-11-19T11:25:41","guid":{"rendered":"http:\/\/feuerwehr-jockgrim.org\/?page_id=558"},"modified":"2022-12-30T14:43:49","modified_gmt":"2022-12-30T13:43:49","slug":"silvesterfeuerwerk","status":"publish","type":"page","link":"https:\/\/www.feuerwehr-jockgrim.de\/?page_id=558","title":{"rendered":"Silvesterfeuerwerk"},"content":{"rendered":"\n<p>H\u00e4ufig sind Br\u00e4nde, die durch Leichtfertigkeit beim Abbrennen von Silvesterfeuerwerk ausgel\u00f6st werden, Anlass f\u00fcr Feuerwehreins\u00e4tze. Die Leichtfertigkeit beginnt schon dabei, dass manche Feuerwerksk\u00f6rper verbotenerweise in die H\u00e4nde von Jugendlichen gelangen. Des Weiteren mangelt es vielfach an der n\u00f6tigen Sorgfalt, die man eigentlich von Erwachsenen beim Umgang mit derart gef\u00e4hrlichen Dingen erwarten m\u00fcsste. Bedauerlicherweise ereignen sich allj\u00e4hrlich zum Jahreswechsel zahlreiche Unf\u00e4lle mit Feuerwerksk\u00f6rpern, die nicht nur gro\u00dfe Brandsch\u00e4den hervorrufen, sondern auch zu schweren Verletzungen von Menschen f\u00fchren.<\/p>\n\n\n\n<p><strong>Zu Ihrer Sicherheit hier ein paar Tipps und Ratschl\u00e4ge:<\/strong><\/p>\n\n\n\n<ul class=\"wp-block-list\">\n<li>Z\u00fcnden Sie Silvesterraketen oder andere Feuerwerksk\u00f6rper nie in der N\u00e4he von Geb\u00e4uden mit brennbaren Au\u00dfenw\u00e4nden oder brennbaren Inhalt an.<\/li>\n\n\n\n<li>Richten Sie Abschu\u00dframpen (leere Flaschen) so aus, dass abgeschossene Raketen kein Geb\u00e4ude treffen, in offene Fenster fliegen, oder in der N\u00e4he brennbarer Bauteile zu Boden gehen und dort ein Feuer entfachen.<\/li>\n\n\n\n<li>Achten Sie auch darauf, dass die Flaschen fest genug im Boden verankert wurden.<\/li>\n\n\n\n<li>Auch bei sogenannten station\u00e4ren Feuerwerksk\u00f6rpern, die am Ort ihrer Aufstellung oft mit sehr hei\u00dfer Flamme (magnesiumhaltige Zubereitungen) in der N\u00e4he von brennbaren Gegenst\u00e4nden abgebrannt werden, besteht h\u00f6chste Brandgefahr.<\/li>\n<\/ul>\n\n\n\n<p>\u00dcbrigens: Auch auf Tiere sollte R\u00fccksicht genommen werden, die stark unter dem lauten Knall explodierender Feuerwerksk\u00f6rper leiden.<\/p>\n","protected":false},"excerpt":{"rendered":"<p>H\u00e4ufig sind Br\u00e4nde, die durch Leichtfertigkeit beim Abbrennen von Silvesterfeuerwerk ausgel\u00f6st werden, Anlass f\u00fcr Feuerwehreins\u00e4tze. Die Leichtfertigkeit beginnt schon dabei, dass manche Feuerwerksk\u00f6rper verbotenerweise in die H\u00e4nde von Jugendlichen gelangen. Des Weiteren mangelt es vielfach an der n\u00f6tigen Sorgfalt, die man eigentlich von Erwachsenen beim Umgang mit derart gef\u00e4hrlichen Dingen erwarten m\u00fcsste. Bedauerlicherweise ereignen sich [&hellip;]<\/p>\n","protected":false},"author":1,"featured_media":0,"parent":0,"menu_order":0,"comment_status":"closed","ping_status":"closed","template":"","meta":{"_acf_changed":false,"footnotes":""},"class_list":["post-558","page","type-page","status-publish","hentry"],"acf":[],"_links":{"self":[{"href":"https:\/\/www.feuerwehr-jockgrim.de\/index.php?rest_route=\/wp\/v2\/pages\/558","targetHints":{"allow":["GET"]}}],"collection":[{"href":"https:\/\/www.feuerwehr-jockgrim.de\/index.php?rest_route=\/wp\/v2\/pages"}],"about":[{"href":"https:\/\/www.feuerwehr-jockgrim.de\/index.php?rest_route=\/wp\/v2\/types\/page"}],"author":[{"embeddable":true,"href":"https:\/\/www.feuerwehr-jockgrim.de\/index.php?rest_route=\/wp\/v2\/users\/1"}],"replies":[{"embeddable":true,"href":"https:\/\/www.feuerwehr-jockgrim.de\/index.php?rest_route=%2Fwp%2Fv2%2Fcomments&post=558"}],"version-history":[{"count":2,"href":"https:\/\/www.feuerwehr-jockgrim.de\/index.php?rest_route=\/wp\/v2\/pages\/558\/revisions"}],"predecessor-version":[{"id":969,"href":"https:\/\/www.feuerwehr-jockgrim.de\/index.php?rest_route=\/wp\/v2\/pages\/558\/revisions\/969"}],"wp:attachment":[{"href":"https:\/\/www.feuerwehr-jockgrim.de\/index.php?rest_route=%2Fwp%2Fv2%2Fmedia&parent=558"}],"curies":[{"name":"wp","href":"https:\/\/api.w.org\/{rel}","templated":true}]}}