{"id":547,"date":"2022-11-19T11:41:34","date_gmt":"2022-11-19T10:41:34","guid":{"rendered":"http:\/\/feuerwehr-jockgrim.org\/?page_id=547"},"modified":"2022-11-19T11:41:34","modified_gmt":"2022-11-19T10:41:34","slug":"vorsorge-in-hotels","status":"publish","type":"page","link":"https:\/\/www.feuerwehr-jockgrim.de\/?page_id=547","title":{"rendered":"Vorsorge in Hotels"},"content":{"rendered":"\n<ul class=\"wp-block-list\">\n<li>Informieren Sie sich beim Einchecken \u00fcber Rettungswege und Brandmeldem\u00f6glichkeiten.<\/li>\n\n\n\n<li>Folgen Sie im Notfall den gr\u00fcnen Rettungswegepiktogrammen. Diese f\u00fchren Sie auf dem k\u00fcrzesten Weg \u00fcber ein Treppenhaus ins Freie.<\/li>\n\n\n\n<li>In Hotels h\u00e4ngen sogenannte Flucht- und Rettungswegepl\u00e4ne an zentralen Stellen aus. Im Hotelzimmer ist ebenfalls ein Fluchtwegeplan angebracht. Diese Pl\u00e4ne sollten Sie sich genau anschauen.<\/li>\n\n\n\n<li>Informieren Sie sich dar\u00fcber, wo sich die n\u00e4chstgelegenen Feuerl\u00f6scheinrichtung, Wandhydranten oder Feuerl\u00f6scher befinden. \u00d6ffnen Sie ruhig einmal einen dieser Wandk\u00e4sten und \u00fcberzeugen sich vom Inhalt.<\/li>\n\n\n\n<li>In Fluren und Treppenr\u00e4umen sind Brandmelder installiert. Diese sind von Hand zu bet\u00e4tigen und gegen Missbrauch durch eine Glasscheibe gesichert. Schlagen Sie diese Scheiben wegen Verletzungsgefahr nicht mit der Hand ein, benutzen Sie einen harten Gegenstand, beispielsweise einen Schuh oder Schl\u00fcssel.<\/li>\n\n\n\n<li><strong>Benutzen Sie nie den Aufzug als Fluchtweg!<\/strong> Im Ernstfall sind Aufzugssch\u00e4chte schnell verraucht und k\u00f6nnen zur t\u00f6dlichen Falle werden.<\/li>\n<\/ul>\n","protected":false},"excerpt":{"rendered":"","protected":false},"author":1,"featured_media":0,"parent":0,"menu_order":0,"comment_status":"closed","ping_status":"closed","template":"","meta":{"_acf_changed":false,"footnotes":""},"class_list":["post-547","page","type-page","status-publish","hentry"],"acf":[],"_links":{"self":[{"href":"https:\/\/www.feuerwehr-jockgrim.de\/index.php?rest_route=\/wp\/v2\/pages\/547","targetHints":{"allow":["GET"]}}],"collection":[{"href":"https:\/\/www.feuerwehr-jockgrim.de\/index.php?rest_route=\/wp\/v2\/pages"}],"about":[{"href":"https:\/\/www.feuerwehr-jockgrim.de\/index.php?rest_route=\/wp\/v2\/types\/page"}],"author":[{"embeddable":true,"href":"https:\/\/www.feuerwehr-jockgrim.de\/index.php?rest_route=\/wp\/v2\/users\/1"}],"replies":[{"embeddable":true,"href":"https:\/\/www.feuerwehr-jockgrim.de\/index.php?rest_route=%2Fwp%2Fv2%2Fcomments&post=547"}],"version-history":[{"count":1,"href":"https:\/\/www.feuerwehr-jockgrim.de\/index.php?rest_route=\/wp\/v2\/pages\/547\/revisions"}],"predecessor-version":[{"id":548,"href":"https:\/\/www.feuerwehr-jockgrim.de\/index.php?rest_route=\/wp\/v2\/pages\/547\/revisions\/548"}],"wp:attachment":[{"href":"https:\/\/www.feuerwehr-jockgrim.de\/index.php?rest_route=%2Fwp%2Fv2%2Fmedia&parent=547"}],"curies":[{"name":"wp","href":"https:\/\/api.w.org\/{rel}","templated":true}]}}