{"id":545,"date":"2022-11-19T11:37:50","date_gmt":"2022-11-19T10:37:50","guid":{"rendered":"http:\/\/feuerwehr-jockgrim.org\/?page_id=545"},"modified":"2022-11-19T11:37:50","modified_gmt":"2022-11-19T10:37:50","slug":"vorsicht-beim-feiern","status":"publish","type":"page","link":"https:\/\/www.feuerwehr-jockgrim.de\/?page_id=545","title":{"rendered":"Vorsicht beim Feiern"},"content":{"rendered":"\n<p>So wird eine Party zum ungetr\u00fcbten Vergn\u00fcgen ohne b\u00f6ses Erwachen:<\/p>\n\n\n\n<ul class=\"wp-block-list\">\n<li>Wenn Sie Ihre Wohnung oder den Partykeller festlich dekorieren, sollten Sie auch daran denken, dass es beim Feiern h\u00e4ufig hoch hergeht.<\/li>\n\n\n\n<li>Achten Sie beim Kauf von Luftschlangen und Girlanden darauf, dass diese aus schwer entflammbaren Material sind. Im Fachhandel ist f\u00fcr diese Artikel die Bezeichnung B1 gebr\u00e4uchlich.<\/li>\n\n\n\n<li>Verwenden Sie f\u00fcr Kost\u00fcme oder Masken\u00a0keine leicht brennbaren Materialen, vor allem nicht Papier oder Kunststoff.<\/li>\n\n\n\n<li>H\u00e4ngen Sie Lampions mit brennenden Kerzen so hoch, dass sie au\u00dfer Reichweite sind, und achtem Sie auf eine gute Befestigung. Besser noch Sie verwenden elektrische Kerzen.<\/li>\n\n\n\n<li>Brennende Kerzen auf dem Tisch sollten stets unter Beobachtung bleiben. Stellen Sie diese auf eine nicht brennbare Unterlagen.<\/li>\n\n\n\n<li>Entleeren Sie volle Aschenbecher stets nur in Blecheimer.<\/li>\n\n\n\n<li>Mit offener Flamme sollte in dekorierten R\u00e4umen nicht hantiert werden. Stellen Sie auf alle F\u00e4lle L\u00f6schmittel in Reichweite bereit.<\/li>\n<\/ul>\n","protected":false},"excerpt":{"rendered":"<p>So wird eine Party zum ungetr\u00fcbten Vergn\u00fcgen ohne b\u00f6ses Erwachen:<\/p>\n","protected":false},"author":1,"featured_media":0,"parent":0,"menu_order":0,"comment_status":"closed","ping_status":"closed","template":"","meta":{"_acf_changed":false,"footnotes":""},"class_list":["post-545","page","type-page","status-publish","hentry"],"acf":[],"_links":{"self":[{"href":"https:\/\/www.feuerwehr-jockgrim.de\/index.php?rest_route=\/wp\/v2\/pages\/545","targetHints":{"allow":["GET"]}}],"collection":[{"href":"https:\/\/www.feuerwehr-jockgrim.de\/index.php?rest_route=\/wp\/v2\/pages"}],"about":[{"href":"https:\/\/www.feuerwehr-jockgrim.de\/index.php?rest_route=\/wp\/v2\/types\/page"}],"author":[{"embeddable":true,"href":"https:\/\/www.feuerwehr-jockgrim.de\/index.php?rest_route=\/wp\/v2\/users\/1"}],"replies":[{"embeddable":true,"href":"https:\/\/www.feuerwehr-jockgrim.de\/index.php?rest_route=%2Fwp%2Fv2%2Fcomments&post=545"}],"version-history":[{"count":1,"href":"https:\/\/www.feuerwehr-jockgrim.de\/index.php?rest_route=\/wp\/v2\/pages\/545\/revisions"}],"predecessor-version":[{"id":546,"href":"https:\/\/www.feuerwehr-jockgrim.de\/index.php?rest_route=\/wp\/v2\/pages\/545\/revisions\/546"}],"wp:attachment":[{"href":"https:\/\/www.feuerwehr-jockgrim.de\/index.php?rest_route=%2Fwp%2Fv2%2Fmedia&parent=545"}],"curies":[{"name":"wp","href":"https:\/\/api.w.org\/{rel}","templated":true}]}}