{"id":539,"date":"2022-11-19T10:34:36","date_gmt":"2022-11-19T09:34:36","guid":{"rendered":"http:\/\/feuerwehr-jockgrim.org\/?page_id=539"},"modified":"2025-08-01T13:18:41","modified_gmt":"2025-08-01T11:18:41","slug":"rollcontainer","status":"publish","type":"page","link":"https:\/\/www.feuerwehr-jockgrim.de\/?page_id=539","title":{"rendered":"Rollcontainer"},"content":{"rendered":"\n<p>Um unser MZF 2 effektiv einsetzen zu k\u00f6nnen, besitzen wir verschiedene Rollcontainer, mit denen das MZF 2 abh\u00e4ngig von der Einsatzmeldung best\u00fcckt werden kann. So kann es beispielsweise entweder f\u00fcr die Technische Hilfeleistung, den Unwettereinsatz oder f\u00fcr die Wasserf\u00f6rderung \u00fcber lange Wegstrecken best\u00fcckt werden.<\/p>\n\n\n\n<p>Folgend finden Sie eine Liste der bei uns vorhanden Rollcontainer, sowie weiterf\u00fchrende Links zu den Seiten auf denen wir die einzelnen Rollcontainer gesondert vorstellen.<\/p>\n\n\n\n<p>Folgende Rollcontainer sind st\u00e4ndig auf dem MZF 2 verlastet:<br><a href=\"https:\/\/www.feuerwehr-jockgrim.de\/?page_id=1292\" data-type=\"page\" data-id=\"1292\">Rollcontainer R\u00fcstholz<\/a><br><a href=\"https:\/\/www.feuerwehr-jockgrim.de\/?page_id=1285\" data-type=\"page\" data-id=\"1285\">Rollcontainer \u201cGAMS+\u201d<\/a><br><a href=\"https:\/\/www.feuerwehr-jockgrim.de\/?page_id=1265\" data-type=\"page\" data-id=\"1265\">Rollcontainer Technische Hilfe<\/a><br><a href=\"https:\/\/www.feuerwehr-jockgrim.de\/?page_id=587\" data-type=\"page\" data-id=\"587\">Rollcontainer Verkehrssicherung<\/a><br>Rollcontainer Bel\u00fcftung<br>Rollcontainer Beleuchtung<\/p>\n\n\n\n<p>Zudem halten wir weitere Rollcontainer vor, die im Ger\u00e4tehaus gelagert und im Einsatzfall optional verladen werden k\u00f6nnen. Diese sind wie folgt:<br><a href=\"https:\/\/www.feuerwehr-jockgrim.de\/?page_id=690\" data-type=\"page\" data-id=\"690\">Rollcontainer Schlauch<\/a> (2x)<br>Rollcontainer Schmutzwasserpumpe<br>Rollcontainer Tragkraftspritze<br>Rollcontainer Waldbrand<br>Rollcontainer Wassersauger (6x)<\/p>\n\n\n\n<p>Mehr Informationen zum Fahrzeug MZF 2 erhalten sie <a href=\"https:\/\/www.feuerwehr-jockgrim.de\/?page_id=125\">hier<\/a><\/p>\n","protected":false},"excerpt":{"rendered":"<p>Um unser MZF 2 effektiv einsetzen zu k\u00f6nnen, besitzen wir verschiedene Rollcontainer, mit denen das MZF 2 abh\u00e4ngig von der Einsatzmeldung best\u00fcckt werden kann. So kann es beispielsweise entweder f\u00fcr [&hellip;]<\/p>\n","protected":false},"author":2,"featured_media":0,"parent":0,"menu_order":0,"comment_status":"closed","ping_status":"closed","template":"","meta":{"_acf_changed":false,"footnotes":""},"class_list":["post-539","page","type-page","status-publish","hentry"],"acf":[],"_links":{"self":[{"href":"https:\/\/www.feuerwehr-jockgrim.de\/index.php?rest_route=\/wp\/v2\/pages\/539","targetHints":{"allow":["GET"]}}],"collection":[{"href":"https:\/\/www.feuerwehr-jockgrim.de\/index.php?rest_route=\/wp\/v2\/pages"}],"about":[{"href":"https:\/\/www.feuerwehr-jockgrim.de\/index.php?rest_route=\/wp\/v2\/types\/page"}],"author":[{"embeddable":true,"href":"https:\/\/www.feuerwehr-jockgrim.de\/index.php?rest_route=\/wp\/v2\/users\/2"}],"replies":[{"embeddable":true,"href":"https:\/\/www.feuerwehr-jockgrim.de\/index.php?rest_route=%2Fwp%2Fv2%2Fcomments&post=539"}],"version-history":[{"count":7,"href":"https:\/\/www.feuerwehr-jockgrim.de\/index.php?rest_route=\/wp\/v2\/pages\/539\/revisions"}],"predecessor-version":[{"id":2180,"href":"https:\/\/www.feuerwehr-jockgrim.de\/index.php?rest_route=\/wp\/v2\/pages\/539\/revisions\/2180"}],"wp:attachment":[{"href":"https:\/\/www.feuerwehr-jockgrim.de\/index.php?rest_route=%2Fwp%2Fv2%2Fmedia&parent=539"}],"curies":[{"name":"wp","href":"https:\/\/api.w.org\/{rel}","templated":true}]}}