{"id":530,"date":"2022-11-18T21:33:56","date_gmt":"2022-11-18T20:33:56","guid":{"rendered":"http:\/\/feuerwehr-jockgrim.org\/?page_id=530"},"modified":"2022-11-18T21:33:56","modified_gmt":"2022-11-18T20:33:56","slug":"ungestoerter-advent","status":"publish","type":"page","link":"https:\/\/www.feuerwehr-jockgrim.de\/?page_id=530","title":{"rendered":"Ungest\u00f6rter Advent"},"content":{"rendered":"\n<p>Wenn Weihnachten nicht mehr fern ist, geh\u00f6ren Adventskranz und Christbaum unbedingt zur festlichen Stimmung. Damit die Behaglichkeit nicht durch unliebsame \u00dcberraschungen getr\u00fcbt wird, sollten Sie einige Dinge beachten.<\/p>\n\n\n\n<ul class=\"wp-block-list\">\n<li>Stellen Sie Kerzen stets auf eine nicht brennbare Unterlage fern allen brennbaren Gegenst\u00e4nden.<\/li>\n\n\n\n<li>Stellen Sie keine gro\u00dfe Anzahl an Teelichtkerzen zusammen. Diese bilden zusammen eine gro\u00dfe hei\u00dfe Flamme, die sich nur sehr schwer l\u00f6schen l\u00e4sst. Das gilt auch f\u00fcr Teelichtofen!<\/li>\n\n\n\n<li>Bewahren Sie Feuerzeuge und Z\u00fcndh\u00f6lzer stets au\u00dfer Reichweite von Kindern auf.<\/li>\n\n\n\n<li>Brennen Sie Kerzen nie unbeaufsichtigt ab.<\/li>\n\n\n\n<li>Adventskr\u00e4nze wie auch Weihnachtsb\u00e4ume trocknen mit der Zeit aus und sind dann um so leichter entflammbar. Das trockene Reisig brennt mit hoher Geschwindigkeit und&nbsp; Temperatur ab, eine Ausbreitung auf das ganze Zimmer oder Wohnung ist deshalb stets m\u00f6glich. Halten Sie aus diesem Grund einen Eimer oder eine Bodenvase mit Wasser bereit.<\/li>\n\n\n\n<li>In Haushalten mit Kindern sind elektrische Kerzen ratsam. Diese sollten den VDE-Be-stimmungen entsprechen.<\/li>\n\n\n\n<li>Stellen Sie Ihren Weihnachtsbaum so auf, dass er sicher und in ausreichender Entfernung zu brennbaren Gegenst\u00e4nden steht.<\/li>\n\n\n\n<li>Bringen Sie Kerzen am Weihnachtsbaum so an, dass zu dar\u00fcberliegenden Zweigen ge-n\u00fcgend Abstand bleibt, und z\u00fcnden Sie die Kerzen stets von hinten nach vorn und von oben nach unten an. Verfahren Sie beim L\u00f6schen in umgekehrter Reihenfolge.<\/li>\n\n\n\n<li>Brennen Sie Wunderkerzen nie in unmittelbarer N\u00e4he zum Weihnachtsbaum ab, und entfernen Sie gl\u00fchende Reste sorgf\u00e4ltig.<\/li>\n\n\n\n<li>Auch bei der Zubereitung eines Festessens kann einmal etwas schiefgehen. Bedenken Sie, dass brennendes Fett in Pfanne oder Friteuse nie mit Wasser gel\u00f6scht werden darf, spritz-endes Fett ist h\u00f6chst gef\u00e4hrlich. Legen Sie im Falle eines Falles den Deckel auf den Topf<br>oder Pfanne, und nehmen Sie das Beh\u00e4ltnis von der Herdplatte. Ein festsitzender Deckel erstickt das Feuer, die Flamme erlischt.<\/li>\n\n\n\n<li>Im Blick auf Silvester gilt: Feuerwerksk\u00f6rper geh\u00f6ren nicht in Kinderh\u00e4nde.<\/li>\n<\/ul>\n","protected":false},"excerpt":{"rendered":"<p>Wenn Weihnachten nicht mehr fern ist, geh\u00f6ren Adventskranz und Christbaum unbedingt zur festlichen Stimmung. Damit die Behaglichkeit nicht durch unliebsame \u00dcberraschungen getr\u00fcbt wird, sollten Sie einige Dinge beachten.<\/p>\n","protected":false},"author":1,"featured_media":0,"parent":0,"menu_order":0,"comment_status":"closed","ping_status":"closed","template":"","meta":{"_acf_changed":false,"footnotes":""},"class_list":["post-530","page","type-page","status-publish","hentry"],"acf":[],"_links":{"self":[{"href":"https:\/\/www.feuerwehr-jockgrim.de\/index.php?rest_route=\/wp\/v2\/pages\/530","targetHints":{"allow":["GET"]}}],"collection":[{"href":"https:\/\/www.feuerwehr-jockgrim.de\/index.php?rest_route=\/wp\/v2\/pages"}],"about":[{"href":"https:\/\/www.feuerwehr-jockgrim.de\/index.php?rest_route=\/wp\/v2\/types\/page"}],"author":[{"embeddable":true,"href":"https:\/\/www.feuerwehr-jockgrim.de\/index.php?rest_route=\/wp\/v2\/users\/1"}],"replies":[{"embeddable":true,"href":"https:\/\/www.feuerwehr-jockgrim.de\/index.php?rest_route=%2Fwp%2Fv2%2Fcomments&post=530"}],"version-history":[{"count":1,"href":"https:\/\/www.feuerwehr-jockgrim.de\/index.php?rest_route=\/wp\/v2\/pages\/530\/revisions"}],"predecessor-version":[{"id":531,"href":"https:\/\/www.feuerwehr-jockgrim.de\/index.php?rest_route=\/wp\/v2\/pages\/530\/revisions\/531"}],"wp:attachment":[{"href":"https:\/\/www.feuerwehr-jockgrim.de\/index.php?rest_route=%2Fwp%2Fv2%2Fmedia&parent=530"}],"curies":[{"name":"wp","href":"https:\/\/api.w.org\/{rel}","templated":true}]}}