{"id":528,"date":"2022-11-18T21:25:12","date_gmt":"2022-11-18T20:25:12","guid":{"rendered":"http:\/\/feuerwehr-jockgrim.org\/?page_id=528"},"modified":"2022-11-18T21:25:13","modified_gmt":"2022-11-18T20:25:13","slug":"umgang-mit-elektrogeraeten","status":"publish","type":"page","link":"https:\/\/www.feuerwehr-jockgrim.de\/?page_id=528","title":{"rendered":"Umgang mit Elektroger\u00e4ten"},"content":{"rendered":"\n<ul class=\"wp-block-list\">\n<li>Lassen Sie elektrische Ger\u00e4te w\u00e4hrend der Betriebszeiten nicht unbeaufsichtigt.<\/li>\n\n\n\n<li>Lassen Sie defekte Ger\u00e4te nur vom Fachmann reparieren.<\/li>\n\n\n\n<li>Achten Sie beim Kauf neuer Ger\u00e4te auf die Zeichen GS (Gepr\u00fcfte Sicherheit) und VDE (Verband Deutscher Elektrotechniker).<\/li>\n\n\n\n<li>Stellen Sie w\u00e4rmeerzeugende Ger\u00e4te wie B\u00fcgeleisen oder Tauchsieder stets auf eine nicht brennbare Unterlage.<\/li>\n\n\n\n<li>In Schr\u00e4nke eingebaute Fernseher sollten zu den Schrankw\u00e4nden gen\u00fcgend Abstand haben (mindestens zehn Zentimeter), da die Betriebsw\u00e4rme abgef\u00fchrt werden muss. Schlie\u00dfen Sie nach dem Abschalten die Schrankt\u00fcren nicht sofort, lassen Sie das Ger\u00e4t abk\u00fchlen. Schalten Sie den Fernseher f\u00fcr l\u00e4ngere Zeit nicht \u00fcber die Bereitschaftstaste (stand by), sondern \u00fcber den Hauptschalter ab.<\/li>\n\n\n\n<li>Achten Sie bei dem Betrieb von Heizl\u00fcftern darauf, dass sich brennbare Gegenst\u00e4nde in ausreichendem Abstand befinden.<\/li>\n\n\n\n<li>Achten Sie darauf, dass Lampen, die auf B\u00fchnen oder Kellern installiert sind, nicht durch brennbare Gegenst\u00e4nde verstellt werden. Auch Lampen erzeugen beim Betrieb genug W\u00e4rme, um einen Brand zu erzeugen.<\/li>\n\n\n\n<li>Reparieren oder \u00fcberbr\u00fccken Sie Sicherungen grunds\u00e4tzlich nicht, tauschen Sie diese&nbsp; gegen Neue aus.<\/li>\n\n\n\n<li>Betreiben Sie \u00fcber eine Steckdose und ein angeschlossenes Verteilerst\u00fcck nicht mehrere Ger\u00e4te gleichzeitig. Die elektrischen Leitungen k\u00f6nnen sich erw\u00e4rmen und die Isolierung zum Schmelzen bringen. Dies gilt besonders f\u00fcr Stromkabel \u00e4lteren Datums.<\/li>\n<\/ul>\n","protected":false},"excerpt":{"rendered":"","protected":false},"author":1,"featured_media":0,"parent":0,"menu_order":0,"comment_status":"closed","ping_status":"closed","template":"","meta":{"_acf_changed":false,"footnotes":""},"class_list":["post-528","page","type-page","status-publish","hentry"],"acf":[],"_links":{"self":[{"href":"https:\/\/www.feuerwehr-jockgrim.de\/index.php?rest_route=\/wp\/v2\/pages\/528","targetHints":{"allow":["GET"]}}],"collection":[{"href":"https:\/\/www.feuerwehr-jockgrim.de\/index.php?rest_route=\/wp\/v2\/pages"}],"about":[{"href":"https:\/\/www.feuerwehr-jockgrim.de\/index.php?rest_route=\/wp\/v2\/types\/page"}],"author":[{"embeddable":true,"href":"https:\/\/www.feuerwehr-jockgrim.de\/index.php?rest_route=\/wp\/v2\/users\/1"}],"replies":[{"embeddable":true,"href":"https:\/\/www.feuerwehr-jockgrim.de\/index.php?rest_route=%2Fwp%2Fv2%2Fcomments&post=528"}],"version-history":[{"count":1,"href":"https:\/\/www.feuerwehr-jockgrim.de\/index.php?rest_route=\/wp\/v2\/pages\/528\/revisions"}],"predecessor-version":[{"id":529,"href":"https:\/\/www.feuerwehr-jockgrim.de\/index.php?rest_route=\/wp\/v2\/pages\/528\/revisions\/529"}],"wp:attachment":[{"href":"https:\/\/www.feuerwehr-jockgrim.de\/index.php?rest_route=%2Fwp%2Fv2%2Fmedia&parent=528"}],"curies":[{"name":"wp","href":"https:\/\/api.w.org\/{rel}","templated":true}]}}