{"id":515,"date":"2022-11-18T20:01:28","date_gmt":"2022-11-18T19:01:28","guid":{"rendered":"http:\/\/feuerwehr-jockgrim.org\/?page_id=515"},"modified":"2022-11-18T20:01:28","modified_gmt":"2022-11-18T19:01:28","slug":"raucher","status":"publish","type":"page","link":"https:\/\/www.feuerwehr-jockgrim.de\/?page_id=515","title":{"rendered":"Raucher?"},"content":{"rendered":"\n<p>Raucher aufgepasst!<\/p>\n\n\n\n<ul class=\"wp-block-list\">\n<li>Rauchen Sie Ihre Betthupferl-Zigarette nicht in Sessel oder Bett, insbesondere nach reichlichem Alkoholgenuss.<\/li>\n\n\n\n<li>Dr\u00fccken Sie Ihre Zigarette im Aschenbecher sorgf\u00e4ltig aus und denken Sie daran, dass eine hei\u00dfe Zigarettenglut im M\u00fclleimer nichts zu suchen hat.<\/li>\n\n\n\n<li>Wenn Aschbecher zur Verf\u00fcgung stehen, benutzen Sie diese bitte auch.<\/li>\n\n\n\n<li>Rauchen Sie nicht w\u00e4hrend des Umgangs mit leicht entz\u00fcndlichen Fl\u00fcssigkeiten.<\/li>\n\n\n\n<li>Halten Sie sich stets an Rauchverbote, zum Beispiel an Tankstellen, in Lagerr\u00e4umen, Labors, Arbeitsst\u00e4tten, Gesch\u00e4ftsh\u00e4usern und Theatern.<\/li>\n\n\n\n<li>Denken Sie auch an das Rauchverbot im Wald.<\/li>\n\n\n\n<li>Verzichten Sie nach M\u00f6glichkeit auf die Zigarette beim Autofahren. Wenn Sie trotdem rauchen, seien Sie besonders vorsichtig und dr\u00fccken Sie die Kippe im Aschenbecher gut aus. Eine heruntergefallene oder unachtsam weggeworfene Zigarette f\u00fchrt nicht selten zum Verkehrsunfall.<\/li>\n<\/ul>\n","protected":false},"excerpt":{"rendered":"<p>Raucher aufgepasst!<\/p>\n","protected":false},"author":1,"featured_media":0,"parent":0,"menu_order":0,"comment_status":"closed","ping_status":"closed","template":"","meta":{"_acf_changed":false,"footnotes":""},"class_list":["post-515","page","type-page","status-publish","hentry"],"acf":[],"_links":{"self":[{"href":"https:\/\/www.feuerwehr-jockgrim.de\/index.php?rest_route=\/wp\/v2\/pages\/515","targetHints":{"allow":["GET"]}}],"collection":[{"href":"https:\/\/www.feuerwehr-jockgrim.de\/index.php?rest_route=\/wp\/v2\/pages"}],"about":[{"href":"https:\/\/www.feuerwehr-jockgrim.de\/index.php?rest_route=\/wp\/v2\/types\/page"}],"author":[{"embeddable":true,"href":"https:\/\/www.feuerwehr-jockgrim.de\/index.php?rest_route=\/wp\/v2\/users\/1"}],"replies":[{"embeddable":true,"href":"https:\/\/www.feuerwehr-jockgrim.de\/index.php?rest_route=%2Fwp%2Fv2%2Fcomments&post=515"}],"version-history":[{"count":1,"href":"https:\/\/www.feuerwehr-jockgrim.de\/index.php?rest_route=\/wp\/v2\/pages\/515\/revisions"}],"predecessor-version":[{"id":516,"href":"https:\/\/www.feuerwehr-jockgrim.de\/index.php?rest_route=\/wp\/v2\/pages\/515\/revisions\/516"}],"wp:attachment":[{"href":"https:\/\/www.feuerwehr-jockgrim.de\/index.php?rest_route=%2Fwp%2Fv2%2Fmedia&parent=515"}],"curies":[{"name":"wp","href":"https:\/\/api.w.org\/{rel}","templated":true}]}}