{"id":503,"date":"2022-11-18T19:24:24","date_gmt":"2022-11-18T18:24:24","guid":{"rendered":"http:\/\/feuerwehr-jockgrim.org\/?page_id=503"},"modified":"2025-09-02T17:46:16","modified_gmt":"2025-09-02T15:46:16","slug":"notruf","status":"publish","type":"page","link":"https:\/\/www.feuerwehr-jockgrim.de\/?page_id=503","title":{"rendered":"Notruf"},"content":{"rendered":"\n<figure class=\"wp-block-table\"><table><tbody><tr><td>Feuerwehr<\/td><td>112<\/td><\/tr><tr><td>Rettungsdienst<\/td><td>112<\/td><\/tr><tr><td>Polizei<\/td><td>110<\/td><\/tr><tr><td>Polizei W\u00f6rth (Nummer nicht f\u00fcr Notrufe)<\/td><td>07271-92210<\/td><\/tr><tr><td>Notruf f\u00fcr Sprach- und H\u00f6rgesch\u00e4digte<\/td><td>\u00dcber App <a rel=\"noreferrer noopener\" href=\"https:\/\/www.nora-notruf.de\" target=\"_blank\">https:\/\/www.nora-notruf.de<\/a> oder <a href=\"http:\/\/www.notfall-telefax112.de\/notfall-telefax-vorlagen.html\" target=\"_blank\" rel=\"noreferrer noopener\">Notfallfax<\/a> an die 112<\/td><\/tr><tr><td>\u00c4rztl. Notdienst Kandel<\/td><td>07275-19292<\/td><\/tr><tr><td>\u00c4rztl. Bereitschaftsdienst f\u00fcr nicht lebensbedrohliche Erkrankungen 24\/7<\/td><td>116117<\/td><\/tr><tr><td>Krankenbef\u00f6rderung<\/td><td>19222<\/td><\/tr><tr><td>Giftnotrufzentrale Mainz (<a href=\"https:\/\/www.bvl.bund.de\/DE\/Arbeitsbereiche\/01_Lebensmittel\/03_Verbraucher\/09_InfektionenIntoxikationen\/02_Giftnotrufzentralen\/lm_LMVergiftung_giftnotrufzentralen_node.html\" target=\"_blank\" rel=\"noreferrer noopener\">Bundesweite Liste<\/a>)<\/td><td>06131-19240<\/td><\/tr><tr><td>Tiernotruf Karlsruhe (<a rel=\"noreferrer noopener\" href=\"https:\/\/www.tierschutzhof-karlsruhe.de\" target=\"_blank\">Webseite<\/a>) (<a rel=\"noreferrer noopener\" href=\"https:\/\/www.tierheim-karlsruhe.de\/notrufnummer-hilfe-fuer-wildtiere\/\" target=\"_blank\">Weitere Nummern<\/a>)<\/td><td>0721-495566<\/td><\/tr><tr><td>Tiernotruf UNA 24\/7 (auch S\u00fcdpfalz und KA) (<a href=\"https:\/\/www.tierrettungsdienst.eu\/\" target=\"_blank\" rel=\"noreferrer noopener\">Webseite<\/a>)<\/td><td>01805-5-952-952<\/td><\/tr><tr><td>Kleintierklinik Ettlingen 24\/7 (<a href=\"https:\/\/www.kleintierklinik-ettlingen.de\/\" data-type=\"link\" data-id=\"https:\/\/www.kleintierklinik-ettlingen.de\/\" target=\"_blank\" rel=\"noreferrer noopener\">Webseite<\/a>)<\/td><td>07243-77977<\/td><\/tr><tr><td>Kleintierklinik Germersheim (<a href=\"https:\/\/tierklinik-ger.de\" target=\"_blank\" rel=\"noreferrer noopener\">Webseite<\/a>)<\/td><td>07274\u20138280<\/td><\/tr><\/tbody><\/table><\/figure>\n\n\n\n<h1 class=\"wp-block-heading\">Es brennt was tun?<\/h1>\n\n\n\n<p>Ruhe bewahren und &#8230;<\/p>\n\n\n\n<ol class=\"wp-block-list\">\n<li>Notruf 112 anrufen\n<ul class=\"wp-block-list\">\n<li>Wo ist etwas passiert?<\/li>\n\n\n\n<li>Was ist passiert?<\/li>\n\n\n\n<li>Wie viele Verletzte gibt es?<\/li>\n\n\n\n<li>Welche Arten von Verletzungen\/Erkrankungen liegen vor?<\/li>\n\n\n\n<li>Warten Sie auf m\u00f6gliche R\u00fcckfragen<\/li>\n<\/ul>\n<\/li>\n\n\n\n<li>Personen retten\n<ul class=\"wp-block-list\">\n<li>Keinen Aufzug benutzen!<\/li>\n\n\n\n<li>Kleiderbrand ersticken!<\/li>\n\n\n\n<li>Um Betroffene k\u00fcmmern!<\/li>\n<\/ul>\n<\/li>\n\n\n\n<li>\u00d6ffnungen schlie\u00dfen\n<ul class=\"wp-block-list\">\n<li>Zugluft vermeiden!<\/li>\n\n\n\n<li>Verqualmung unterkriechen!<\/li>\n<\/ul>\n<\/li>\n\n\n\n<li>Brand bek\u00e4mpfen\n<ul class=\"wp-block-list\">\n<li>Kein Risiko eingehen!<\/li>\n\n\n\n<li>Geeignetes L\u00f6schmittel verwenden!<\/li>\n<\/ul>\n<\/li>\n<\/ol>\n\n\n\n<h2 class=\"wp-block-heading\">Wo kommt der Notruf f\u00fcr die Feuerwehr an?<\/h2>\n\n\n\n<p>Bei der <a href=\"https:\/\/www.rd-suedpfalz.drk.de\/integrierte-leitstelle\/leitstelle.html\" target=\"_blank\" rel=\"noreferrer noopener\">Integrierte Leitstelle S\u00fcdpfalz in Landau<\/a>. Hier werden alle Notrufanfragen rund um die Uhr bearbeitet und diese alarmiert sofort alle zust\u00e4ndigen Einheiten.<\/p>\n","protected":false},"excerpt":{"rendered":"<p>Feuerwehr 112 Rettungsdienst 112 Polizei 110 Polizei W\u00f6rth (Nummer nicht f\u00fcr Notrufe) 07271-92210 Notruf f\u00fcr Sprach- und H\u00f6rgesch\u00e4digte \u00dcber App https:\/\/www.nora-notruf.de oder Notfallfax an die 112 \u00c4rztl. Notdienst Kandel 07275-19292 \u00c4rztl. Bereitschaftsdienst f\u00fcr nicht lebensbedrohliche Erkrankungen 24\/7 116117 Krankenbef\u00f6rderung 19222 Giftnotrufzentrale Mainz (Bundesweite Liste) 06131-19240 Tiernotruf Karlsruhe (Webseite) (Weitere Nummern) 0721-495566 Tiernotruf UNA 24\/7 (auch [&hellip;]<\/p>\n","protected":false},"author":1,"featured_media":0,"parent":0,"menu_order":0,"comment_status":"closed","ping_status":"closed","template":"","meta":{"_acf_changed":false,"footnotes":""},"class_list":["post-503","page","type-page","status-publish","hentry"],"acf":[],"_links":{"self":[{"href":"https:\/\/www.feuerwehr-jockgrim.de\/index.php?rest_route=\/wp\/v2\/pages\/503","targetHints":{"allow":["GET"]}}],"collection":[{"href":"https:\/\/www.feuerwehr-jockgrim.de\/index.php?rest_route=\/wp\/v2\/pages"}],"about":[{"href":"https:\/\/www.feuerwehr-jockgrim.de\/index.php?rest_route=\/wp\/v2\/types\/page"}],"author":[{"embeddable":true,"href":"https:\/\/www.feuerwehr-jockgrim.de\/index.php?rest_route=\/wp\/v2\/users\/1"}],"replies":[{"embeddable":true,"href":"https:\/\/www.feuerwehr-jockgrim.de\/index.php?rest_route=%2Fwp%2Fv2%2Fcomments&post=503"}],"version-history":[{"count":8,"href":"https:\/\/www.feuerwehr-jockgrim.de\/index.php?rest_route=\/wp\/v2\/pages\/503\/revisions"}],"predecessor-version":[{"id":2281,"href":"https:\/\/www.feuerwehr-jockgrim.de\/index.php?rest_route=\/wp\/v2\/pages\/503\/revisions\/2281"}],"wp:attachment":[{"href":"https:\/\/www.feuerwehr-jockgrim.de\/index.php?rest_route=%2Fwp%2Fv2%2Fmedia&parent=503"}],"curies":[{"name":"wp","href":"https:\/\/api.w.org\/{rel}","templated":true}]}}