{"id":498,"date":"2022-11-18T18:23:29","date_gmt":"2022-11-18T17:23:29","guid":{"rendered":"http:\/\/feuerwehr-jockgrim.org\/?page_id=498"},"modified":"2022-11-18T18:23:30","modified_gmt":"2022-11-18T17:23:30","slug":"heimwerkertaetigkeit","status":"publish","type":"page","link":"https:\/\/www.feuerwehr-jockgrim.de\/?page_id=498","title":{"rendered":"Heimwerkert\u00e4tigkeit"},"content":{"rendered":"\n<ul class=\"wp-block-list\">\n<li>Halten Sie Ihre Heimwerkstatt unbedingt sauber.<\/li>\n\n\n\n<li>Verschlie\u00dfen Sie die Beh\u00e4lter, in denen Sie L\u00f6sungsmittel, Farben oder \u00e4hnliches aufbewahren. L\u00fcften Sie den Raum nach dem Umgang mit L\u00f6sungsmitteln gut durch. Es gen\u00fcgen bereit geringe Konzentrationen von D\u00e4mpfen einer brennbaren Fl\u00fcssigkeit und ein energiearmer Z\u00fcndfunken, um eine Verpuffung im Raum auszul\u00f6sen. Verpuffungen k\u00f6nnen einen solchen Druck erzeugen, dass bauliche Sch\u00e4den entstehen.<\/li>\n\n\n\n<li>Nach S\u00e4gearbeiten das anfallende S\u00e4gemehl unbedingt entfernen. Wird w\u00e4hrend eines Brandes liegengebliebenes S\u00e4gemehl aufgewirbelt, kann eine Staubexplosion entstehen, die f\u00fcr eine schlagartige Brandausbreitung sorgt.<\/li>\n\n\n\n<li>Wenn Sie Kunststoffkleber oder Versiegelungsmittel verwenden, denken Sie daran, dass es sich auch hierbei um brand- oder explosionsf\u00e4hige Materialien handelt. Achten Sie bei Verlegearbeiten darauf, dass kein offenes Licht oder Feuer brennt. Denken Sie besonders an die Z\u00fcndflammen in Durchlauferhitzer oder Gas\u00f6fen. D\u00e4mpfe von brennbaren Fl\u00fcssigkeiten sind vielfach schwerer aus Luft, kontrollieren Sie deshalb darunter liegende R\u00e4ume.<\/li>\n\n\n\n<li>Bei&nbsp; Schwei\u00df- und L\u00f6tarbeiten entstehen Temperaturen bis zirka 3000 \u00b0C. Bei solchen Arbeiten sollte deshalb schon vor Arbeitsbeginn besondere Sorgfalt erfolgen.<\/li>\n\n\n\n<li>Halten Sie alle brennbaren Gegenst\u00e4nde in einen sicheren Abstand.<\/li>\n\n\n\n<li>Brennbare Gegenst\u00e4nde, die nicht entfernt werden k\u00f6nnen, m\u00fcssen mit einer ausreichend gro\u00dfen nicht brennbaren Platte (keine Metallplatte) abgedeckt werden. Am besten eignet sich eine Mineralfaserplatte oder eine spezielle L\u00f6schdecke. Denken Sie auch an brennbare Gegenst\u00e4nde, die unter Putz liegen.<\/li>\n\n\n\n<li>\u00d6ffnungen an Wandritzen und Dehnfugen sollten gut abgedeckt sein.<\/li>\n\n\n\n<li>Stellen Sie einen Feuerl\u00f6scher oder einen Eimer mit Wasser bereit.<\/li>\n\n\n\n<li>Kontrollieren Sie Ihre Arbeitsstelle nach Abschluss der Arbeit.<\/li>\n<\/ul>\n","protected":false},"excerpt":{"rendered":"","protected":false},"author":1,"featured_media":0,"parent":0,"menu_order":0,"comment_status":"closed","ping_status":"closed","template":"","meta":{"_acf_changed":false,"footnotes":""},"class_list":["post-498","page","type-page","status-publish","hentry"],"acf":[],"_links":{"self":[{"href":"https:\/\/www.feuerwehr-jockgrim.de\/index.php?rest_route=\/wp\/v2\/pages\/498","targetHints":{"allow":["GET"]}}],"collection":[{"href":"https:\/\/www.feuerwehr-jockgrim.de\/index.php?rest_route=\/wp\/v2\/pages"}],"about":[{"href":"https:\/\/www.feuerwehr-jockgrim.de\/index.php?rest_route=\/wp\/v2\/types\/page"}],"author":[{"embeddable":true,"href":"https:\/\/www.feuerwehr-jockgrim.de\/index.php?rest_route=\/wp\/v2\/users\/1"}],"replies":[{"embeddable":true,"href":"https:\/\/www.feuerwehr-jockgrim.de\/index.php?rest_route=%2Fwp%2Fv2%2Fcomments&post=498"}],"version-history":[{"count":1,"href":"https:\/\/www.feuerwehr-jockgrim.de\/index.php?rest_route=\/wp\/v2\/pages\/498\/revisions"}],"predecessor-version":[{"id":499,"href":"https:\/\/www.feuerwehr-jockgrim.de\/index.php?rest_route=\/wp\/v2\/pages\/498\/revisions\/499"}],"wp:attachment":[{"href":"https:\/\/www.feuerwehr-jockgrim.de\/index.php?rest_route=%2Fwp%2Fv2%2Fmedia&parent=498"}],"curies":[{"name":"wp","href":"https:\/\/api.w.org\/{rel}","templated":true}]}}