{"id":486,"date":"2022-11-18T16:06:56","date_gmt":"2022-11-18T15:06:56","guid":{"rendered":"http:\/\/feuerwehr-jockgrim.org\/?page_id=486"},"modified":"2025-09-02T18:01:11","modified_gmt":"2025-09-02T16:01:11","slug":"die-feuerwehr-nicht-behindern","status":"publish","type":"page","link":"https:\/\/www.feuerwehr-jockgrim.de\/?page_id=486","title":{"rendered":"Die Feuerwehr nicht behindern"},"content":{"rendered":"\n<p>Niemand denkt gerne daran, dass es in seinem Haus oder in seiner Stra\u00dfe einmal brennen k\u00f6nnte. Dennoch sollte man sich im Alltag so verhalten, dass die Arbeit der Feuerwehr nicht unn\u00f6tig behindert wird.<\/p>\n\n\n\n<ul class=\"wp-block-list\">\n<li>Stellen Sie Ihr Fahrzeug immer so ab, das eine <strong>Mindestdurchfahrtsbreite von drei Meter<\/strong> verbleiben. Bedenken Sie beim Parken in Kurven, dass Feuerwehrfahrzeuge einen gr\u00f6\u00dferen Kurvenradius besitzen als ein PKW.<\/li>\n\n\n\n<li>Stellen Sie Ihr Fahrzeug nie in Bereichen ab, die als Brandschutzzone, Feuerwehrzufahrt oder Feuerwehraufstellfl\u00e4che gekennzeichnet sind.<\/li>\n\n\n\n<li>Stellen Sie Ihr Fahrzeug immer so ab, dass Unterflurhydranten (ovaler Metalldeckel mit der Aufschrift &#8222;Hydrant&#8220; auf der Stra\u00dfen oder Gehweg) stehts frei zug\u00e4nglich sind und nicht verdeckt werden, halten die mindestens 1m Abstand zu einem Hydranten.<\/li>\n<\/ul>\n\n\n\n<p><strong>Bitte diese Hydrantenschilder beachten:<\/strong><\/p>\n\n\n\n<div class=\"wp-block-media-text alignwide is-stacked-on-mobile\"><figure class=\"wp-block-media-text__media\"><img loading=\"lazy\" decoding=\"async\" width=\"300\" height=\"242\" src=\"https:\/\/www.feuerwehr-jockgrim.de\/wp-content\/uploads\/2022\/11\/hydrantenschild.jpg\" alt=\"\" class=\"wp-image-487 size-full\"\/><\/figure><div class=\"wp-block-media-text__content\">\n<p>Dieses Schild zeigt die Stelle eines Unterflurhydranten an:<\/p>\n\n\n\n<p><strong>H 100: <\/strong><br>Durchmesser Versorgungsleitung in mm<\/p>\n\n\n\n<p><strong>4,5 \/ 3,5: <\/strong><br>Entfernung zum Hydranten<br>3,5 m vor dem Schild<br>4,5 m rechts vom Schild<\/p>\n<\/div><\/div>\n\n\n\n<ul class=\"wp-block-list\">\n<li>In verkehrsberuhigten Zonen sind h\u00e4ufig Sperrvorrichtungen wie Ketten, Sperrpfosten oder Sperrbalken angebracht. Diese sind unbedingt freizuhalten. Die Feuerwehr besitzt Schl\u00fcssel, um die Sperren zu \u00f6ffnen, doch wenn diese zugeparkt sind, m\u00fcssen zeitraubende Umwege zum Nachteil der Betroffenen in Kauf genommen werden, oder Fahrzeuge entfernt werden.<\/li>\n\n\n\n<li>Die Feuerwehr kann nicht jedes Geb\u00e4ude direkt anfahren, einige liegen etwas entfernt von \u00f6ffentlichen Verkehrsfl\u00e4chen. Um diese Geb\u00e4ude zu erreichen, m\u00fcssen oft l\u00e4ngere Strecken zu Fu\u00df mit schwerem Einsatzger\u00e4t zur\u00fcckgelegt werden. Beachten Sie bitte, dass diese Zug\u00e4nge eine Breite von 1,25 m und T\u00fcrbreiten von 1 m haben m\u00fcssen. Benutzen Sie diese Wege bitte nicht als Abstellfl\u00e4chen.<\/li>\n\n\n\n<li>Halten sie im Winter den Unterflurhydranten frei von Schnee und Eis.<\/li>\n<\/ul>\n\n\n\n<p><\/p>\n","protected":false},"excerpt":{"rendered":"<p>Niemand denkt gerne daran, dass es in seinem Haus oder in seiner Stra\u00dfe einmal brennen k\u00f6nnte. Dennoch sollte man sich im Alltag so verhalten, dass die Arbeit der Feuerwehr nicht unn\u00f6tig behindert wird. Bitte diese Hydrantenschilder beachten: Dieses Schild zeigt die Stelle eines Unterflurhydranten an: H 100: Durchmesser Versorgungsleitung in mm 4,5 \/ 3,5: Entfernung [&hellip;]<\/p>\n","protected":false},"author":1,"featured_media":0,"parent":0,"menu_order":0,"comment_status":"closed","ping_status":"closed","template":"","meta":{"_acf_changed":false,"footnotes":""},"class_list":["post-486","page","type-page","status-publish","hentry"],"acf":[],"_links":{"self":[{"href":"https:\/\/www.feuerwehr-jockgrim.de\/index.php?rest_route=\/wp\/v2\/pages\/486","targetHints":{"allow":["GET"]}}],"collection":[{"href":"https:\/\/www.feuerwehr-jockgrim.de\/index.php?rest_route=\/wp\/v2\/pages"}],"about":[{"href":"https:\/\/www.feuerwehr-jockgrim.de\/index.php?rest_route=\/wp\/v2\/types\/page"}],"author":[{"embeddable":true,"href":"https:\/\/www.feuerwehr-jockgrim.de\/index.php?rest_route=\/wp\/v2\/users\/1"}],"replies":[{"embeddable":true,"href":"https:\/\/www.feuerwehr-jockgrim.de\/index.php?rest_route=%2Fwp%2Fv2%2Fcomments&post=486"}],"version-history":[{"count":4,"href":"https:\/\/www.feuerwehr-jockgrim.de\/index.php?rest_route=\/wp\/v2\/pages\/486\/revisions"}],"predecessor-version":[{"id":2284,"href":"https:\/\/www.feuerwehr-jockgrim.de\/index.php?rest_route=\/wp\/v2\/pages\/486\/revisions\/2284"}],"wp:attachment":[{"href":"https:\/\/www.feuerwehr-jockgrim.de\/index.php?rest_route=%2Fwp%2Fv2%2Fmedia&parent=486"}],"curies":[{"name":"wp","href":"https:\/\/api.w.org\/{rel}","templated":true}]}}