{"id":464,"date":"2022-11-18T15:43:11","date_gmt":"2022-11-18T14:43:11","guid":{"rendered":"http:\/\/feuerwehr-jockgrim.org\/?page_id=464"},"modified":"2022-11-18T21:01:18","modified_gmt":"2022-11-18T20:01:18","slug":"der-beste-schutz-im-und-um-das-haus","status":"publish","type":"page","link":"https:\/\/www.feuerwehr-jockgrim.de\/?page_id=464","title":{"rendered":"Der beste Schutz im und um das Haus"},"content":{"rendered":"\n<p>Jeder sollte auch einmal dar\u00fcber nachdenken, dass es auch in seinem Haus oder seiner Wohnung brennen kann. Tritt der Ernstfall tats\u00e4chlich ein, ist es wichtig zu wissen, was zu tun ist. Ansonsten gilt <strong>Vorbeugen ist der beste Schutz!<\/strong><\/p>\n\n\n\n<h3 class=\"wp-block-heading\">Wie man unn\u00f6tige Gefahren vermeidet, zeigen die folgenden Tips:<\/h3>\n\n\n\n<ul class=\"wp-block-list\">\n<li>Die Rauchmelder m\u00fcssen nach DIN EN 14604 zugelassen sein. Rauchemelder mit einer VdS-Zertifizierung oder Q-Zertifizierung entsprechen der DIN EN 14604. <br>Rauchmelder m\u00fcssen in Schlafzimmer, Kinderzimmer, In allen Fluren<strong>\u00a0<\/strong>in der Wohnung bzw. im Einfamilienhaus,\u00a0\u00fcber die Rettungswege ins Treppenhaus oder ins Freie f\u00fchren,\u00a0ist jeweils mindestens ein Rauchmelder\u00a0zu installieren. In Einfamilienh\u00e4usern mit einem offenen Treppenraum gilt dieser auch als Fluchtweg und muss mit\u00a0einem Melder auf jedem Stockwerk\u00a0ausgestattet werden.\u00a0<br>Viele wissen nicht: <strong>Im Schlaf riecht man nichts!<\/strong><br>Eine Funktionspr\u00fcfung ist j\u00e4hrlich zu dokumentieren. Diese Dokumentation ist feuersicher aufzubewahren. Viele Dienstleister bieten diesen Service an, kann man aber auch selber machen.<\/li>\n\n\n\n<li>Bei Verbrennerheizungen und \u00d6fen verwenden Sie bitte CO-Melder. Kohlenstoffmonoxid (CO-Gase) ist geruchsneutral und sind damit nicht riechbar. Kohlenstoffmonoxid bindet sich im K\u00f6rper leichter wie Sauerstoff und es besteht Erstickungsgefahr! Bei Aufnahme von Kohlenstoffmonoxid im K\u00f6rper besteht die Gefahr von Bewusstlosigkeit was anschlie\u00dfend den Tod durch Erstickung zu Folge hat. Erste Anzeichen einer Kohlenstoffmonoxid-Vergiftung sind Kopfschmerzen und Schwindel.<br>Bitte seien sie bei defekten Heizungen grunds\u00e4tzlich vorsichtig. Grillen sie niemals im Geb\u00e4ude! Bei Verwendung einer Dunstabzugshaube in der K\u00fcche, \u00f6ffnen Sie ein Fenster oder stellen das Fenster auf &#8222;kipp&#8220;, bei vorhandensein einer Verbrennerheizung bzw. Ofen.<\/li>\n\n\n\n<li>Der erste Rettungsweg aus Ihrem Haus ist der Treppenraum; verstellen Sie diesen nicht durch M\u00f6bel oder Ger\u00fcmpel.<\/li>\n\n\n\n<li>Wenn Sie kein Telefon besitzen, sollten Sie wissen, wo sich das n\u00e4chste m\u00fcnzfreie Notruftelefon befindet.<\/li>\n\n\n\n<li>Ein Notruf muss folgende Angaben beinhalten: Von wo wird angerufen? Wer ruft an? Was ist passiert? Wieviel Personen sind verletzt?<\/li>\n\n\n\n<li>Denken Sie beim Abstellen Ihres Fahrzeuges auch an die Feuerwehr und andere Hilfsorganisationen. Sie ben\u00f6tigen eine Durchfahrtsbreite von mindestens drei Meter.<\/li>\n\n\n\n<li>Fahrzeuge nicht \u00fcber Hydranten abstellen; Hinweisschilder beachten.<\/li>\n\n\n\n<li>Z\u00fcndh\u00f6lzer und Feuerzeuge geh\u00f6ren nicht in Kinderh\u00e4nde.<\/li>\n\n\n\n<li>Wenn Sie in einem Glasgef\u00e4\u00df brennbare Fl\u00fcssigkeiten wie Benzin oder Spiritus aufbewahren, darf die Menge von einem Liter nicht \u00fcberschritten werden.<\/li>\n\n\n\n<li>Wenn Ihr \u00d6lofen an keinen Kellertank angeschlossen ist, d\u00fcrfen in der Wohnung nicht mehr als 40 Liter Heiz\u00f6l in einem Kanister lagern.<\/li>\n\n\n\n<li>Hantieren Sie bei offenem Licht (Kerze oder Zigaretten) niemals mit brennbaren Fl\u00fcssigkeiten.<\/li>\n\n\n\n<li>Spraydosen d\u00fcrfen auf keinen Fall einer direkten W\u00e4rmestrahlung ausgesetzt werden.<\/li>\n\n\n\n<li>Stellen Sie brennende Kerzen stets auf eine nicht brennbare Unterlage.<\/li>\n\n\n\n<li>Offenes Licht wie Kerzen oder Petroleumlampen niemals im Bereich brennbarer Materialien aufstellen.<\/li>\n\n\n\n<li>Werfen Sie keine brennende Zigarette in den Papierkorb oder Abfalleimer.<\/li>\n\n\n\n<li>Rauchen Sie niemals im Bett.<\/li>\n\n\n\n<li>Lassen Sie elektrische Ger\u00e4te wie B\u00fcgeleisen, Toaster oder Heizdecken nie unbeaufsichtigt.<\/li>\n\n\n\n<li>Keine Mehrfachsteckdosenleisten verl\u00e4ngern. Es besteht die Gefahr da\u00df, das Stromkabel an der Steckdose zu hei\u00df wird und brennbare Gegenst\u00e4nde in Flammen setzt, bei zuviel angeschlossenen Verbrauchern.<\/li>\n\n\n\n<li>Geschmolzene elektrische Sicherungen stets austauschen, niemals \u00fcberbr\u00fccken.<\/li>\n\n\n\n<li>Gasherde oder elektrische Haushaltsger\u00e4te nur von Fachleuten anschlie\u00dfen lassen.<\/li>\n\n\n\n<li>\u00dcberhitztes \u00d6l oder Fett, das sich beim Kochen selbst entz\u00fcndet hat, niemals mit Wasser abl\u00f6schen. Decken Sie den Kochtopf mit einem Deckel ab. Durch Sauerstoffentzug erlischt das Feuer von selbst.<\/li>\n<\/ul>\n","protected":false},"excerpt":{"rendered":"<p>Jeder sollte auch einmal dar\u00fcber nachdenken, dass es auch in seinem Haus oder seiner Wohnung brennen kann. Tritt der Ernstfall tats\u00e4chlich ein, ist es wichtig zu wissen, was zu tun [&hellip;]<\/p>\n","protected":false},"author":1,"featured_media":0,"parent":0,"menu_order":0,"comment_status":"closed","ping_status":"closed","template":"","meta":{"_acf_changed":false,"footnotes":""},"class_list":["post-464","page","type-page","status-publish","hentry"],"acf":[],"_links":{"self":[{"href":"https:\/\/www.feuerwehr-jockgrim.de\/index.php?rest_route=\/wp\/v2\/pages\/464","targetHints":{"allow":["GET"]}}],"collection":[{"href":"https:\/\/www.feuerwehr-jockgrim.de\/index.php?rest_route=\/wp\/v2\/pages"}],"about":[{"href":"https:\/\/www.feuerwehr-jockgrim.de\/index.php?rest_route=\/wp\/v2\/types\/page"}],"author":[{"embeddable":true,"href":"https:\/\/www.feuerwehr-jockgrim.de\/index.php?rest_route=\/wp\/v2\/users\/1"}],"replies":[{"embeddable":true,"href":"https:\/\/www.feuerwehr-jockgrim.de\/index.php?rest_route=%2Fwp%2Fv2%2Fcomments&post=464"}],"version-history":[{"count":5,"href":"https:\/\/www.feuerwehr-jockgrim.de\/index.php?rest_route=\/wp\/v2\/pages\/464\/revisions"}],"predecessor-version":[{"id":524,"href":"https:\/\/www.feuerwehr-jockgrim.de\/index.php?rest_route=\/wp\/v2\/pages\/464\/revisions\/524"}],"wp:attachment":[{"href":"https:\/\/www.feuerwehr-jockgrim.de\/index.php?rest_route=%2Fwp%2Fv2%2Fmedia&parent=464"}],"curies":[{"name":"wp","href":"https:\/\/api.w.org\/{rel}","templated":true}]}}