{"id":461,"date":"2022-11-18T15:09:14","date_gmt":"2022-11-18T14:09:14","guid":{"rendered":"http:\/\/feuerwehr-jockgrim.org\/?page_id=461"},"modified":"2022-11-18T15:09:15","modified_gmt":"2022-11-18T14:09:15","slug":"christbaumbraende","status":"publish","type":"page","link":"https:\/\/www.feuerwehr-jockgrim.de\/?page_id=461","title":{"rendered":"Christbaumbr\u00e4nde"},"content":{"rendered":"\n<p>Christb\u00e4ume sind je nach dem Grad ihrer Austrocknung mehr oder weniger leicht entz\u00fcndbar. Oft gen\u00fcgt schon ein Funke, um einen ausgetrockneten Christbaum (Fichten oder Tannen) fast explosionsartig abbrennen zu lassen. Dabei f\u00e4llt auch in den meisten F\u00e4llen die brennbare Umgebung unweigerlich dem Feuer zum Opfer.<\/p>\n\n\n\n<p>Dass dies nicht Wirklichkeit werden kann, einige Tips und Ratschl\u00e4ge f\u00fcr Ihre Sicherheit:<\/p>\n\n\n\n<ul class=\"wp-block-list\">\n<li>Wachskerzen nur anz\u00fcnden, wenn der Baum noch nicht ausgetrocknet ist.<\/li>\n\n\n\n<li>Nur Kerzenhalter aus Metall, Wachsauffangschale und mit einem Kugelgelenk verwenden.<\/li>\n\n\n\n<li>Wachskerzen d\u00fcrfen nicht zu knapp unter dem dar\u00fcberliegenden Zweig des Christbaumes angebracht werden.<\/li>\n\n\n\n<li>Auf senkrechte Stellung der Wachskerzen achten.<\/li>\n\n\n\n<li>Den Christbaum standsicher und nicht zu nahe bei brennbaren Gegenst\u00e4nden aufstellen.<\/li>\n\n\n\n<li>L\u00f6schmittel bereitstellen z. B. gef\u00fcllter Wassereimer.<\/li>\n\n\n\n<li>Bei Verwendung einer elektrischen Christbaumbeleuchtung, auf\u00a0VDE-Zulassung achten.<\/li>\n<\/ul>\n\n\n\n<p>\u00dcbrigens: An den Christbaumschmuck sollte immer die Forderung &#8222;nicht brennbar&#8220; gestellt werden.<\/p>\n","protected":false},"excerpt":{"rendered":"<p>Christb\u00e4ume sind je nach dem Grad ihrer Austrocknung mehr oder weniger leicht entz\u00fcndbar. Oft gen\u00fcgt schon ein Funke, um einen ausgetrockneten Christbaum (Fichten oder Tannen) fast explosionsartig abbrennen zu lassen. Dabei f\u00e4llt auch in den meisten F\u00e4llen die brennbare Umgebung unweigerlich dem Feuer zum Opfer. Dass dies nicht Wirklichkeit werden kann, einige Tips und Ratschl\u00e4ge [&hellip;]<\/p>\n","protected":false},"author":1,"featured_media":0,"parent":0,"menu_order":0,"comment_status":"closed","ping_status":"closed","template":"","meta":{"_acf_changed":false,"footnotes":""},"class_list":["post-461","page","type-page","status-publish","hentry"],"acf":[],"_links":{"self":[{"href":"https:\/\/www.feuerwehr-jockgrim.de\/index.php?rest_route=\/wp\/v2\/pages\/461","targetHints":{"allow":["GET"]}}],"collection":[{"href":"https:\/\/www.feuerwehr-jockgrim.de\/index.php?rest_route=\/wp\/v2\/pages"}],"about":[{"href":"https:\/\/www.feuerwehr-jockgrim.de\/index.php?rest_route=\/wp\/v2\/types\/page"}],"author":[{"embeddable":true,"href":"https:\/\/www.feuerwehr-jockgrim.de\/index.php?rest_route=\/wp\/v2\/users\/1"}],"replies":[{"embeddable":true,"href":"https:\/\/www.feuerwehr-jockgrim.de\/index.php?rest_route=%2Fwp%2Fv2%2Fcomments&post=461"}],"version-history":[{"count":1,"href":"https:\/\/www.feuerwehr-jockgrim.de\/index.php?rest_route=\/wp\/v2\/pages\/461\/revisions"}],"predecessor-version":[{"id":463,"href":"https:\/\/www.feuerwehr-jockgrim.de\/index.php?rest_route=\/wp\/v2\/pages\/461\/revisions\/463"}],"wp:attachment":[{"href":"https:\/\/www.feuerwehr-jockgrim.de\/index.php?rest_route=%2Fwp%2Fv2%2Fmedia&parent=461"}],"curies":[{"name":"wp","href":"https:\/\/api.w.org\/{rel}","templated":true}]}}