{"id":459,"date":"2022-11-18T15:07:23","date_gmt":"2022-11-18T14:07:23","guid":{"rendered":"http:\/\/feuerwehr-jockgrim.org\/?page_id=459"},"modified":"2022-11-18T15:07:23","modified_gmt":"2022-11-18T14:07:23","slug":"brennbare-gase","status":"publish","type":"page","link":"https:\/\/www.feuerwehr-jockgrim.de\/?page_id=459","title":{"rendered":"Brennbare Gase"},"content":{"rendered":"\n<p>Wenn Sie in Hausflur oder Wohnung den typischen Geruch von Gas feststellen, haben Sie es unmittelbar in Ihrer Umgebung mit auftretendem Gas zu tun. Um eine folgenschwere Gasexplosion zu vermeiden, m\u00fcssen sofort einige Ma\u00dfnahmen ergriffen werden.<\/p>\n\n\n\n<ul class=\"wp-block-list\">\n<li>Bet\u00e4tigen Sie ab sofort keine elektrischen Ger\u00e4te.<\/li>\n\n\n\n<li>Zum Warnen der Nachbarn und Hausbewohner keine T\u00fcrklingel und keinen Lichtschalter benutzen. Machen Sie diese durch Rufen aufmerksam.<\/li>\n\n\n\n<li>Sperren Sie nach M\u00f6glichkeit das Ventil zum Gasz\u00e4hler ab oder bet\u00e4tigen Sie den Hauptgashahn im Keller. <strong>Begeben Sie sich NICHT in Gefahr!<\/strong><\/li>\n\n\n\n<li>L\u00fcften Sie das Geb\u00e4ude, \u00f6ffnen Sie Fenster und T\u00fcren.<\/li>\n\n\n\n<li>Verlassen Sie mit Ihren Mitbewohnern das Geb\u00e4ude.<\/li>\n\n\n\n<li>Gasflaschen oder Spraydosen sind Beh\u00e4lter, die in der Regel unter Druck stehen. Dabei ist es vollkommen gleichg\u00fcltig, ob der Inhalt brennbar oder nicht brennbar ist. Erw\u00e4rmte Gase dehnen sich aus und k\u00f6nnen den Beh\u00e4lter sprengen. <\/li>\n\n\n\n<li>Am Flammensymbol auf den Spraydosen erkennen Sie, dass der Inhalt brennbar ist.<\/li>\n\n\n\n<li>Lesen Sie sorgf\u00e4ltig die Gebrauchsanweisung.<\/li>\n\n\n\n<li>Halten Sie alle W\u00e4rmequellen von Spraydosen und Gasflaschen fern.<\/li>\n\n\n\n<li>Spraydosen und Gaskartuschen geh\u00f6ren in den Sonderm\u00fcll.<\/li>\n\n\n\n<li>Gasflaschen mit Propan oder Butan werden \u00fcberwiegend im Camping- und Gartenbereich genutzt. Diese Flaschen sind so an Ger\u00e4te anzuschlie\u00dfen, dass die Verbindung dicht ist. Eine Dichtigkeitsprobe keinesfalls mit einer offenen Flamme durchf\u00fchren. Im Handel sind sogenannte Lecksprays zur \u00dcberpr\u00fcfung erh\u00e4ltlich.<\/li>\n\n\n\n<li>Deponieren Sie Gasflaschen immer au\u00dferhalb des Gartenhauses oder Campingwagens. Gasflaschen d\u00fcrfen nicht im Keller oder tiefer gelegenen R\u00e4umen gelagert werden. Austretendes Gas ist schwerer als Luft, sammelt sich am Boden und kann explosive Gemische bilden.<\/li>\n<\/ul>\n","protected":false},"excerpt":{"rendered":"<p>Wenn Sie in Hausflur oder Wohnung den typischen Geruch von Gas feststellen, haben Sie es unmittelbar in Ihrer Umgebung mit auftretendem Gas zu tun. Um eine folgenschwere Gasexplosion zu vermeiden, m\u00fcssen sofort einige Ma\u00dfnahmen ergriffen werden.<\/p>\n","protected":false},"author":1,"featured_media":0,"parent":0,"menu_order":0,"comment_status":"closed","ping_status":"closed","template":"","meta":{"_acf_changed":false,"footnotes":""},"class_list":["post-459","page","type-page","status-publish","hentry"],"acf":[],"_links":{"self":[{"href":"https:\/\/www.feuerwehr-jockgrim.de\/index.php?rest_route=\/wp\/v2\/pages\/459","targetHints":{"allow":["GET"]}}],"collection":[{"href":"https:\/\/www.feuerwehr-jockgrim.de\/index.php?rest_route=\/wp\/v2\/pages"}],"about":[{"href":"https:\/\/www.feuerwehr-jockgrim.de\/index.php?rest_route=\/wp\/v2\/types\/page"}],"author":[{"embeddable":true,"href":"https:\/\/www.feuerwehr-jockgrim.de\/index.php?rest_route=\/wp\/v2\/users\/1"}],"replies":[{"embeddable":true,"href":"https:\/\/www.feuerwehr-jockgrim.de\/index.php?rest_route=%2Fwp%2Fv2%2Fcomments&post=459"}],"version-history":[{"count":1,"href":"https:\/\/www.feuerwehr-jockgrim.de\/index.php?rest_route=\/wp\/v2\/pages\/459\/revisions"}],"predecessor-version":[{"id":460,"href":"https:\/\/www.feuerwehr-jockgrim.de\/index.php?rest_route=\/wp\/v2\/pages\/459\/revisions\/460"}],"wp:attachment":[{"href":"https:\/\/www.feuerwehr-jockgrim.de\/index.php?rest_route=%2Fwp%2Fv2%2Fmedia&parent=459"}],"curies":[{"name":"wp","href":"https:\/\/api.w.org\/{rel}","templated":true}]}}