{"id":457,"date":"2022-11-18T15:03:41","date_gmt":"2022-11-18T14:03:41","guid":{"rendered":"http:\/\/feuerwehr-jockgrim.org\/?page_id=457"},"modified":"2022-11-18T15:03:41","modified_gmt":"2022-11-18T14:03:41","slug":"brennbare-fluessigkeiten","status":"publish","type":"page","link":"https:\/\/www.feuerwehr-jockgrim.de\/?page_id=457","title":{"rendered":"Brennbare Fl\u00fcssigkeiten"},"content":{"rendered":"\n<ul class=\"wp-block-list\">\n<li>Brennbare Fl\u00fcssigkeiten sind immer eine besondere Gefahrenquelle. Denken Sie vor allem daran, dass zwar nur die D\u00e4mpfe brennen, aber schon eine geringe Menge in der Umgebungsluft ausreicht, um sie zu entz\u00fcnden. Arbeiten Sie deshalb immer nur in gut durchl\u00fcfteten R\u00e4umen.<\/li>\n\n\n\n<li>Mit brennbaren Fl\u00fcssigkeiten sollten Sie nie in der N\u00e4he von W\u00e4rmequellen wie Heizl\u00fcftern und B\u00fcgeleisen arbeiten. Rauchern sei empfohlen, die Zigaretten in der Schachtel stecken zu lassen.<\/li>\n\n\n\n<li>Beh\u00e4lter, die brennbare Fl\u00fcssigkeiten enthalten, sind mit einem Symbol gekennzeichnet. F\u00fcllen Sie nie solche Fl\u00fcssigkeiten in allgemein gebr\u00e4uchliche Flaschen, z .B. Getr\u00e4nkeflaschen, ab.<\/li>\n\n\n\n<li>Bewahren Sie die Beh\u00e4lter mit brennbaren Fl\u00fcssigkeiten au\u00dferhalb des Zugriffsbereichs von Kindern auf.<\/li>\n\n\n\n<li>Leere Beh\u00e4lter von brennbaren Fl\u00fcssigkeiten sind immer eine Gefahrenquelle, die wegen der noch restlichen brennbaren D\u00e4mpfen rechtzeitig entsorgt geh\u00f6ren.<\/li>\n\n\n\n<li>Fl\u00fcssigkeitsgetr\u00e4nkte Reinigungslappen nicht auf einem Haufen liegen lassen, sondern in Blecheimern oder verschlie\u00dfbaren Metallbeh\u00e4ltern aufbewahren.<\/li>\n\n\n\n<li>Brennbare Fl\u00fcssigkeiten d\u00fcrfen nicht in Fluren, Durchg\u00e4ngen, Treppenr\u00e4umen oder Dachb\u00f6den gelagert werden.<\/li>\n\n\n\n<li>Zweiradfahrzeuge mit Verbrennungsmotor d\u00fcrfen, auch mit entleertem Tank, nicht in Geb\u00e4uden abgestellt werden.<\/li>\n\n\n\n<li>Zur Lagerung von brennbaren Fl\u00fcssigkeiten und Heiz\u00f6l in Wohnungen gibt es bestimmte Vorschriften, danach d\u00fcrfen Sie in der Wohnung, anzeige- und erlaubnisfrei, in einem zerbrechlichem Gef\u00e4\u00df nicht mehr als einen Liter Benzin oder f\u00fcnf Liter Spiritus lagern. F\u00fcr den gesamten Kellerraum eines Wohngeb\u00e4udes gilt die gleiche Menge. Im Keller und in der Garage d\u00fcrfen Sie nicht mehr als 20 Liter in einem bruchsicheren Kanister lagern.<\/li>\n\n\n\n<li>Heiz\u00f6l darf in bruchsicheren Kanistern in der Wohnung bis zu einer Gesamtmenge von 40 Litern gelagert werden.<\/li>\n\n\n\n<li>\u00d6l\u00f6fen, Spirituskocher oder Petroleumlampen d\u00fcrfen nur nachgef\u00fcllt werden, wenn sie kalt sind.<\/li>\n<\/ul>\n","protected":false},"excerpt":{"rendered":"","protected":false},"author":1,"featured_media":0,"parent":0,"menu_order":0,"comment_status":"closed","ping_status":"closed","template":"","meta":{"_acf_changed":false,"footnotes":""},"class_list":["post-457","page","type-page","status-publish","hentry"],"acf":[],"_links":{"self":[{"href":"https:\/\/www.feuerwehr-jockgrim.de\/index.php?rest_route=\/wp\/v2\/pages\/457","targetHints":{"allow":["GET"]}}],"collection":[{"href":"https:\/\/www.feuerwehr-jockgrim.de\/index.php?rest_route=\/wp\/v2\/pages"}],"about":[{"href":"https:\/\/www.feuerwehr-jockgrim.de\/index.php?rest_route=\/wp\/v2\/types\/page"}],"author":[{"embeddable":true,"href":"https:\/\/www.feuerwehr-jockgrim.de\/index.php?rest_route=\/wp\/v2\/users\/1"}],"replies":[{"embeddable":true,"href":"https:\/\/www.feuerwehr-jockgrim.de\/index.php?rest_route=%2Fwp%2Fv2%2Fcomments&post=457"}],"version-history":[{"count":1,"href":"https:\/\/www.feuerwehr-jockgrim.de\/index.php?rest_route=\/wp\/v2\/pages\/457\/revisions"}],"predecessor-version":[{"id":458,"href":"https:\/\/www.feuerwehr-jockgrim.de\/index.php?rest_route=\/wp\/v2\/pages\/457\/revisions\/458"}],"wp:attachment":[{"href":"https:\/\/www.feuerwehr-jockgrim.de\/index.php?rest_route=%2Fwp%2Fv2%2Fmedia&parent=457"}],"curies":[{"name":"wp","href":"https:\/\/api.w.org\/{rel}","templated":true}]}}