{"id":453,"date":"2022-11-18T15:00:30","date_gmt":"2022-11-18T14:00:30","guid":{"rendered":"http:\/\/feuerwehr-jockgrim.org\/?page_id=453"},"modified":"2022-11-18T15:00:30","modified_gmt":"2022-11-18T14:00:30","slug":"brandschutz-im-haus","status":"publish","type":"page","link":"https:\/\/www.feuerwehr-jockgrim.de\/?page_id=453","title":{"rendered":"Brandschutz im Haus"},"content":{"rendered":"\n<ul class=\"wp-block-list\">\n<li>T\u00fcren haben nicht nur Sicht- und Schallschutzfunktionen, sondern auch Brandschutzfunktionen. Geschlossene T\u00fcren halten im Brandfall nicht nur Flammen und Hitze zur\u00fcck, sie sind auch Schutz vor Rauch und Qualm. Rauch ist bei Br\u00e4nden die Hauptgefahr, da er zu Vergiftungen f\u00fchrt. Au\u00dferdem kann in einem verrauchten Raum die Orientierung verloren gehen, selbst wenn dieser vertraut ist.<\/li>\n\n\n\n<li>Normales Glas springt im Brandfall oder f\u00e4llt aus dem Rahmen. So k\u00f6nnen Hitze und Rauch den wichtigen Fluchtweg, den Treppenraum, unbegehbar machen. T\u00fcrbl\u00e4tter aus Holz oder mit Brandschutzverglasung beugen dem vor.<\/li>\n\n\n\n<li>T\u00fcren zu Heizr\u00e4umen oder Tiefgaragen sind h\u00e4ufig feuerhemmend konstruiert und m\u00fcssen von selbst schlie\u00dfen. Diese d\u00fcrfen nicht unterkeilt oder festgebunden werden.<\/li>\n\n\n\n<li>Notausg\u00e4nge d\u00fcrfen nicht verschlossen werden. Sie sollten jederzeit von innen, nicht aber von au\u00dfen zu \u00f6ffnen sein.<\/li>\n\n\n\n<li>Der Treppenraum soll auf ganzer Breite begehbar sein. Abgestellte M\u00f6bel oder Ger\u00fcmpel sind im Ernstfall ein gef\u00e4hrliches Hindernis.<\/li>\n\n\n\n<li>Nach geltendem Baurecht muss jedes Geb\u00e4ude zwei voneinander unabh\u00e4ngige Rettungswege haben. Erster Rettungsweg muss immer der Treppenraum sein, der zweite kann ein Wohnungsfenster sein. Achten Sie darauf, dass Fenster immer leicht zu \u00f6ffnen sind. Bei vergitterten Fenstern sollte das Gitter von innen zu \u00f6ffnen sein.<\/li>\n\n\n\n<li>In Hochh\u00e4usern und Geb\u00e4uden mit mehr als sieben Geschossen sind entweder zwei separate Treppenr\u00e4ume oder ein Sicherheitstreppenraum vorhanden. <strong><em>Benutzen Sie niemals den Aufzug als Fluchtweg.<\/em><\/strong> Ein verrauchter Aufzug kann zur t\u00f6dlichen Falle werden. Die Aufzugst\u00fcr-Lichtschranke kann durch Brandrauch unterbrochen werden. In dem Fall h\u00e4lt der Aufzug h\u00e4lt an und \u00f6ffnet die T\u00fcr. Ung\u00fcnstigerweise in dem Stockwerk wo es brennt.<\/li>\n\n\n\n<li><em><strong>Rauchmelder f\u00fcr den h\u00e4uslichen Bereich sind leicht zu montieren. Diese batteriebetriebene Ger\u00e4te reagieren auf Rauchpartikel in der Luft mit einem akustischen Warnsignal.<\/strong><\/em><\/li>\n\n\n\n<li>In den Treppenh\u00e4usern muss das oberste Fenster leicht zu \u00f6ffnen sein. Im Brandfall dient es als Rauchabzug.<\/li>\n<\/ul>\n","protected":false},"excerpt":{"rendered":"","protected":false},"author":1,"featured_media":0,"parent":0,"menu_order":0,"comment_status":"closed","ping_status":"closed","template":"","meta":{"_acf_changed":false,"footnotes":""},"class_list":["post-453","page","type-page","status-publish","hentry"],"acf":[],"_links":{"self":[{"href":"https:\/\/www.feuerwehr-jockgrim.de\/index.php?rest_route=\/wp\/v2\/pages\/453","targetHints":{"allow":["GET"]}}],"collection":[{"href":"https:\/\/www.feuerwehr-jockgrim.de\/index.php?rest_route=\/wp\/v2\/pages"}],"about":[{"href":"https:\/\/www.feuerwehr-jockgrim.de\/index.php?rest_route=\/wp\/v2\/types\/page"}],"author":[{"embeddable":true,"href":"https:\/\/www.feuerwehr-jockgrim.de\/index.php?rest_route=\/wp\/v2\/users\/1"}],"replies":[{"embeddable":true,"href":"https:\/\/www.feuerwehr-jockgrim.de\/index.php?rest_route=%2Fwp%2Fv2%2Fcomments&post=453"}],"version-history":[{"count":1,"href":"https:\/\/www.feuerwehr-jockgrim.de\/index.php?rest_route=\/wp\/v2\/pages\/453\/revisions"}],"predecessor-version":[{"id":455,"href":"https:\/\/www.feuerwehr-jockgrim.de\/index.php?rest_route=\/wp\/v2\/pages\/453\/revisions\/455"}],"wp:attachment":[{"href":"https:\/\/www.feuerwehr-jockgrim.de\/index.php?rest_route=%2Fwp%2Fv2%2Fmedia&parent=453"}],"curies":[{"name":"wp","href":"https:\/\/api.w.org\/{rel}","templated":true}]}}