{"id":449,"date":"2022-11-18T14:49:32","date_gmt":"2022-11-18T13:49:32","guid":{"rendered":"http:\/\/feuerwehr-jockgrim.org\/?page_id=449"},"modified":"2022-11-18T16:17:32","modified_gmt":"2022-11-18T15:17:32","slug":"bei-ihnen-hat-es-gebrannt","status":"publish","type":"page","link":"https:\/\/www.feuerwehr-jockgrim.de\/?page_id=449","title":{"rendered":"Bei Ihnen hat es gebrannt?"},"content":{"rendered":"\n<h1 class=\"wp-block-heading\"><strong>Informationsblatt der Feuerwehr<\/strong><\/h1>\n\n\n\n<p>Liebe Mitb\u00fcrgerin, lieber Mitb\u00fcrger,<br>ein Brand in Ihrer Wohnung \/ Ihrem Haus konnte gel\u00f6scht werden. Zur\u00fcckgeblieben sind Brandr\u00fcckst\u00e4nde, wie angebrannte oder verkokte Einrichtungsgegenst\u00e4nde, Teppiche, Tapeten, Ger\u00e4te, Elektrokabel und evtl. Bauschutt, der mit Ru\u00df verschmutzt ist.<br>Mit dieser Empfehlung wollen wir Ihnen eine Orientierungshilfe f\u00fcr den Umgang mit der erkalteten Brandstelle geben. Es werden Ma\u00dfnahmen f\u00fcr die Brandschadensanierung aufgezeigt und auf die Grundz\u00fcge einer sachgerechten R\u00e4umung der Schadenstelle hingewiesen.<br>Nutzen Sie auf jeden Fall die Erfahrung und Hilfe Ihres Wohngeb\u00e4ude- bzw. Hausratversicherers und melden Sie diesem unmittelbar den eingetretenen Schaden. Bitte denken Sie daran, alle weiteren Ma\u00dfnahmen mit Ihrer Hausverwaltung bzw. Ihrem Vermieter und dem Versicherer abzustimmen, um m\u00f6gliche Nachteile bei der Schadenregulierung zu vermeiden.<\/p>\n\n\n\n<h2 class=\"wp-block-heading\">Gef\u00e4hrdungseinsch\u00e4tzung<\/h2>\n\n\n\n<p>Nach Abk\u00fchlung des Brandgutes hat sich ein Teil der Verbrennungsprodukte als Ru\u00df- bzw. Rauchniederschlag in Ihren R\u00e4umen und auf der Einrichtung verteilt. Ru\u00df und angebrannte oder verkokte Materialien (sog. Brandr\u00fcckst\u00e4nde) k\u00f6nnten giftige und reizende Stoffe enthalten. Deren Zusammensetzung und jeweilige Konzentration ist abh\u00e4ngig von der Art und Menge des verbrannten Gutes, vom Brandverlauf und von der Abf\u00fchrung der Rauchgase.<\/p>\n\n\n\n<p>Auch wenn Schadstoffe gebildet wurden, bedeutet dies noch keine unmittelbare Gef\u00e4hrdung. Im Brandfall gebildete Schadstoffe sind in der Regel so stark an Ru\u00df gebunden, dass eine Aufnahme \u00fcber die Haut bei einer m\u00f6glichen Beschmutzung kaum erfolgen kann.<br>Die Erfahrungen aus vielen Brandsch\u00e4den haben gezeigt, dass brandbedingte Schadstoffe nur dort nachweisbar waren, wo auch optisch deutlich wahrnehmbare Brandverschmutzungen vorlagen. Mit der&nbsp;Beseitigung der brandbedingten Verschmutzungen sind in der Regel auch die Schadstoffe beseitigt.<br>Bis zur endg\u00fcltigen Sanierung wird in der Regel ein mehr oder weniger intensiver Brandgeruch auftreten. Eine gesundheitliche Gef\u00e4hrdung ist hierdurch normalerweise nicht zu erwarten. Dennoch sollten Sie schon- um sich vor ausd\u00fcnstenden, reizenden Stoffen zu sch\u00fctzen- die folgenden Hinweise beachten.<\/p>\n\n\n\n<h2 class=\"wp-block-heading\">Erstma\u00dfnahmen<\/h2>\n\n\n\n<p>Verst\u00e4ndigen Sie Ihre umgehend Ihre Geb\u00e4udeversicherung und Hausratversicherung. Viele Geb\u00e4udeversicherungen bieten \u00fcbergangsweise \u00dcbernachtungsm\u00f6glichkeiten an. Sollten hier keine M\u00f6glichkeiten bestehen, wenden Sie sich umgehend an die Verbandsgemeindeverwaltung Jockgrim Tel.: 07271-599-0 bzw. Herr O\u00dfwald Tel.: 07271-599-173 und erkundigen Sie sich nach einer &#8222;Vor\u00fcbergehende Wohnung im einem Brandfall&#8220;.<\/p>\n\n\n\n<p>Reinigungsarbeiten in Wohnbereichen, bei denen nur relativ kleine Mengen verbrannt sind, (z. B. Papierkorbbrand, Kochstellenbrand, Brand eines Kerzengesteckes oder sonstigen Br\u00e4nden mit geringf\u00fcgiger Brandverschmutzung) k\u00f6nnen ohne Einhaltung besonderer Schutzma\u00dfnahmen mit haushalts\u00fcblichen Mitteln (Gummihandschuhe, Haushaltsreiniger) durchgef\u00fchrt werden.<br>Dar\u00fcber hinausgehende Reinigungs- und Sanierungst\u00e4tigkeiten k\u00f6nnen unter Einhaltung der nachstehend empfohlenen Schutzma\u00dfnahmen von Fachfirmen aber auch vom Brandgesch\u00e4digten selbst vorgenommen werden. Wie bei den Erstma\u00dfnahmen ist auch hier darauf zu achten, dass keine Brandverschmutzungen aus Brandr\u00fcckst\u00e4nden in nicht vom Brand betroffen Bereiche verschleppt werden und kein Staub aufgewirbelt wird.<\/p>\n\n\n\n<h2 class=\"wp-block-heading\">Folgende Schutzvorkehrungen sind einzuhalten:<\/h2>\n\n\n\n<ul class=\"wp-block-list\">\n<li>Einmalanz\u00fcge mit Kapuze aus verst\u00e4rkten Papiervlies oder Kunststoff<\/li>\n\n\n\n<li>f\u00fcr Staubarbeiten Atemschutz (filtrierende Halbmaske der Schutzgruppe FFP2\/FFP3)<\/li>\n\n\n\n<li>Schutzhandschuhe aus Leder- Textilkombination f\u00fcr Trockenarbeiten<\/li>\n\n\n\n<li>Gummihandschuhe f\u00fcr Nassarbeiten<\/li>\n<\/ul>\n\n\n\n<p>Handschuhe und Einmalanz\u00fcge verbleiben im Schadenbereich und k\u00f6nnen mehrfach verwendet werden, wenn ihr Zustand dies zul\u00e4\u00dft. Filtrierende Halbmasken werden nur einmal getragen. Bei Gummihalbmasken sind die Hautkontaktfl\u00e4chen vor der Wiederverwendung durch feuchtes Abwischen mit Reinigungsmittel und Wasser zu reinigen. Nach Verlassen des Schadenbereiches ist eine gr\u00fcndliche K\u00f6rperreinigung (Duschen) vorzunehmen.<\/p>\n\n\n\n<h2 class=\"wp-block-heading\">Entsorgung<\/h2>\n\n\n\n<p>Schon bei den Aufr\u00e4umungsarbeiten sollten Brandr\u00fcckst\u00e4nde und Abf\u00e4lle so sortieren werden, dass diese durch entsorgungspflichtige K\u00f6rperschaften oder Dritte leichter verwertet bzw. entsorgt werden k\u00f6nnen.<br>Dazu sollten Brandr\u00fcckst\u00e4nde bereits an der Brandstelle getrennt werden in:<\/p>\n\n\n\n<ul class=\"wp-block-list\">\n<li>verwertbare Bestandteile<\/li>\n\n\n\n<li>nicht verwertbaren Restm\u00fcll einschlie\u00dflich brandverschmutzter und ru\u00dfbeaufschlagter Materialen<\/li>\n\n\n\n<li>besonders \u00fcberwachungsbed\u00fcrftige Abf\u00e4lle (Sonderabf\u00e4lle)<\/li>\n<\/ul>\n\n\n\n<p>Ansprechpartner f\u00fcr M\u00fcllentsorgung ist die <\/p>\n\n\n\n<p>Kreisverwaltung Germersheim <br>Tel.: 07274-53342<br><a href=\"https:\/\/www.abfallwirtschaft-germersheim.de\" target=\"_blank\" rel=\"noreferrer noopener\">https:\/\/www.abfallwirtschaft-germersheim.de<\/a><\/p>\n\n\n\n<figure class=\"wp-block-image size-full\"><img loading=\"lazy\" decoding=\"async\" width=\"155\" height=\"155\" src=\"http:\/\/feuerwehr-jockgrim.org\/wp-content\/uploads\/2022\/11\/Weblink-Kreisverwaltung.png\" alt=\"\" class=\"wp-image-451\" srcset=\"https:\/\/www.feuerwehr-jockgrim.de\/wp-content\/uploads\/2022\/11\/Weblink-Kreisverwaltung.png 155w, https:\/\/www.feuerwehr-jockgrim.de\/wp-content\/uploads\/2022\/11\/Weblink-Kreisverwaltung-150x150.png 150w\" sizes=\"auto, (max-width: 155px) 100vw, 155px\" \/><\/figure>\n","protected":false},"excerpt":{"rendered":"<p>Informationsblatt der Feuerwehr Liebe Mitb\u00fcrgerin, lieber Mitb\u00fcrger,ein Brand in Ihrer Wohnung \/ Ihrem Haus konnte gel\u00f6scht werden. Zur\u00fcckgeblieben sind Brandr\u00fcckst\u00e4nde, wie angebrannte oder verkokte Einrichtungsgegenst\u00e4nde, Teppiche, Tapeten, Ger\u00e4te, Elektrokabel und evtl. Bauschutt, der mit Ru\u00df verschmutzt ist.Mit dieser Empfehlung wollen wir Ihnen eine Orientierungshilfe f\u00fcr den Umgang mit der erkalteten Brandstelle geben. Es werden Ma\u00dfnahmen [&hellip;]<\/p>\n","protected":false},"author":1,"featured_media":0,"parent":0,"menu_order":0,"comment_status":"closed","ping_status":"closed","template":"","meta":{"_acf_changed":false,"footnotes":""},"class_list":["post-449","page","type-page","status-publish","hentry"],"acf":[],"_links":{"self":[{"href":"https:\/\/www.feuerwehr-jockgrim.de\/index.php?rest_route=\/wp\/v2\/pages\/449","targetHints":{"allow":["GET"]}}],"collection":[{"href":"https:\/\/www.feuerwehr-jockgrim.de\/index.php?rest_route=\/wp\/v2\/pages"}],"about":[{"href":"https:\/\/www.feuerwehr-jockgrim.de\/index.php?rest_route=\/wp\/v2\/types\/page"}],"author":[{"embeddable":true,"href":"https:\/\/www.feuerwehr-jockgrim.de\/index.php?rest_route=\/wp\/v2\/users\/1"}],"replies":[{"embeddable":true,"href":"https:\/\/www.feuerwehr-jockgrim.de\/index.php?rest_route=%2Fwp%2Fv2%2Fcomments&post=449"}],"version-history":[{"count":3,"href":"https:\/\/www.feuerwehr-jockgrim.de\/index.php?rest_route=\/wp\/v2\/pages\/449\/revisions"}],"predecessor-version":[{"id":496,"href":"https:\/\/www.feuerwehr-jockgrim.de\/index.php?rest_route=\/wp\/v2\/pages\/449\/revisions\/496"}],"wp:attachment":[{"href":"https:\/\/www.feuerwehr-jockgrim.de\/index.php?rest_route=%2Fwp%2Fv2%2Fmedia&parent=449"}],"curies":[{"name":"wp","href":"https:\/\/api.w.org\/{rel}","templated":true}]}}