{"id":447,"date":"2022-11-18T14:20:21","date_gmt":"2022-11-18T13:20:21","guid":{"rendered":"http:\/\/feuerwehr-jockgrim.org\/?page_id=447"},"modified":"2025-09-02T17:51:46","modified_gmt":"2025-09-02T15:51:46","slug":"stromausfall","status":"publish","type":"page","link":"https:\/\/www.feuerwehr-jockgrim.de\/?page_id=447","title":{"rendered":"Stromausfall"},"content":{"rendered":"\n<p>Gro\u00dffl\u00e4chiger Stromausfall, was nun?<\/p>\n\n\n\n<p>Information f\u00fcr Prviathaushalte in der Verbandsgemeinde Jockgrim:<\/p>\n\n\n\n<div data-wp-interactive=\"core\/file\" class=\"wp-block-file\"><object data-wp-bind--hidden=\"!state.hasPdfPreview\" hidden class=\"wp-block-file__embed\" data=\"https:\/\/www.feuerwehr-jockgrim.de\/wp-content\/uploads\/2023\/09\/Stromausfall_Flyer_DL6_VG_Jockgrim.pdf\" type=\"application\/pdf\" style=\"width:100%;height:600px\" aria-label=\"Einbettung von Stromausfall_Flyer_DL6_VG_Jockgrim.\"><\/object><a id=\"wp-block-file--media-ed03b784-f3af-44a0-9b3d-d5d9e03bd5b7\" href=\"https:\/\/www.feuerwehr-jockgrim.de\/wp-content\/uploads\/2023\/09\/Stromausfall_Flyer_DL6_VG_Jockgrim.pdf\">Stromausfall_Flyer_DL6_VG_Jockgrim<\/a><a href=\"https:\/\/www.feuerwehr-jockgrim.de\/wp-content\/uploads\/2023\/09\/Stromausfall_Flyer_DL6_VG_Jockgrim.pdf\" class=\"wp-block-file__button wp-element-button\" download aria-describedby=\"wp-block-file--media-ed03b784-f3af-44a0-9b3d-d5d9e03bd5b7\">Herunterladen<\/a><\/div>\n\n\n\n<p><strong>Ma\u00dfnahmen bei einem Stromausfall seitens der Feuerwehr zur Sicherstellung der Gefahrenabwehr:<\/strong><\/p>\n\n\n\n<ul class=\"wp-block-list\">\n<li>Bei einem <strong>gro\u00dffl\u00e4chigen Stromausfall von l\u00e4nger als 30 Minuten<\/strong> werden alle Feuerwehrh\u00e4user sowie die Feuerwehreinsatzzentrale innerhalb der Verbandsgemeinde Jockgrim besetzt:\n<ul class=\"wp-block-list\">\n<li>Feuerwehrger\u00e4tehaus Jockgrim (FEZ), Schillerstra\u00dfe 21, Tel.: 07271-52471<\/li>\n\n\n\n<li>Feuerwehrger\u00e4tehaus Rheinzabern, Neun Morgen&nbsp;1, Tel.: 07272-75511<\/li>\n\n\n\n<li>Feuerwehrger\u00e4tehaus Hatzenb\u00fchl, Luitpoldstra\u00dfe 79, Tel.: 07275-1092<\/li>\n\n\n\n<li>Feuerwehrger\u00e4tehaus Neupotz, Hauptstra\u00dfe 74, Tel.: 07272-74250<\/li>\n<\/ul>\n<\/li>\n\n\n\n<li>S\u00e4mtliche Feuerwehrh\u00e4user im Schadensgebiet sind&nbsp;zum Absetzen eines Notruf in der Lage. Diese Anlaufstellen k\u00f6nnen mit anderen Stellen kommunizieren und Notrufe absetzen.<\/li>\n\n\n\n<li>Um bei Gefahren sofort reagieren zu k\u00f6nnen werden die Feuerwehren ggf. Kontrollfahrten im Gemeindegebiet durchf\u00fchren. <\/li>\n\n\n\n<li>Zur Information der Bev\u00f6lkerung werden die Feuerwehren ggf. Lautsprecherdurchsagen&nbsp;durchf\u00fchren.<\/li>\n<\/ul>\n\n\n\n<h2 class=\"wp-block-heading\"><strong>Definition:<\/strong><\/h2>\n\n\n\n<ul class=\"wp-block-list\">\n<li>Als <strong>gro\u00dffl\u00e4chig<\/strong> wird ein Stromausfall bezeichnet, wenn mehr als 3000 Personen hiervon betroffen sind.<\/li>\n\n\n\n<li>Als <strong>l\u00e4nger dauernd<\/strong> wird ein Stromausfall von mehr als zwei Stunden bezeichnet.<\/li>\n<\/ul>\n\n\n\n<h2 class=\"wp-block-heading\"><strong>Tipps und Vorsorge gegen Energieausfall:<\/strong><\/h2>\n\n\n\n<ul class=\"wp-block-list\">\n<li>Sofern \u00d6l-, Gas-, Fernw\u00e4rme oder elektrische Heizungen ausfallen k\u00f6nnen, sollte jeder Haushalt eine Heiz- und Kochm\u00f6glichkeit f\u00fcr diesen Notfall bereithalten. So lassen sich kleine Mahlzeiten auch mit einem Spiritus- oder Trockenspirituskocher zubereiten und der Handel h\u00e4lt eine Reihe von Campingkochern und Heizger\u00e4ten bereit. Auch Grill- oder Holzkohle k\u00f6nnen unter Umst\u00e4nden hilfreich sein.<\/li>\n\n\n\n<li>Auch Grill- oder Holzkohle k\u00f6nnen unter Umst\u00e4nden hilfreich sein. Diese nur au\u00dferhalb vom Geb\u00e4ude verwenden.<\/li>\n\n\n\n<li>Die fehlende Heizung kann in unseren Regionen \u00fcber einen gewissen Zeitraum meist durch das tragen warmer Kleidung \u00fcberbr\u00fcckt werden.<\/li>\n\n\n\n<li>Wer eine \u00d6lheizung hat, die auch mit Kohle oder Briketts befeuert werden kann, sollte f\u00fcr den Notfall auch diese Brennstoffe bevorraten.<\/li>\n\n\n\n<li>Wer im Besitz von Petroleumlampen u.\u00e4. ist, sollte Docht und Brennstoff \u00fcberpr\u00fcfen und ggf. einen ausreichenden Vorrat beschaffen.<\/li>\n\n\n\n<li>In jedem Fall sollten Taschenlampen, Ersatzbirnen, Batterien (Akkus sind weniger geeignet), Streichh\u00f6lzer und Kerzen vorhanden sein.<\/li>\n\n\n\n<li>Vorhaltung eigener Stromaggregate und deren Betriebsstoffe z.B. in der Landwirtschaft und Betrieben.<\/li>\n\n\n\n<li>Informationsm\u00f6glichkeit \u00fcber das batteriebetriebene Radioger\u00e4t bzw. Autoradio nutzen.<\/li>\n<\/ul>\n\n\n\n<p><strong>Bedenken Sie, dass der Energieausfall \u00fcber mehrere Tagen bzw. Wochen anhalten k\u00f6nnte!<\/strong><\/p>\n\n\n\n<h3 class=\"wp-block-heading\"><strong>Information finden Sie auch unter folgende Webseiten:<\/strong><\/h3>\n\n\n\n<ul class=\"wp-block-list\">\n<li>Bundesamt f\u00fcr Bev\u00f6lkerungsschutz und Katastrophenschutz\n<ul class=\"wp-block-list\">\n<li><a href=\"https:\/\/www.bbk.bund.de\/DE\/Warnung-Vorsorge\/Vorsorge\/Stromausfall\/stromausfall_node.html\" target=\"_blank\" rel=\"noreferrer noopener\">Stromausfall<\/a><\/li>\n\n\n\n<li><a href=\"https:\/\/warnung.bund.de\/meldungen\" target=\"_blank\" rel=\"noreferrer noopener\">Aktuelle Warnmeldungen<\/a><\/li>\n<\/ul>\n<\/li>\n\n\n\n<li>Stromausfallkarte der Pfalzwerke\n<ul class=\"wp-block-list\">\n<li><a rel=\"noreferrer noopener\" href=\"https:\/\/www.pfalzwerke-netz.de\/auskunft-stromausfall\" target=\"_blank\">\u00dcbersichtskarte<\/a><\/li>\n<\/ul>\n<\/li>\n<\/ul>\n\n\n\n<p><\/p>\n","protected":false},"excerpt":{"rendered":"<p>Gro\u00dffl\u00e4chiger Stromausfall, was nun? Information f\u00fcr Prviathaushalte in der Verbandsgemeinde Jockgrim: Ma\u00dfnahmen bei einem Stromausfall seitens der Feuerwehr zur Sicherstellung der Gefahrenabwehr: Definition: Tipps und Vorsorge gegen Energieausfall: Bedenken Sie, dass der Energieausfall \u00fcber mehrere Tagen bzw. Wochen anhalten k\u00f6nnte! Information finden Sie auch unter folgende Webseiten:<\/p>\n","protected":false},"author":1,"featured_media":0,"parent":0,"menu_order":0,"comment_status":"closed","ping_status":"closed","template":"","meta":{"_acf_changed":false,"footnotes":""},"class_list":["post-447","page","type-page","status-publish","hentry"],"acf":[],"_links":{"self":[{"href":"https:\/\/www.feuerwehr-jockgrim.de\/index.php?rest_route=\/wp\/v2\/pages\/447","targetHints":{"allow":["GET"]}}],"collection":[{"href":"https:\/\/www.feuerwehr-jockgrim.de\/index.php?rest_route=\/wp\/v2\/pages"}],"about":[{"href":"https:\/\/www.feuerwehr-jockgrim.de\/index.php?rest_route=\/wp\/v2\/types\/page"}],"author":[{"embeddable":true,"href":"https:\/\/www.feuerwehr-jockgrim.de\/index.php?rest_route=\/wp\/v2\/users\/1"}],"replies":[{"embeddable":true,"href":"https:\/\/www.feuerwehr-jockgrim.de\/index.php?rest_route=%2Fwp%2Fv2%2Fcomments&post=447"}],"version-history":[{"count":3,"href":"https:\/\/www.feuerwehr-jockgrim.de\/index.php?rest_route=\/wp\/v2\/pages\/447\/revisions"}],"predecessor-version":[{"id":2283,"href":"https:\/\/www.feuerwehr-jockgrim.de\/index.php?rest_route=\/wp\/v2\/pages\/447\/revisions\/2283"}],"wp:attachment":[{"href":"https:\/\/www.feuerwehr-jockgrim.de\/index.php?rest_route=%2Fwp%2Fv2%2Fmedia&parent=447"}],"curies":[{"name":"wp","href":"https:\/\/api.w.org\/{rel}","templated":true}]}}