{"id":441,"date":"2022-11-18T13:47:06","date_gmt":"2022-11-18T12:47:06","guid":{"rendered":"http:\/\/feuerwehr-jockgrim.org\/?page_id=441"},"modified":"2022-11-18T16:15:31","modified_gmt":"2022-11-18T15:15:31","slug":"buergerinformationen","status":"publish","type":"page","link":"https:\/\/www.feuerwehr-jockgrim.de\/?page_id=441","title":{"rendered":"B\u00fcrgerinformationen"},"content":{"rendered":"\n<p>Wir m\u00f6chten Ihnen auf folgende Seiten verschiedene Informationen und Ratschl\u00e4ge hier bereitstellen:<\/p>\n\n\n\n<p>Informationen zur Feuerwehr von der Verbandsgemeindeverwaltung Jockgrim sind hier zu finden: <br><a rel=\"noreferrer noopener\" href=\"https:\/\/www.vg-jockgrim.de\/familie-wohnen\/vereine-und-ehrenamt\/feuerwehr\" target=\"_blank\">https:\/\/www.vg-jockgrim.de\/familie-wohnen\/vereine-und-ehrenamt\/feuerwehr<\/a><\/p>\n\n\n<div class=\"widget widget_nav_menu\"><h2 class=\"widgettitle\">B\u00fcrgerinformationen \u00dcbersicht:<\/h2><div class=\"menu-buergerinformationen-container\"><ul id=\"menu-buergerinformationen\" class=\"menu\"><li id=\"menu-item-2276\" class=\"menu-item menu-item-type-post_type menu-item-object-page menu-item-has-children menu-item-2276\"><a href=\"https:\/\/www.feuerwehr-jockgrim.de\/?page_id=2241\">Bev\u00f6lkerungswarnung<\/a>\n<ul class=\"sub-menu\">\n\t<li id=\"menu-item-418\" class=\"menu-item menu-item-type-post_type menu-item-object-page menu-item-418\"><a href=\"https:\/\/www.feuerwehr-jockgrim.de\/?page_id=411\">WarnApp&#8217;s<\/a><\/li>\n<\/ul>\n<\/li>\n<li id=\"menu-item-508\" class=\"menu-item menu-item-type-post_type menu-item-object-page menu-item-has-children menu-item-508\"><a href=\"https:\/\/www.feuerwehr-jockgrim.de\/?page_id=503\">Notruf<\/a>\n<ul class=\"sub-menu\">\n\t<li id=\"menu-item-555\" class=\"menu-item menu-item-type-post_type menu-item-object-page menu-item-555\"><a href=\"https:\/\/www.feuerwehr-jockgrim.de\/?page_id=552\">Notruf f\u00fcr Sprach- und H\u00f6rgesch\u00e4digte<\/a><\/li>\n<\/ul>\n<\/li>\n<li id=\"menu-item-446\" class=\"menu-item menu-item-type-post_type menu-item-object-page menu-item-446\"><a href=\"https:\/\/www.feuerwehr-jockgrim.de\/?page_id=435\">Hochwasser<\/a><\/li>\n<li id=\"menu-item-450\" class=\"menu-item menu-item-type-post_type menu-item-object-page menu-item-450\"><a href=\"https:\/\/www.feuerwehr-jockgrim.de\/?page_id=447\">Stromausfall<\/a><\/li>\n<li id=\"menu-item-901\" class=\"menu-item menu-item-type-post_type menu-item-object-page menu-item-901\"><a href=\"https:\/\/www.feuerwehr-jockgrim.de\/?page_id=878\">Blaulicht und Sondersignal<\/a><\/li>\n<li id=\"menu-item-489\" class=\"menu-item menu-item-type-post_type menu-item-object-page menu-item-489\"><a href=\"https:\/\/www.feuerwehr-jockgrim.de\/?page_id=486\">Die Feuerwehr nicht behindern<\/a><\/li>\n<li id=\"menu-item-509\" class=\"menu-item menu-item-type-post_type menu-item-object-page menu-item-509\"><a href=\"https:\/\/www.feuerwehr-jockgrim.de\/?page_id=500\">Unterflurhydranten<\/a><\/li>\n<li id=\"menu-item-535\" class=\"menu-item menu-item-type-post_type menu-item-object-page menu-item-535\"><a href=\"https:\/\/www.feuerwehr-jockgrim.de\/?page_id=521\">Rauchmelder retten Leben<\/a><\/li>\n<li id=\"menu-item-483\" class=\"menu-item menu-item-type-post_type menu-item-object-page menu-item-483\"><a href=\"https:\/\/www.feuerwehr-jockgrim.de\/?page_id=464\">Der beste Schutz im und um das Haus<\/a><\/li>\n<li id=\"menu-item-456\" class=\"menu-item menu-item-type-post_type menu-item-object-page menu-item-456\"><a href=\"https:\/\/www.feuerwehr-jockgrim.de\/?page_id=453\">Brandschutz im Haus<\/a><\/li>\n<li id=\"menu-item-564\" class=\"menu-item menu-item-type-post_type menu-item-object-page menu-item-564\"><a href=\"https:\/\/www.feuerwehr-jockgrim.de\/?page_id=562\">Photovoltaik-Anlagen<\/a><\/li>\n<li id=\"menu-item-567\" class=\"menu-item menu-item-type-post_type menu-item-object-page menu-item-567\"><a href=\"https:\/\/www.feuerwehr-jockgrim.de\/?page_id=556\">Sicherheit in der K\u00fcche<\/a><\/li>\n<li id=\"menu-item-454\" class=\"menu-item menu-item-type-post_type menu-item-object-page menu-item-454\"><a href=\"https:\/\/www.feuerwehr-jockgrim.de\/?page_id=449\">Bei Ihnen hat es gebrannt?<\/a><\/li>\n<li id=\"menu-item-533\" class=\"menu-item menu-item-type-post_type menu-item-object-page menu-item-533\"><a href=\"https:\/\/www.feuerwehr-jockgrim.de\/?page_id=528\">Umgang mit Elektroger\u00e4ten<\/a><\/li>\n<li id=\"menu-item-534\" class=\"menu-item menu-item-type-post_type menu-item-object-page menu-item-534\"><a href=\"https:\/\/www.feuerwehr-jockgrim.de\/?page_id=526\">Sichere Haustechnik<\/a><\/li>\n<li id=\"menu-item-536\" class=\"menu-item menu-item-type-post_type menu-item-object-page menu-item-536\"><a href=\"https:\/\/www.feuerwehr-jockgrim.de\/?page_id=515\">Raucher?<\/a><\/li>\n<li id=\"menu-item-467\" class=\"menu-item menu-item-type-post_type menu-item-object-page menu-item-467\"><a href=\"https:\/\/www.feuerwehr-jockgrim.de\/?page_id=457\">Brennbare Fl\u00fcssigkeiten<\/a><\/li>\n<li id=\"menu-item-466\" class=\"menu-item menu-item-type-post_type menu-item-object-page menu-item-466\"><a href=\"https:\/\/www.feuerwehr-jockgrim.de\/?page_id=459\">Brennbare Gase<\/a><\/li>\n<li id=\"menu-item-565\" class=\"menu-item menu-item-type-post_type menu-item-object-page menu-item-565\"><a href=\"https:\/\/www.feuerwehr-jockgrim.de\/?page_id=560\">T\u00fcckische Textilien<\/a><\/li>\n<li id=\"menu-item-532\" class=\"menu-item menu-item-type-post_type menu-item-object-page menu-item-532\"><a href=\"https:\/\/www.feuerwehr-jockgrim.de\/?page_id=530\">Ungest\u00f6rter Advent<\/a><\/li>\n<li id=\"menu-item-465\" class=\"menu-item menu-item-type-post_type menu-item-object-page menu-item-465\"><a href=\"https:\/\/www.feuerwehr-jockgrim.de\/?page_id=461\">Christbaumbr\u00e4nde<\/a><\/li>\n<li id=\"menu-item-566\" class=\"menu-item menu-item-type-post_type menu-item-object-page menu-item-566\"><a href=\"https:\/\/www.feuerwehr-jockgrim.de\/?page_id=558\">Silvesterfeuerwerk<\/a><\/li>\n<li id=\"menu-item-551\" class=\"menu-item menu-item-type-post_type menu-item-object-page menu-item-551\"><a href=\"https:\/\/www.feuerwehr-jockgrim.de\/?page_id=545\">Vorsicht beim Feiern<\/a><\/li>\n<li id=\"menu-item-510\" class=\"menu-item menu-item-type-post_type menu-item-object-page menu-item-510\"><a href=\"https:\/\/www.feuerwehr-jockgrim.de\/?page_id=498\">Heimwerkert\u00e4tigkeit<\/a><\/li>\n<li id=\"menu-item-550\" class=\"menu-item menu-item-type-post_type menu-item-object-page menu-item-550\"><a href=\"https:\/\/www.feuerwehr-jockgrim.de\/?page_id=547\">Vorsorge in Hotels<\/a><\/li>\n<li id=\"menu-item-2641\" class=\"menu-item menu-item-type-post_type menu-item-object-page menu-item-2641\"><a href=\"https:\/\/www.feuerwehr-jockgrim.de\/?page_id=2632\">Rauchgasdurchz\u00fcndung<\/a><\/li>\n<\/ul><\/div><\/div>","protected":false},"excerpt":{"rendered":"<p>Wir m\u00f6chten Ihnen auf folgende Seiten verschiedene Informationen und Ratschl\u00e4ge hier bereitstellen: Informationen zur Feuerwehr von der Verbandsgemeindeverwaltung Jockgrim sind hier zu finden: https:\/\/www.vg-jockgrim.de\/familie-wohnen\/vereine-und-ehrenamt\/feuerwehr<\/p>\n","protected":false},"author":1,"featured_media":0,"parent":0,"menu_order":0,"comment_status":"closed","ping_status":"closed","template":"","meta":{"_acf_changed":false,"footnotes":""},"class_list":["post-441","page","type-page","status-publish","hentry"],"acf":[],"_links":{"self":[{"href":"https:\/\/www.feuerwehr-jockgrim.de\/index.php?rest_route=\/wp\/v2\/pages\/441","targetHints":{"allow":["GET"]}}],"collection":[{"href":"https:\/\/www.feuerwehr-jockgrim.de\/index.php?rest_route=\/wp\/v2\/pages"}],"about":[{"href":"https:\/\/www.feuerwehr-jockgrim.de\/index.php?rest_route=\/wp\/v2\/types\/page"}],"author":[{"embeddable":true,"href":"https:\/\/www.feuerwehr-jockgrim.de\/index.php?rest_route=\/wp\/v2\/users\/1"}],"replies":[{"embeddable":true,"href":"https:\/\/www.feuerwehr-jockgrim.de\/index.php?rest_route=%2Fwp%2Fv2%2Fcomments&post=441"}],"version-history":[{"count":3,"href":"https:\/\/www.feuerwehr-jockgrim.de\/index.php?rest_route=\/wp\/v2\/pages\/441\/revisions"}],"predecessor-version":[{"id":574,"href":"https:\/\/www.feuerwehr-jockgrim.de\/index.php?rest_route=\/wp\/v2\/pages\/441\/revisions\/574"}],"wp:attachment":[{"href":"https:\/\/www.feuerwehr-jockgrim.de\/index.php?rest_route=%2Fwp%2Fv2%2Fmedia&parent=441"}],"curies":[{"name":"wp","href":"https:\/\/api.w.org\/{rel}","templated":true}]}}