{"id":435,"date":"2022-11-18T13:50:41","date_gmt":"2022-11-18T12:50:41","guid":{"rendered":"http:\/\/feuerwehr-jockgrim.org\/?page_id=435"},"modified":"2022-11-18T16:21:24","modified_gmt":"2022-11-18T15:21:24","slug":"hochwasser","status":"publish","type":"page","link":"https:\/\/www.feuerwehr-jockgrim.de\/?page_id=435","title":{"rendered":"Hochwasser"},"content":{"rendered":"\n<figure class=\"wp-block-image\"><img loading=\"lazy\" decoding=\"async\" width=\"1024\" height=\"768\" src=\"http:\/\/feuerwehr-jockgrim.org\/wp-content\/uploads\/2022\/11\/WhatsApp_Image_2021-01-31_at_162001-1024x768.jpeg\" alt=\"\" class=\"wp-image-436\" srcset=\"https:\/\/www.feuerwehr-jockgrim.de\/wp-content\/uploads\/2022\/11\/WhatsApp_Image_2021-01-31_at_162001-1024x768.jpeg 1024w, https:\/\/www.feuerwehr-jockgrim.de\/wp-content\/uploads\/2022\/11\/WhatsApp_Image_2021-01-31_at_162001-300x225.jpeg 300w, https:\/\/www.feuerwehr-jockgrim.de\/wp-content\/uploads\/2022\/11\/WhatsApp_Image_2021-01-31_at_162001-768x576.jpeg 768w, https:\/\/www.feuerwehr-jockgrim.de\/wp-content\/uploads\/2022\/11\/WhatsApp_Image_2021-01-31_at_162001-1536x1152.jpeg 1536w, https:\/\/www.feuerwehr-jockgrim.de\/wp-content\/uploads\/2022\/11\/WhatsApp_Image_2021-01-31_at_162001.jpeg 1600w\" sizes=\"auto, (max-width: 1024px) 100vw, 1024px\" \/><\/figure>\n\n\n\n<h2 class=\"wp-block-heading\">Hochwasser-Polder Jockgrim<\/h2>\n\n\n\n<p>Ab einen Rhein-Wasserstand von 7,80m (Pegel Maxau) tritt der Hochwasseralarmplan Stufe II in Kraft hinter der sich verschiedene Ma\u00dfnahmen verbergen:<\/p>\n\n\n\n<ul class=\"wp-block-list\">\n<li>Am Polder Jockgrim l\u00e4uft im ungesteuerten Teil, ab einem Rhein-Wasserstand von 7,80m Pegel Maxau, das Rheinhochwasser ein. Es besteht <strong>Lebensgefahr<\/strong> im Polderbereich!<\/li>\n\n\n\n<li><strong>Sperrung der Zuwegungen zum Rheinhauptdeich sowie zum Polderdeich f\u00fcr die Zivilbev\u00f6lkerung<\/strong>! Das hei\u00dft kein KFZ-Verkehr, keine Fu\u00dfg\u00e4nger und Spazierg\u00e4nger und keine Fahradtouren im gesperrten Bereich. Das Ordnungsamt f\u00fchrt hier regelm\u00e4\u00dfige Kontrollen durch!\n<ul class=\"wp-block-list\">\n<li>Wir berichten mit aktuellen Bilder in unseren Sozial-Media-Kan\u00e4len \u00fcber das aktuelle Hochwasser-Geschehen vor Ort, damit keine Schaulustige die Einsatzstelle aufsuchen.<\/li>\n<\/ul>\n<\/li>\n\n\n\n<li>Die Feuerwehr-Einsatz-Zentrale, kurz FEZ, im Feuerwehrger\u00e4tehaus Jockgrim wird ab dem Zeitpunkt rund um die Uhr besetzt.<\/li>\n\n\n\n<li>Zus\u00e4tzlich werden Deichwachen eingesetzt, die den Rheinhauptdeich zwischen dem alten Sch\u00f6pfwerk am Scherpfer Graben und dem Deichwachhaus Neupotz I sowie den Polderdeich bei Flutung kontrolliert.<\/li>\n<\/ul>\n\n\n\n<h2 class=\"wp-block-heading\">Bei Hochwasser ist folgendes zu beachten:<\/h2>\n\n\n\n<ul class=\"wp-block-list\">\n<li>Bleiben sie den Flutungsr\u00e4umen des Polders und den Wasserfl\u00e4chen fern, bei Einflutung besteht <strong>Lebensgefahr<\/strong> durch die Str\u00f6mung!<\/li>\n\n\n\n<li>Der Rhein ist ein gef\u00e4hrlicher Flu\u00df, die Str\u00f6mung ist selbst f\u00fcr gute Schwimmer zu stark.<\/li>\n\n\n\n<li>Ab einem Rhein-Wasserstand von 7,80m am Pegel Maxau wird der Boots- und Schifffahrtsverkehr auf dem Rhein eingestellt.<\/li>\n\n\n\n<li>Das Befahren der Bermenwegen, den Deichanlagen sowieder Zuwegungen ist verboten!<\/li>\n\n\n\n<li>Den Anweisungen der Deichwachen (Mitarbeiter der Ortsgemeinde, Feuerwehrkr\u00e4ften, Mitarbeiter der Deichmeisterei) ist Folge zu leisten.<\/li>\n<\/ul>\n\n\n\n<h2 class=\"wp-block-heading\">Hohe Werte \u2013 hohe Sch\u00e4den:<\/h2>\n\n\n\n<p>Nutzen Sie die Vorlaufzeit eines sich ank\u00fcndigenden Hochwassers und bringen Sie Werte in Sicherheit. Schadensminimierung liegt im privaten und \u00f6ffentlichen Interesse.<\/p>\n\n\n\n<p>Vermeiden Sie hausgemachte Akut- und Folgesch\u00e4den in Ihrem Umfeld ebenso wie Gef\u00e4hrdungen der Umwelt. Entsorgen Sie ordnungsgem\u00e4\u00df Problemstoffe, bevor eine \u00dcberschwemmung eintritt.<\/p>\n\n\n\n<p>Suchen Sie Rat bei Fachleuten (Ingenieure f\u00fcr Statik, Heizungsbauer und Versicherungsexperten). Das mit dem Hochwasser ansteigende Grundwasser (Druckwasser) kann durch erh\u00f6hte Auftriebskr\u00e4fte ebenfalls Sch\u00e4den verursachen.<\/p>\n\n\n\n<p>Jeder, der vom Hochwasser betroffen werden kann, sollte selbst finanzielle Vorsorge treffen. Deshalb ist es sinnvoll eine Hochwasserversicherung abzuschlie\u00dfen, wobei der Umfang des Versicherungsschutzes m\u00f6glichst genau abgegrenzt werden sollte. Die private Versicherungswirtschaft bietet Elementar-Schadensversicherungen unter Einschluss des Hochwasserrisikos an.<\/p>\n\n\n\n<p>Dokumentieren Sie Art und Umfang eingetretener Sch\u00e4den durch Fotos, Wasserstandsmarkierungen und das Aufbewahren besch\u00e4digter Gegenst\u00e4nde.<\/p>\n\n\n\n<p>Sch\u00fctzen und sichern Sie:<\/p>\n\n\n\n<ul class=\"wp-block-list\">\n<li><strong>Geb\u00e4ude\u00f6ffnungen und Sch\u00e4chte,<\/strong><\/li>\n\n\n\n<li><strong>Funktion der R\u00fcckstauverschl\u00fcsse<\/strong><\/li>\n\n\n\n<li><strong>Heizanlage (Brenner, Thermen, Steuerungselektronik)<\/strong><\/li>\n\n\n\n<li><strong>\u00d6ltanks \/ Gasbeh\u00e4lter gegen Aufschwimmen<\/strong><\/li>\n\n\n\n<li><strong>Lagerg\u00fcter (Farben, Lacke, \u00d6l u.a.)<\/strong><\/li>\n\n\n\n<li><strong>Entsorgungsg\u00fcter<\/strong><\/li>\n\n\n\n<li><strong>Stromkreise in tiefliegenden R\u00e4umen<\/strong><\/li>\n\n\n\n<li><strong>Haushaltsger\u00e4te (Waschmaschinen, Gefriertruhen etc.)<\/strong><\/li>\n\n\n\n<li><strong>Wertgegenst\u00e4nde in Kellerr\u00e4umen (M\u00f6bel, Teppiche etc.)<\/strong><\/li>\n\n\n\n<li><strong>Kraftfahrzeuge<\/strong><\/li>\n<\/ul>\n\n\n\n<h2 class=\"wp-block-heading\">Eigenvorsorge<\/h2>\n\n\n\n<p>Bevorraten Sie nach individuellem Bedarf:<\/p>\n\n\n\n<ul class=\"wp-block-list\">\n<li>Medikamente, Hygieneartikel<\/li>\n\n\n\n<li>Lebensmittel, Babykost, Getr\u00e4nke<\/li>\n\n\n\n<li>Notbeleuchtung (Kerzen, Taschenlampen, Batterien)<\/li>\n\n\n\n<li>Kocher (Spiritus \/ Gas)<\/li>\n\n\n\n<li>Gummistiefel, Wathosen<\/li>\n\n\n\n<li>Sands\u00e4cke, Abschottmaterial, Pumpen, Hilfsger\u00e4t<\/li>\n<\/ul>\n\n\n\n<p>Strom, Wasser, Gas und Telefon k\u00f6nnen ausfallen, Stra\u00dfen nicht passierbar sein. Ausgew\u00e4hlte Vorr\u00e4te helfen solche Notlagen, in denen man von Dienst- und Versorgungsleistungen abgeschnitten ist oder selbst nicht erreicht werden kann, zu \u00fcberbr\u00fccken.<\/p>\n\n\n\n<p>Sands\u00e4cke, Pumpen und anderes Hilfsger\u00e4t m\u00fcssen Sie selbst beschaffen. Denken Sie rechtzeitig an die Vorhaltung, denn dieses Material kann schnell vergriffen sein. Erkundigen Sie sich nach Bezugsquellen (Gelbe Seiten, Baustoffhandel). Mit Kleinmengen (max. bis 10 S\u00e4cke) und in sehr begrenztem Umfang kann die Feuerwehr notfalls aushelfen. Feuerwehr und Hilfsorganisationen ben\u00f6tigen ihre Ausr\u00fcstung selbst und k\u00f6nnen sie nicht ausleihen.<\/p>\n\n\n\n<p>Hilfs- und Rettungsdienste k\u00f6nnen nicht \u00fcberall gleichzeitig t\u00e4tig sein und nicht wegen Kleinigkeiten kommen. Sorgen Sie daf\u00fcr, dass Kleinkinder, kranke und pflegebed\u00fcrftige Personen au\u00dferhalb des Gefahrenbereiches z.B. bei Verwandten, Freunden, sozialen Einrichtungen untergebracht werden und ihre Betreuung durch \u00c4rzte \/ Pflegedienste sichergestellt ist. \u00dcberlegen Sie, ob Ihnen Nachbarn helfen k\u00f6nnen oder ob sie ihrer Hilfe bed\u00fcrfen. Denken Sie auch an Nutz- und Haustiere.<\/p>\n\n\n\n<p>Muss man selbst sein Zuhause vor\u00fcbergehend verlassen (Evakuierung), sollten Dokumente, Wertsachen, warme Kleidung, Wolldecke u.a. bereitgehalten werden; schn\u00fcren Sie ihr pers\u00f6nliches Notgep\u00e4ck. Schlie\u00dfen Sie Fenster und T\u00fcren. Sch\u00fctzen Sie, was Sie zur\u00fcck lassen.<\/p>\n\n\n\n<h2 class=\"wp-block-heading\">\u00d6ffentliche Hilfe<\/h2>\n\n\n\n<p><strong>Wichtige Rufnummern f\u00fcr Hilfsma\u00dfnahmen und Beratung<\/strong><strong>:<\/strong><\/p>\n\n\n\n<p><strong>Wenn Sie in Not geraten und Hilfe brauchen:<\/strong><\/p>\n\n\n\n<ul class=\"wp-block-list\">\n<li><strong>Feuerwehr&nbsp;Notruf 112<\/strong><\/li>\n\n\n\n<li><strong>Polizei <\/strong>Notruf<strong> 110<\/strong><\/li>\n<\/ul>\n\n\n\n<p><strong>Die Notrufe von Feuerwehr (112) und Polizei (110) sind keine Auskunft-<\/strong><br><strong>stellen und d\u00fcrfen nur zur Anforderung von Hilfeleistungen genutzt<\/strong><br><strong>werden.<\/strong><\/p>\n\n\n\n<p><strong>Wenn Sie Ausk\u00fcnfte w\u00fcnschen:<\/strong><\/p>\n\n\n\n<p><strong>Verbandsgemeindeverwaltung&nbsp;<\/strong><\/p>\n\n\n\n<ol class=\"wp-block-list\">\n<li><strong>Herr O\u00dfwald Tel.: 07271-599-173<\/strong><\/li>\n\n\n\n<li><strong>Zentrale Tel.: 07271-599-0<\/strong><\/li>\n\n\n\n<li><strong>Bauhof Tel.: 07271-5556<\/strong><\/li>\n<\/ol>\n\n\n\n<p><strong>Feuerwehr <\/strong><br>i.d.R. nicht st\u00e4ndig besetzt. Dauerbesetzung 24\/7 ab einen Wasserstand 7,80m Pegel Maxau<\/p>\n\n\n\n<p><strong>Feuerwehr Jockgrim (FEZ), Tel.: 07271-52471<\/strong><\/p>\n\n\n\n<p>Erfahrungsgem\u00e4\u00df sind bei Gro\u00dfschadenslagen die Rufnummern \u00fcberlastet. Bewahren Sie Ruhe und Besonnenheit, denn die Hilfsorganisationen arbeiten professionell, sind erfahren, versuchen ihr Bestes und koordinieren die Eins\u00e4tze nach Dringlichkeit. Menschenrettung geht vor Sachwerteschutz und Allgemeinwohl vor Einzelinteressen. Meiden Sie unn\u00f6tige Aufenthalte im Freien, bleiben Sie von tief liegendem Gel\u00e4nde und Uferzonen fern. Beteiligen Sie sich nicht am \u201eKatastrophentourismus\u201c. Befolgen Sie die Anweisungen der Feuerwehr, Polizei und Rettungsdienste und unterst\u00fctzen Sie die Einsatzkr\u00e4fte.<\/p>\n\n\n\n<h3 class=\"wp-block-heading\">Informationswege<\/h3>\n\n\n\n<p><strong>Aktuelle Hochwassermeldungen stehen <\/strong><strong>auf folgende Informationswegen zur <\/strong><strong>Verf\u00fcgung:<\/strong><\/p>\n\n\n\n<p><strong>Videotext&nbsp; <\/strong>\u201eS\u00fcdwest-Text\u201c des SWR<br>St\u00fcndliche aktualisierte Wasserst\u00e4nde sowie Vorhersagen und Lageberichte<\/p>\n\n\n\n<p><strong>Tafel&nbsp;&nbsp; 800<\/strong>&nbsp;&nbsp;&nbsp;&nbsp; \u00dcbersicht Hochwasser<br><strong>Tafel&nbsp;&nbsp; 801<\/strong>&nbsp;&nbsp;&nbsp;&nbsp; Rheinpegelst\u00e4nde<\/p>\n\n\n\n<h3 class=\"wp-block-heading\">Rundfunkmeldungen<\/h3>\n\n\n\n<p>St\u00fcndlich aktualisierte Wasserst\u00e4nde sowie Vorhersagen und Lageberichte<\/p>\n\n\n\n<p><strong>S\u00fcdwestrundfunk:&nbsp;&nbsp;&nbsp;&nbsp;&nbsp;&nbsp;&nbsp;&nbsp;&nbsp;&nbsp;<\/strong> SWR 1, SWR 4 Rheinland-Pfalz, SWR 3<br><strong>Radio RPR&nbsp;&nbsp;&nbsp;&nbsp;&nbsp;&nbsp;&nbsp;&nbsp;&nbsp;&nbsp;&nbsp;&nbsp;&nbsp;&nbsp;&nbsp;&nbsp;&nbsp;&nbsp;&nbsp;&nbsp;&nbsp;&nbsp;&nbsp; <\/strong>RPR 1<\/p>\n\n\n\n<h3 class=\"wp-block-heading\">Internet<\/h3>\n\n\n\n<p>Lageberichte, Vorhersagen, st\u00fcndlich aktualisierte Wasserst\u00e4nde, Hochwasserst\u00e4nde und st\u00fcndlich aktualisierte Pegel\u00fcbersichten.<br>Die Internetseiten der Hochwassermeldedienste in Rheinland-Pfalz und Baden-W\u00fcrttemberg sind unter folgenden Adressen erreichbar:<\/p>\n\n\n\n<p><a rel=\"noreferrer noopener\" href=\"http:\/\/www.hochwasser.rlp.de\/\" target=\"_blank\">http:\/\/www.hochwasser.rlp.de<\/a><strong><a href=\"http:\/\/www.hochwasser.rlp.de\/\"><br><\/a><\/strong><a href=\"http:\/\/www.hvz.baden-wuerttemberg.de\" target=\"_blank\" rel=\"noreferrer noopener\">http:\/\/www.hvz.baden-wuerttemberg.de<\/a><br>Backup: <a rel=\"noreferrer noopener\" href=\"http:\/\/www.hvz.lubw.baden-wuerttemberg.de\" target=\"_blank\">http:\/\/www.hvz.lubw.baden-wuerttemberg.de<\/a><\/p>\n\n\n\n<h3 class=\"wp-block-heading\">Ansagedienst Pegel<\/h3>\n\n\n\n<p>Ansagedienst Pegel Maxau unter Tel. 0721-19429<\/p>\n","protected":false},"excerpt":{"rendered":"<p>Hochwasser-Polder Jockgrim Ab einen Rhein-Wasserstand von 7,80m (Pegel Maxau) tritt der Hochwasseralarmplan Stufe II in Kraft hinter der sich verschiedene Ma\u00dfnahmen verbergen: Bei Hochwasser ist folgendes zu beachten: Hohe Werte \u2013 hohe Sch\u00e4den: Nutzen Sie die Vorlaufzeit eines sich ank\u00fcndigenden Hochwassers und bringen Sie Werte in Sicherheit. Schadensminimierung liegt im privaten und \u00f6ffentlichen Interesse. Vermeiden [&hellip;]<\/p>\n","protected":false},"author":1,"featured_media":0,"parent":0,"menu_order":0,"comment_status":"closed","ping_status":"closed","template":"","meta":{"_acf_changed":false,"footnotes":""},"class_list":["post-435","page","type-page","status-publish","hentry"],"acf":[],"_links":{"self":[{"href":"https:\/\/www.feuerwehr-jockgrim.de\/index.php?rest_route=\/wp\/v2\/pages\/435","targetHints":{"allow":["GET"]}}],"collection":[{"href":"https:\/\/www.feuerwehr-jockgrim.de\/index.php?rest_route=\/wp\/v2\/pages"}],"about":[{"href":"https:\/\/www.feuerwehr-jockgrim.de\/index.php?rest_route=\/wp\/v2\/types\/page"}],"author":[{"embeddable":true,"href":"https:\/\/www.feuerwehr-jockgrim.de\/index.php?rest_route=\/wp\/v2\/users\/1"}],"replies":[{"embeddable":true,"href":"https:\/\/www.feuerwehr-jockgrim.de\/index.php?rest_route=%2Fwp%2Fv2%2Fcomments&post=435"}],"version-history":[{"count":6,"href":"https:\/\/www.feuerwehr-jockgrim.de\/index.php?rest_route=\/wp\/v2\/pages\/435\/revisions"}],"predecessor-version":[{"id":497,"href":"https:\/\/www.feuerwehr-jockgrim.de\/index.php?rest_route=\/wp\/v2\/pages\/435\/revisions\/497"}],"wp:attachment":[{"href":"https:\/\/www.feuerwehr-jockgrim.de\/index.php?rest_route=%2Fwp%2Fv2%2Fmedia&parent=435"}],"curies":[{"name":"wp","href":"https:\/\/api.w.org\/{rel}","templated":true}]}}