{"id":411,"date":"2022-11-18T11:24:16","date_gmt":"2022-11-18T10:24:16","guid":{"rendered":"http:\/\/feuerwehr-jockgrim.org\/?page_id=411"},"modified":"2025-09-02T17:36:49","modified_gmt":"2025-09-02T15:36:49","slug":"warnapps-fuer-das-smartphone","status":"publish","type":"page","link":"https:\/\/www.feuerwehr-jockgrim.de\/?page_id=411","title":{"rendered":"Warnapp&#8217;s f\u00fcr das Smartphone"},"content":{"rendered":"\n<h2 class=\"wp-block-heading\"><strong>Katwarn<\/strong><\/h2>\n\n\n\n<p>KATWARN ist ein kostenloser Service f\u00fcr offizielle Warninformationen. Das System wurde von Fraunhofer FOKUS im Auftrag der \u00f6ffentlichen Versicherer entwickelt und ist seit 2010 in Betrieb.<\/p>\n\n\n\n<p>Mit KATWARN erhalten Sie erg\u00e4nzend zu Sirenen, Lautsprecheransagen oder Meldungen im Radio wichtige Warn- und Verhaltensinformationen. KATWARN sagt Ihnen also nicht nur, DASS es eine Gefahrensituation gibt, sondern auch WIE Sie sich verhalten sollen.<\/p>\n\n\n\n<p><a href=\"http:\/\/www.katwarn.de\/\" target=\"_blank\" rel=\"noreferrer noopener\">Homepage Katwarn<\/a><\/p>\n\n\n\n<p>App f\u00fcr <a href=\"https:\/\/play.google.com\/store\/apps\/details?id=de.combirisk.katwarn\" target=\"_blank\" rel=\"noreferrer noopener\">Android<\/a><br>App f\u00fcr <a href=\"http:\/\/appstore.com\/katwarn\">iOS (iPhone)<\/a><\/p>\n\n\n\n<div class=\"wp-block-media-text alignwide is-stacked-on-mobile\" style=\"grid-template-columns:21% auto\"><figure class=\"wp-block-media-text__media\"><img loading=\"lazy\" decoding=\"async\" width=\"370\" height=\"370\" src=\"http:\/\/feuerwehr-jockgrim.org\/wp-content\/uploads\/2022\/11\/grafik.png\" alt=\"\" class=\"wp-image-412 size-full\" srcset=\"https:\/\/www.feuerwehr-jockgrim.de\/wp-content\/uploads\/2022\/11\/grafik.png 370w, https:\/\/www.feuerwehr-jockgrim.de\/wp-content\/uploads\/2022\/11\/grafik-300x300.png 300w, https:\/\/www.feuerwehr-jockgrim.de\/wp-content\/uploads\/2022\/11\/grafik-150x150.png 150w\" sizes=\"auto, (max-width: 370px) 100vw, 370px\" \/><\/figure><div class=\"wp-block-media-text__content\">\n<p>QR-Code scannen und direkt aus dem passenden AppStore downloaden.<\/p>\n<\/div><\/div>\n\n\n\n<p><\/p>\n\n\n\n<h2 class=\"wp-block-heading\"><strong><abbr title=\"Notfall-Informations- und Nachrichten-App\">NINA<\/abbr> &#8211; Notfall-Informations- und Nachrichten-<abbr title=\"Applikation \u2013 Anwendungsprogramm\">App<\/abbr> des Bundesamtes f\u00fcr Bev\u00f6lkerungsschutz und Katastrophenhilfe (<\/strong><strong>BBK)<\/strong><\/h2>\n\n\n\n<p>NINA ist die Notfall-Informations- und Nachrichten-App des Bundesamtes f\u00fcr Bev\u00f6lkerungsschutz und Katastrophenhilfe (BBK). NINA warnt Sie deutschlandweit und \u2013 wenn Sie dies w\u00fcnschen \u2013 standortbezogen vor Gefahren, wie z. B. Unwettern, Hochwasser und anderen sogenannten Gro\u00dfschadenslagen.<\/p>\n\n\n\n<p><a href=\"https:\/\/www.bbk.bund.de\/DE\/Warnung-Vorsorge\/Warn-App-NINA\/warn-app-nina_node.html\" target=\"_blank\" rel=\"noreferrer noopener\">Homepage BBK<\/a><\/p>\n\n\n\n<p>App f\u00fcr <a href=\"https:\/\/play.google.com\/store\/apps\/details?id=de.materna.bbk.mobile.app&amp;hl=de\" target=\"_blank\" rel=\"noreferrer noopener\">Android<\/a><br>App f\u00fcr <a href=\"https:\/\/itunes.apple.com\/de\/app\/nina\/id949360949\" target=\"_blank\" rel=\"noreferrer noopener\">iOS (iPhone)<\/a><\/p>\n\n\n\n<h2 class=\"wp-block-heading\"><strong>WarnWetter &#8211; Deutsche Wetterdienst (DWD)<\/strong><\/h2>\n\n\n\n<p>Die kostenlose WarnWetter-App vom DWD, welche die Einsatzkr\u00e4fte des Katastrophenschutzes sowie die breite \u00d6ffentlichkeit mit wichtigen Hinweisen zur aktuellen Warn- und Wettersituation versorgt.<\/p>\n\n\n\n<p><a href=\"http:\/\/www.dwd.de\/app\" target=\"_blank\" rel=\"noreferrer noopener\">Homepage DWD<\/a><\/p>\n\n\n\n<p>App f\u00fcr <a href=\"https:\/\/play.google.com\/store\/apps\/details?id=de.dwd.warnapp\" target=\"_blank\" rel=\"noreferrer noopener\">Android<\/a><br>App f\u00fcr <a href=\"https:\/\/itunes.apple.com\/de\/app\/warnwetter\/id986420993?ls=1&amp;mt=8\" target=\"_blank\" rel=\"noreferrer noopener\">iOS (iPhone)<\/a><\/p>\n\n\n\n<p><a href=\"https:\/\/www.feuerwehr-jockgrim.de\/?page_id=2241\" data-type=\"page\" data-id=\"2241\" target=\"_blank\" rel=\"noreferrer noopener\">Informationsseite Bev\u00f6lkerungswarnung<\/a><\/p>\n","protected":false},"excerpt":{"rendered":"<p>Katwarn KATWARN ist ein kostenloser Service f\u00fcr offizielle Warninformationen. Das System wurde von Fraunhofer FOKUS im Auftrag der \u00f6ffentlichen Versicherer entwickelt und ist seit 2010 in Betrieb. Mit KATWARN erhalten Sie erg\u00e4nzend zu Sirenen, Lautsprecheransagen oder Meldungen im Radio wichtige Warn- und Verhaltensinformationen. KATWARN sagt Ihnen also nicht nur, DASS es eine Gefahrensituation gibt, sondern [&hellip;]<\/p>\n","protected":false},"author":1,"featured_media":0,"parent":0,"menu_order":0,"comment_status":"closed","ping_status":"closed","template":"","meta":{"_acf_changed":false,"footnotes":""},"class_list":["post-411","page","type-page","status-publish","hentry"],"acf":[],"_links":{"self":[{"href":"https:\/\/www.feuerwehr-jockgrim.de\/index.php?rest_route=\/wp\/v2\/pages\/411","targetHints":{"allow":["GET"]}}],"collection":[{"href":"https:\/\/www.feuerwehr-jockgrim.de\/index.php?rest_route=\/wp\/v2\/pages"}],"about":[{"href":"https:\/\/www.feuerwehr-jockgrim.de\/index.php?rest_route=\/wp\/v2\/types\/page"}],"author":[{"embeddable":true,"href":"https:\/\/www.feuerwehr-jockgrim.de\/index.php?rest_route=\/wp\/v2\/users\/1"}],"replies":[{"embeddable":true,"href":"https:\/\/www.feuerwehr-jockgrim.de\/index.php?rest_route=%2Fwp%2Fv2%2Fcomments&post=411"}],"version-history":[{"count":10,"href":"https:\/\/www.feuerwehr-jockgrim.de\/index.php?rest_route=\/wp\/v2\/pages\/411\/revisions"}],"predecessor-version":[{"id":2275,"href":"https:\/\/www.feuerwehr-jockgrim.de\/index.php?rest_route=\/wp\/v2\/pages\/411\/revisions\/2275"}],"wp:attachment":[{"href":"https:\/\/www.feuerwehr-jockgrim.de\/index.php?rest_route=%2Fwp%2Fv2%2Fmedia&parent=411"}],"curies":[{"name":"wp","href":"https:\/\/api.w.org\/{rel}","templated":true}]}}