{"id":30,"date":"2022-11-17T13:54:04","date_gmt":"2022-11-17T13:54:04","guid":{"rendered":"http:\/\/feuerwehr-jockgrim.org\/?page_id=30"},"modified":"2022-11-21T10:48:20","modified_gmt":"2022-11-21T09:48:20","slug":"geraete","status":"publish","type":"page","link":"https:\/\/www.feuerwehr-jockgrim.de\/?page_id=30","title":{"rendered":"Ger\u00e4te"},"content":{"rendered":"\n<p>Als Feuerwehr allgemein, aber insbesondere auch als St\u00fctzpunktfeuerwehr, besitzen wir eine gro\u00dfe Auswahl an verschiedensten Ger\u00e4ten um unsere Aufgaben abdecken zu k\u00f6nnen.<br>Dazu geh\u00f6ren zum Beispiel einfache und typische Ger\u00e4te wie Schl\u00e4uche, Atemschutzger\u00e4te oder tragbare Leitern, aber auch seltenere und spezielle Ger\u00e4te, wie Hydraulisches Rettungsger\u00e4t, Auf- und Abseilger\u00e4te oder Messger\u00e4te. <\/p>\n\n\n\n<p>Diese und viele weitere Ger\u00e4te werden wir Ihnen im folgenden Abschnitt vorstellen.<\/p>\n","protected":false},"excerpt":{"rendered":"<p>Als Feuerwehr allgemein, aber insbesondere auch als St\u00fctzpunktfeuerwehr, besitzen wir eine gro\u00dfe Auswahl an verschiedensten Ger\u00e4ten um unsere Aufgaben abdecken zu k\u00f6nnen.Dazu geh\u00f6ren zum Beispiel einfache und typische Ger\u00e4te wie [&hellip;]<\/p>\n","protected":false},"author":2,"featured_media":0,"parent":0,"menu_order":0,"comment_status":"closed","ping_status":"closed","template":"","meta":{"_acf_changed":false,"footnotes":""},"class_list":["post-30","page","type-page","status-publish","hentry"],"acf":[],"_links":{"self":[{"href":"https:\/\/www.feuerwehr-jockgrim.de\/index.php?rest_route=\/wp\/v2\/pages\/30","targetHints":{"allow":["GET"]}}],"collection":[{"href":"https:\/\/www.feuerwehr-jockgrim.de\/index.php?rest_route=\/wp\/v2\/pages"}],"about":[{"href":"https:\/\/www.feuerwehr-jockgrim.de\/index.php?rest_route=\/wp\/v2\/types\/page"}],"author":[{"embeddable":true,"href":"https:\/\/www.feuerwehr-jockgrim.de\/index.php?rest_route=\/wp\/v2\/users\/2"}],"replies":[{"embeddable":true,"href":"https:\/\/www.feuerwehr-jockgrim.de\/index.php?rest_route=%2Fwp%2Fv2%2Fcomments&post=30"}],"version-history":[{"count":2,"href":"https:\/\/www.feuerwehr-jockgrim.de\/index.php?rest_route=\/wp\/v2\/pages\/30\/revisions"}],"predecessor-version":[{"id":422,"href":"https:\/\/www.feuerwehr-jockgrim.de\/index.php?rest_route=\/wp\/v2\/pages\/30\/revisions\/422"}],"wp:attachment":[{"href":"https:\/\/www.feuerwehr-jockgrim.de\/index.php?rest_route=%2Fwp%2Fv2%2Fmedia&parent=30"}],"curies":[{"name":"wp","href":"https:\/\/api.w.org\/{rel}","templated":true}]}}