{"id":24,"date":"2022-11-17T13:38:39","date_gmt":"2022-11-17T13:38:39","guid":{"rendered":"http:\/\/feuerwehr-jockgrim.org\/?page_id=24"},"modified":"2026-02-15T16:08:05","modified_gmt":"2026-02-15T15:08:05","slug":"fuehrung-und-sachgebiete","status":"publish","type":"page","link":"https:\/\/www.feuerwehr-jockgrim.de\/?page_id=24","title":{"rendered":"F\u00fchrung und Sachgebiete"},"content":{"rendered":"\n<p>Auf dieser Seite finden sie alle Informationen \u00fcber unsere F\u00fchrungskr\u00e4fte sowie die verschiedenen Sachgebiete und Sonderaufgaben welche durch Mitglieder unserer Wehr betreut werden.<\/p>\n\n\n\n<p class=\"has-medium-font-size\"><strong>Wehrleitung:<\/strong><\/p>\n\n\n\n<p>Wehrleiter: <br>Alexander Scharf (FF Jockgrim)<\/p>\n\n\n\n<p>Stellvetretende Wehrleiter:<br>Volker Betzer (FF Rheinzabern)<br>David Hofmann (FF Rheinzabern)<\/p>\n\n\n\n<p class=\"has-medium-font-size\"><strong>Wehrf\u00fchrung:<\/strong><\/p>\n\n\n\n<p>Wehrf\u00fchrer: <br>Jens Kiekebusch<\/p>\n\n\n\n<p>Stellvertretende Wehrf\u00fchrer:<br>Sven Brauner<br>Tobias Schehr<\/p>\n\n\n\n<p class=\"has-medium-font-size\"><strong>F\u00fchrungskr\u00e4fte:<\/strong><\/p>\n\n\n\n<p>Verbandsf\u00fchrer:<br>Sven Brauner<br>Jens Kiekebusch<br>Daniel Metzger<br>Volker Rei\u00df<br>Alexander Scharf<\/p>\n\n\n\n<p>Zugf\u00fchrer: <br>Sebastian Keiper<br>Michael Rapp<br>Tobias Schehr<\/p>\n\n\n\n<p>Gruppenf\u00fchrer:<br>Benedikt Brandel<br>Michael Mei\u00dfner<br>Raphael Paulus<br>Manfred Rei\u00df<br>Christian Sickm\u00fcller<br>Jens Sitter<\/p>\n\n\n\n<p class=\"has-medium-font-size\"><strong>Mitwirkende in Kreiseinheiten:<\/strong><\/p>\n\n\n\n<p><strong>Katastrophenschutzzug Landkreis Germersheim (KatS-Zug):<\/strong><\/p>\n\n\n\n<p>Einheitsf\u00fchrer KatS-Zug:<br>Daniel Metzger<\/p>\n\n\n\n<p>Stellvertrender Modulf\u00fchrer Wasserf\u00f6rderung:<br>Volker Rei\u00df<\/p>\n\n\n\n<p><strong>Einheiten im Bereich F\u00fchrungsunterst\u00fctzung:<\/strong><\/p>\n\n\n\n<p>Technische Einsatzleitung (TEL):<br>Daniel Metzger<br>Jens Kiekebusch<br>Alexander Scharf<\/p>\n\n\n\n<p>Facheinheit Information und Kommunikation (IuK):<br>Christian Sickm\u00fcller<br>Marwin Brinner<br>Benedikt Endres<\/p>\n\n\n\n<p><\/p>\n\n\n\n<p>Facheinheit S5\/Pressegruppe auf Kreisebene (S5-PaK):<br>Christian Sickm\u00fcller<br>Marwin Brinner<br>Benedikt Endres<\/p>\n\n\n\n<p class=\"has-medium-font-size\"><strong>FEZ-Leiter<\/strong><\/p>\n\n\n\n<p>Christian Sickm\u00fcller<\/p>\n\n\n\n<p class=\"has-medium-font-size\"><strong>Jugendfeuerwehr<\/strong><\/p>\n\n\n\n<p>Jugendfeuerwehrwartin:<br>Annalena Rapp<\/p>\n\n\n\n<p>Stellv. Jugendfeuerwehrwart:<br>Marwin Brinner<\/p>\n\n\n\n<p>Betreuer:<br>Max Gr\u00f6schel<br>Volker Rei\u00df<br>Ronald Schindler<\/p>\n\n\n\n<p class=\"has-medium-font-size\"><strong>Presse- und \u00d6ffentlichkeitsarbeit<\/strong><\/p>\n\n\n\n<p>Webdesign:<br>Benedikt Endres<br>Christian Sickm\u00fcller<\/p>\n\n\n\n<p>Social-Media Betreuung:<br>Marwin Brinner<br>Benedikt Endres<br>Tim Hinckel<br>Daniel Metzger<br>Christian Sickm\u00fcller<\/p>\n\n\n\n<p class=\"has-medium-font-size\"><strong>Ger\u00e4tewarte und Ger\u00e4tedienst<\/strong><\/p>\n\n\n\n<p>Hauptamtlicher Ger\u00e4tewart VG:<br>Maximilian Brauer<\/p>\n\n\n\n<p>Ehrenamtliche Ger\u00e4tewarte:<br>Tim Hinckel<br>Tobias Schehr<\/p>\n\n\n\n<p class=\"has-medium-font-size\"><strong>Leiter Atemschutz<\/strong><\/p>\n\n\n\n<p>Jonas Keiber<br>Jens Sitter<\/p>\n\n\n\n<p class=\"has-medium-font-size\"><strong>Kleiderwarte<\/strong><\/p>\n\n\n\n<p>Luk Kasper<br>Sven Lutz<\/p>\n","protected":false},"excerpt":{"rendered":"<p>Auf dieser Seite finden sie alle Informationen \u00fcber unsere F\u00fchrungskr\u00e4fte sowie die verschiedenen Sachgebiete und Sonderaufgaben welche durch Mitglieder unserer Wehr betreut werden. Wehrleitung: Wehrleiter: Alexander Scharf (FF Jockgrim) Stellvetretende [&hellip;]<\/p>\n","protected":false},"author":2,"featured_media":0,"parent":0,"menu_order":0,"comment_status":"closed","ping_status":"closed","template":"","meta":{"_acf_changed":false,"footnotes":""},"class_list":["post-24","page","type-page","status-publish","hentry"],"acf":[],"_links":{"self":[{"href":"https:\/\/www.feuerwehr-jockgrim.de\/index.php?rest_route=\/wp\/v2\/pages\/24","targetHints":{"allow":["GET"]}}],"collection":[{"href":"https:\/\/www.feuerwehr-jockgrim.de\/index.php?rest_route=\/wp\/v2\/pages"}],"about":[{"href":"https:\/\/www.feuerwehr-jockgrim.de\/index.php?rest_route=\/wp\/v2\/types\/page"}],"author":[{"embeddable":true,"href":"https:\/\/www.feuerwehr-jockgrim.de\/index.php?rest_route=\/wp\/v2\/users\/2"}],"replies":[{"embeddable":true,"href":"https:\/\/www.feuerwehr-jockgrim.de\/index.php?rest_route=%2Fwp%2Fv2%2Fcomments&post=24"}],"version-history":[{"count":16,"href":"https:\/\/www.feuerwehr-jockgrim.de\/index.php?rest_route=\/wp\/v2\/pages\/24\/revisions"}],"predecessor-version":[{"id":2564,"href":"https:\/\/www.feuerwehr-jockgrim.de\/index.php?rest_route=\/wp\/v2\/pages\/24\/revisions\/2564"}],"wp:attachment":[{"href":"https:\/\/www.feuerwehr-jockgrim.de\/index.php?rest_route=%2Fwp%2Fv2%2Fmedia&parent=24"}],"curies":[{"name":"wp","href":"https:\/\/api.w.org\/{rel}","templated":true}]}}