{"id":20,"date":"2022-11-17T13:13:55","date_gmt":"2022-11-17T13:13:55","guid":{"rendered":"http:\/\/feuerwehr-jockgrim.org\/?page_id=20"},"modified":"2025-07-30T13:50:25","modified_gmt":"2025-07-30T11:50:25","slug":"technik","status":"publish","type":"page","link":"https:\/\/www.feuerwehr-jockgrim.de\/?page_id=20","title":{"rendered":"Technik"},"content":{"rendered":"\n<p>Als Feuerwehr sind wir neben qualifiziertem Personal auch immer auf eine gute und moderne Ausstattung angewiesen. Insbesondere f\u00fcr St\u00fctzpunktfeuerwehren wie uns f\u00e4llt diese bereits recht umfangreiche Ausstattung nochmal um einiges vielf\u00e4ltiger aus. <\/p>\n\n\n\n<p>Auf den nachfolgenden Seiten werden wir ihnen einen Einblick in unsere vielf\u00e4ltige Ausstattung gew\u00e4hren:<\/p>\n\n\n\n<figure class=\"wp-block-gallery has-nested-images columns-default is-cropped wp-block-gallery-1 is-layout-flex wp-block-gallery-is-layout-flex\">\n<figure class=\"wp-block-image size-large\"><a href=\"https:\/\/www.feuerwehr-jockgrim.de\/?page_id=30\"><img loading=\"lazy\" decoding=\"async\" width=\"1024\" height=\"768\" data-id=\"1110\" src=\"https:\/\/www.feuerwehr-jockgrim.de\/wp-content\/uploads\/2023\/02\/272647954_5056824661017992_1055221621111409971_n-1024x768.jpg\" alt=\"\" class=\"wp-image-1110\" srcset=\"https:\/\/www.feuerwehr-jockgrim.de\/wp-content\/uploads\/2023\/02\/272647954_5056824661017992_1055221621111409971_n-1024x768.jpg 1024w, https:\/\/www.feuerwehr-jockgrim.de\/wp-content\/uploads\/2023\/02\/272647954_5056824661017992_1055221621111409971_n-300x225.jpg 300w, https:\/\/www.feuerwehr-jockgrim.de\/wp-content\/uploads\/2023\/02\/272647954_5056824661017992_1055221621111409971_n-768x576.jpg 768w, https:\/\/www.feuerwehr-jockgrim.de\/wp-content\/uploads\/2023\/02\/272647954_5056824661017992_1055221621111409971_n-1536x1152.jpg 1536w, https:\/\/www.feuerwehr-jockgrim.de\/wp-content\/uploads\/2023\/02\/272647954_5056824661017992_1055221621111409971_n.jpg 2048w\" sizes=\"auto, (max-width: 1024px) 100vw, 1024px\" \/><\/a><figcaption class=\"wp-element-caption\"><a href=\"https:\/\/www.feuerwehr-jockgrim.de\/?page_id=30\" data-type=\"page\" data-id=\"30\">Ger\u00e4te<\/a><\/figcaption><\/figure>\n\n\n\n<figure class=\"wp-block-image size-large\"><a href=\"https:\/\/www.feuerwehr-jockgrim.de\/?page_id=83\"><img loading=\"lazy\" decoding=\"async\" width=\"960\" height=\"640\" data-id=\"636\" src=\"https:\/\/www.feuerwehr-jockgrim.de\/wp-content\/uploads\/2022\/11\/116263280_2691101324496108_7652212106526370960_n.jpg\" alt=\"\" class=\"wp-image-636\" srcset=\"https:\/\/www.feuerwehr-jockgrim.de\/wp-content\/uploads\/2022\/11\/116263280_2691101324496108_7652212106526370960_n.jpg 960w, https:\/\/www.feuerwehr-jockgrim.de\/wp-content\/uploads\/2022\/11\/116263280_2691101324496108_7652212106526370960_n-300x200.jpg 300w, https:\/\/www.feuerwehr-jockgrim.de\/wp-content\/uploads\/2022\/11\/116263280_2691101324496108_7652212106526370960_n-768x512.jpg 768w\" sizes=\"auto, (max-width: 960px) 100vw, 960px\" \/><\/a><figcaption class=\"wp-element-caption\"><a href=\"https:\/\/www.feuerwehr-jockgrim.de\/?page_id=83\" data-type=\"page\" data-id=\"83\">Fahrzeuge<\/a><\/figcaption><\/figure>\n\n\n\n<figure class=\"wp-block-image size-large\"><a href=\"https:\/\/www.feuerwehr-jockgrim.de\/?page_id=539\"><img loading=\"lazy\" decoding=\"async\" width=\"1024\" height=\"683\" data-id=\"1266\" src=\"https:\/\/www.feuerwehr-jockgrim.de\/wp-content\/uploads\/2023\/08\/IMG_8702-1024x683.jpg\" alt=\"\" class=\"wp-image-1266\" srcset=\"https:\/\/www.feuerwehr-jockgrim.de\/wp-content\/uploads\/2023\/08\/IMG_8702-1024x683.jpg 1024w, https:\/\/www.feuerwehr-jockgrim.de\/wp-content\/uploads\/2023\/08\/IMG_8702-300x200.jpg 300w, https:\/\/www.feuerwehr-jockgrim.de\/wp-content\/uploads\/2023\/08\/IMG_8702-768x512.jpg 768w, https:\/\/www.feuerwehr-jockgrim.de\/wp-content\/uploads\/2023\/08\/IMG_8702-1536x1024.jpg 1536w, https:\/\/www.feuerwehr-jockgrim.de\/wp-content\/uploads\/2023\/08\/IMG_8702-2048x1365.jpg 2048w\" sizes=\"auto, (max-width: 1024px) 100vw, 1024px\" \/><\/a><figcaption class=\"wp-element-caption\"><a href=\"https:\/\/www.feuerwehr-jockgrim.de\/?page_id=539\" data-type=\"page\" data-id=\"539\">Rollcontainer<\/a><\/figcaption><\/figure>\n\n\n\n<figure class=\"wp-block-image size-large\"><a href=\"https:\/\/www.feuerwehr-jockgrim.de\/?page_id=94\"><img loading=\"lazy\" decoding=\"async\" width=\"1024\" height=\"683\" data-id=\"1356\" src=\"https:\/\/www.feuerwehr-jockgrim.de\/wp-content\/uploads\/2023\/08\/IMG_1959-1024x683.jpg\" alt=\"\" class=\"wp-image-1356\" srcset=\"https:\/\/www.feuerwehr-jockgrim.de\/wp-content\/uploads\/2023\/08\/IMG_1959-1024x683.jpg 1024w, https:\/\/www.feuerwehr-jockgrim.de\/wp-content\/uploads\/2023\/08\/IMG_1959-300x200.jpg 300w, https:\/\/www.feuerwehr-jockgrim.de\/wp-content\/uploads\/2023\/08\/IMG_1959-768x512.jpg 768w, https:\/\/www.feuerwehr-jockgrim.de\/wp-content\/uploads\/2023\/08\/IMG_1959-1536x1024.jpg 1536w, https:\/\/www.feuerwehr-jockgrim.de\/wp-content\/uploads\/2023\/08\/IMG_1959-2048x1365.jpg 2048w\" sizes=\"auto, (max-width: 1024px) 100vw, 1024px\" \/><\/a><figcaption class=\"wp-element-caption\"><a href=\"https:\/\/www.feuerwehr-jockgrim.de\/?page_id=94\" data-type=\"page\" data-id=\"94\">Schutzausr\u00fcstung<\/a><\/figcaption><\/figure>\n\n\n\n<figure class=\"wp-block-image size-large\"><a href=\"https:\/\/www.feuerwehr-jockgrim.de\/?page_id=96\"><img loading=\"lazy\" decoding=\"async\" width=\"706\" height=\"412\" data-id=\"638\" src=\"https:\/\/www.feuerwehr-jockgrim.de\/wp-content\/uploads\/2022\/11\/MG_3128.jpg\" alt=\"\" class=\"wp-image-638\" srcset=\"https:\/\/www.feuerwehr-jockgrim.de\/wp-content\/uploads\/2022\/11\/MG_3128.jpg 706w, https:\/\/www.feuerwehr-jockgrim.de\/wp-content\/uploads\/2022\/11\/MG_3128-300x175.jpg 300w\" sizes=\"auto, (max-width: 706px) 100vw, 706px\" \/><\/a><figcaption class=\"wp-element-caption\"><a href=\"https:\/\/www.feuerwehr-jockgrim.de\/?page_id=96\" data-type=\"page\" data-id=\"96\">Ger\u00e4tehaus<\/a><\/figcaption><\/figure>\n\n\n\n<figure class=\"wp-block-image size-large\"><a href=\"https:\/\/www.feuerwehr-jockgrim.de\/?page_id=676\"><img loading=\"lazy\" decoding=\"async\" width=\"1024\" height=\"683\" data-id=\"1167\" src=\"https:\/\/www.feuerwehr-jockgrim.de\/wp-content\/uploads\/2023\/04\/IMG_6188-1-1024x683.jpg\" alt=\"\" class=\"wp-image-1167\" srcset=\"https:\/\/www.feuerwehr-jockgrim.de\/wp-content\/uploads\/2023\/04\/IMG_6188-1-1024x683.jpg 1024w, https:\/\/www.feuerwehr-jockgrim.de\/wp-content\/uploads\/2023\/04\/IMG_6188-1-300x200.jpg 300w, https:\/\/www.feuerwehr-jockgrim.de\/wp-content\/uploads\/2023\/04\/IMG_6188-1-768x512.jpg 768w, https:\/\/www.feuerwehr-jockgrim.de\/wp-content\/uploads\/2023\/04\/IMG_6188-1-1536x1024.jpg 1536w, https:\/\/www.feuerwehr-jockgrim.de\/wp-content\/uploads\/2023\/04\/IMG_6188-1-2048x1365.jpg 2048w\" sizes=\"auto, (max-width: 1024px) 100vw, 1024px\" \/><\/a><figcaption class=\"wp-element-caption\"><a href=\"https:\/\/www.feuerwehr-jockgrim.de\/?page_id=676\" data-type=\"page\" data-id=\"676\">FEZ \u2013 Feuerwehreinsatzzentrale<\/a><\/figcaption><\/figure>\n<\/figure>\n","protected":false},"excerpt":{"rendered":"<p>Als Feuerwehr sind wir neben qualifiziertem Personal auch immer auf eine gute und moderne Ausstattung angewiesen. Insbesondere f\u00fcr St\u00fctzpunktfeuerwehren wie uns f\u00e4llt diese bereits recht umfangreiche Ausstattung nochmal um einiges vielf\u00e4ltiger aus. Auf den nachfolgenden Seiten werden wir ihnen einen Einblick in unsere vielf\u00e4ltige Ausstattung gew\u00e4hren:<\/p>\n","protected":false},"author":2,"featured_media":0,"parent":0,"menu_order":0,"comment_status":"closed","ping_status":"closed","template":"","meta":{"_acf_changed":false,"footnotes":""},"class_list":["post-20","page","type-page","status-publish","hentry"],"acf":[],"_links":{"self":[{"href":"https:\/\/www.feuerwehr-jockgrim.de\/index.php?rest_route=\/wp\/v2\/pages\/20","targetHints":{"allow":["GET"]}}],"collection":[{"href":"https:\/\/www.feuerwehr-jockgrim.de\/index.php?rest_route=\/wp\/v2\/pages"}],"about":[{"href":"https:\/\/www.feuerwehr-jockgrim.de\/index.php?rest_route=\/wp\/v2\/types\/page"}],"author":[{"embeddable":true,"href":"https:\/\/www.feuerwehr-jockgrim.de\/index.php?rest_route=\/wp\/v2\/users\/2"}],"replies":[{"embeddable":true,"href":"https:\/\/www.feuerwehr-jockgrim.de\/index.php?rest_route=%2Fwp%2Fv2%2Fcomments&post=20"}],"version-history":[{"count":4,"href":"https:\/\/www.feuerwehr-jockgrim.de\/index.php?rest_route=\/wp\/v2\/pages\/20\/revisions"}],"predecessor-version":[{"id":2172,"href":"https:\/\/www.feuerwehr-jockgrim.de\/index.php?rest_route=\/wp\/v2\/pages\/20\/revisions\/2172"}],"wp:attachment":[{"href":"https:\/\/www.feuerwehr-jockgrim.de\/index.php?rest_route=%2Fwp%2Fv2%2Fmedia&parent=20"}],"curies":[{"name":"wp","href":"https:\/\/api.w.org\/{rel}","templated":true}]}}