{"id":17,"date":"2022-11-17T13:01:23","date_gmt":"2022-11-17T13:01:23","guid":{"rendered":"http:\/\/feuerwehr-jockgrim.org\/?page_id=17"},"modified":"2026-02-15T19:37:31","modified_gmt":"2026-02-15T18:37:31","slug":"jugendfeuerwehr","status":"publish","type":"page","link":"https:\/\/www.feuerwehr-jockgrim.de\/?page_id=17","title":{"rendered":"Jugendfeuerwehr"},"content":{"rendered":"\n<p>Seit&nbsp;<strong>1970<\/strong>&nbsp;ist unsere Jugendfeuerwehr ein zentraler Teil der Wehr \u2013 und eine tolle M\u00f6glichkeit f\u00fcr junge Menschen, Feuerwehr erleben zu k\u00f6nnen. Bei uns geht\u2019s um mehr als nur Schl\u00e4uche und Helme: Teamwork, Kameradschaft und jede Menge Spa\u00df stehen im Mittelpunkt!<\/p>\n\n\n\n<p>Geleitet wird die Jugendfeuerwehr von\u00a0<strong>Annalena Rapp<\/strong>\u00a0und\u00a0<strong>Marwin Brinner<\/strong>, die von den Betreuern\u00a0<strong>Ronald Schindler<\/strong>,\u00a0<strong>Volker Rei\u00df<\/strong>\u00a0und\u00a0<strong>Max Gr\u00f6schel<\/strong>\u00a0unterst\u00fctzt werden. <\/p>\n\n\n\n<p><strong>Wann wir \u00fcben:<\/strong><br>Jeden\u00a0<strong>Freitag um 18:00 Uhr<\/strong>\u00a0treffen sich unsere Nachwuchs-Feuerwehrleute zum \u00dcbungsdienst. W\u00e4hrend der Schulferien und Br\u00fcckentage machen wir meist eine kleine Pause.<\/p>\n\n\n\n<p><strong>Was bei uns wichtig ist:<\/strong><\/p>\n\n\n\n<ul class=\"wp-block-list\">\n<li>Grundlagen des Feuerwehrhandwerks \u2013 jugendgerecht und praxisnah erkl\u00e4rt<\/li>\n\n\n\n<li>Teamarbeit und Zusammenhalt in der Gruppe<\/li>\n\n\n\n<li>Verantwortung, Hilfsbereitschaft und Spa\u00df am Mitmachen<\/li>\n\n\n\n<li>Erste Einblicke in Technik, Ger\u00e4te und Einsatztaktik<\/li>\n<\/ul>\n\n\n\n<p><strong>Unsere Highlights im Jahr:<\/strong><\/p>\n\n\n\n<ul class=\"wp-block-list\">\n<li>Zeltlager mit Lagerfeuer, Spielen und Action<\/li>\n\n\n\n<li>Wanderralleys und Wettbewerbe<\/li>\n\n\n\n<li>Gemeinsame \u00dcbungen mit anderen Jugendfeuerwehren der Verbandsgemeinde<\/li>\n\n\n\n<li>Freizeitveranstaltungen und Feste mit der aktiven Wehr<\/li>\n<\/ul>\n\n\n\n<p>Bei uns kann jeder mitmachen, der Lust auf Teamgeist und Feuerwehr-Action hat! Neue Mitglieder sind jederzeit herzlich willkommen.<\/p>\n\n\n\n<figure class=\"wp-block-image size-full is-resized\"><img loading=\"lazy\" decoding=\"async\" width=\"848\" height=\"480\" src=\"https:\/\/www.feuerwehr-jockgrim.de\/wp-content\/uploads\/2026\/02\/logo_.png\" alt=\"\" class=\"wp-image-2598\" style=\"aspect-ratio:1.766677620768978;width:327px;height:auto\" srcset=\"https:\/\/www.feuerwehr-jockgrim.de\/wp-content\/uploads\/2026\/02\/logo_.png 848w, https:\/\/www.feuerwehr-jockgrim.de\/wp-content\/uploads\/2026\/02\/logo_-300x170.png 300w, https:\/\/www.feuerwehr-jockgrim.de\/wp-content\/uploads\/2026\/02\/logo_-768x435.png 768w\" sizes=\"auto, (max-width: 848px) 100vw, 848px\" \/><\/figure>\n\n\n\n<p><strong>Interesse geweckt?<\/strong><br>Dann schreib uns einfach eine E-Mail an:<br>\ud83d\udce7&nbsp;<a rel=\"noreferrer noopener\" target=\"_blank\" href=\"mailto:jugendfeuerwehr@feuerwehr-jockgrim.de\">jugendfeuerwehr@feuerwehr-jockgrim.de<\/a><\/p>\n\n\n\n<p>Wir freuen uns auf dich!<\/p>\n","protected":false},"excerpt":{"rendered":"<p>Seit&nbsp;1970&nbsp;ist unsere Jugendfeuerwehr ein zentraler Teil der Wehr \u2013 und eine tolle M\u00f6glichkeit f\u00fcr junge Menschen, Feuerwehr erleben zu k\u00f6nnen. Bei uns geht\u2019s um mehr als nur Schl\u00e4uche und Helme: Teamwork, Kameradschaft und jede Menge Spa\u00df stehen im Mittelpunkt! Geleitet wird die Jugendfeuerwehr von\u00a0Annalena Rapp\u00a0und\u00a0Marwin Brinner, die von den Betreuern\u00a0Ronald Schindler,\u00a0Volker Rei\u00df\u00a0und\u00a0Max Gr\u00f6schel\u00a0unterst\u00fctzt werden. Wann [&hellip;]<\/p>\n","protected":false},"author":2,"featured_media":0,"parent":0,"menu_order":0,"comment_status":"closed","ping_status":"closed","template":"","meta":{"_acf_changed":false,"footnotes":""},"class_list":["post-17","page","type-page","status-publish","hentry"],"acf":[],"_links":{"self":[{"href":"https:\/\/www.feuerwehr-jockgrim.de\/index.php?rest_route=\/wp\/v2\/pages\/17","targetHints":{"allow":["GET"]}}],"collection":[{"href":"https:\/\/www.feuerwehr-jockgrim.de\/index.php?rest_route=\/wp\/v2\/pages"}],"about":[{"href":"https:\/\/www.feuerwehr-jockgrim.de\/index.php?rest_route=\/wp\/v2\/types\/page"}],"author":[{"embeddable":true,"href":"https:\/\/www.feuerwehr-jockgrim.de\/index.php?rest_route=\/wp\/v2\/users\/2"}],"replies":[{"embeddable":true,"href":"https:\/\/www.feuerwehr-jockgrim.de\/index.php?rest_route=%2Fwp%2Fv2%2Fcomments&post=17"}],"version-history":[{"count":7,"href":"https:\/\/www.feuerwehr-jockgrim.de\/index.php?rest_route=\/wp\/v2\/pages\/17\/revisions"}],"predecessor-version":[{"id":2604,"href":"https:\/\/www.feuerwehr-jockgrim.de\/index.php?rest_route=\/wp\/v2\/pages\/17\/revisions\/2604"}],"wp:attachment":[{"href":"https:\/\/www.feuerwehr-jockgrim.de\/index.php?rest_route=%2Fwp%2Fv2%2Fmedia&parent=17"}],"curies":[{"name":"wp","href":"https:\/\/api.w.org\/{rel}","templated":true}]}}