{"id":1386,"date":"2023-09-04T12:06:04","date_gmt":"2023-09-04T10:06:04","guid":{"rendered":"https:\/\/www.feuerwehr-jockgrim.de\/?page_id=1386"},"modified":"2023-09-04T12:06:06","modified_gmt":"2023-09-04T10:06:06","slug":"wasserfuehrende-armaturen","status":"publish","type":"page","link":"https:\/\/www.feuerwehr-jockgrim.de\/?page_id=1386","title":{"rendered":"Wasserf\u00fchrende Armaturen"},"content":{"rendered":"\n<p>F\u00fcr die Brandbek\u00e4mpfung besitzen wir neben unseren Schl\u00e4uchen nat\u00fcrlich auch verschiedene Wasserf\u00fchrende Armaturen, mit denen wir Wasser entnehmen, fortleiten oder abgeben k\u00f6nnen.<\/p>\n\n\n\n<p><strong>Strahlrohre:<\/strong><\/p>\n\n\n\n<p>Strahlrohre sind Armaturen zur Wasserabgabe. Wie bei unseren Schl\u00e4uchen, besitzen wir Strahlrohre in verschiedenen Gr\u00f6\u00dfen, n\u00e4mlich B, C und D. Das C-Strahlrohr ist dabei der Standard f\u00fcr die Brandbek\u00e4mpfung. Das B-Rohr wird dagegen nur verwendet wenn an einem Punkt besonders gro\u00dfe Wassermengen abgeben werden m\u00fcssen, z.B. zum K\u00fchlen eines gro\u00dfen Tanks. Die D-Rohre werden haupts\u00e4chlich in der Bek\u00e4mpfung von Vegetationsbr\u00e4nden eingesetzt, da sie einerseits wenig Wasser verbrauchen, aber weil sie auch wesentlich leichter und damit mobiler sind. Weiterhin setzen wir auf Hohlstrahlrohre, welche sich durch eine leichtere Anpassung der Durchflussmenge sowie eine bessere K\u00fchlwirkung auszeichnen.<\/p>\n\n\n\n<figure class=\"wp-block-gallery has-nested-images columns-default is-cropped wp-block-gallery-1 is-layout-flex wp-block-gallery-is-layout-flex\">\n<figure class=\"wp-block-image size-large\"><img loading=\"lazy\" decoding=\"async\" width=\"1024\" height=\"683\" data-id=\"1387\" src=\"https:\/\/www.feuerwehr-jockgrim.de\/wp-content\/uploads\/2023\/09\/IMG_1948-1024x683.jpg\" alt=\"\" class=\"wp-image-1387\" srcset=\"https:\/\/www.feuerwehr-jockgrim.de\/wp-content\/uploads\/2023\/09\/IMG_1948-1024x683.jpg 1024w, https:\/\/www.feuerwehr-jockgrim.de\/wp-content\/uploads\/2023\/09\/IMG_1948-300x200.jpg 300w, https:\/\/www.feuerwehr-jockgrim.de\/wp-content\/uploads\/2023\/09\/IMG_1948-768x512.jpg 768w, https:\/\/www.feuerwehr-jockgrim.de\/wp-content\/uploads\/2023\/09\/IMG_1948-1536x1024.jpg 1536w, https:\/\/www.feuerwehr-jockgrim.de\/wp-content\/uploads\/2023\/09\/IMG_1948-2048x1365.jpg 2048w\" sizes=\"auto, (max-width: 1024px) 100vw, 1024px\" \/><figcaption class=\"wp-element-caption\">D-Hohlstrahlrohr<\/figcaption><\/figure>\n\n\n\n<figure class=\"wp-block-image size-large\"><img loading=\"lazy\" decoding=\"async\" width=\"1024\" height=\"683\" data-id=\"1388\" src=\"https:\/\/www.feuerwehr-jockgrim.de\/wp-content\/uploads\/2023\/09\/IMG_1949-1024x683.jpg\" alt=\"\" class=\"wp-image-1388\" srcset=\"https:\/\/www.feuerwehr-jockgrim.de\/wp-content\/uploads\/2023\/09\/IMG_1949-1024x683.jpg 1024w, https:\/\/www.feuerwehr-jockgrim.de\/wp-content\/uploads\/2023\/09\/IMG_1949-300x200.jpg 300w, https:\/\/www.feuerwehr-jockgrim.de\/wp-content\/uploads\/2023\/09\/IMG_1949-768x512.jpg 768w, https:\/\/www.feuerwehr-jockgrim.de\/wp-content\/uploads\/2023\/09\/IMG_1949-1536x1024.jpg 1536w, https:\/\/www.feuerwehr-jockgrim.de\/wp-content\/uploads\/2023\/09\/IMG_1949-2048x1365.jpg 2048w\" sizes=\"auto, (max-width: 1024px) 100vw, 1024px\" \/><figcaption class=\"wp-element-caption\">C-Hohlstrahlrohr<\/figcaption><\/figure>\n<\/figure>\n\n\n\n<figure class=\"wp-block-gallery has-nested-images columns-default is-cropped wp-block-gallery-2 is-layout-flex wp-block-gallery-is-layout-flex\">\n<figure class=\"wp-block-image size-large\"><img loading=\"lazy\" decoding=\"async\" width=\"1024\" height=\"683\" data-id=\"1391\" src=\"https:\/\/www.feuerwehr-jockgrim.de\/wp-content\/uploads\/2023\/09\/IMG_1950-1-1024x683.jpg\" alt=\"\" class=\"wp-image-1391\" srcset=\"https:\/\/www.feuerwehr-jockgrim.de\/wp-content\/uploads\/2023\/09\/IMG_1950-1-1024x683.jpg 1024w, https:\/\/www.feuerwehr-jockgrim.de\/wp-content\/uploads\/2023\/09\/IMG_1950-1-300x200.jpg 300w, https:\/\/www.feuerwehr-jockgrim.de\/wp-content\/uploads\/2023\/09\/IMG_1950-1-768x512.jpg 768w, https:\/\/www.feuerwehr-jockgrim.de\/wp-content\/uploads\/2023\/09\/IMG_1950-1-1536x1024.jpg 1536w, https:\/\/www.feuerwehr-jockgrim.de\/wp-content\/uploads\/2023\/09\/IMG_1950-1-2048x1365.jpg 2048w\" sizes=\"auto, (max-width: 1024px) 100vw, 1024px\" \/><figcaption class=\"wp-element-caption\">B-Hohlstrahlrohr<\/figcaption><\/figure>\n\n\n\n<figure class=\"wp-block-image size-large\"><img loading=\"lazy\" decoding=\"async\" width=\"1024\" height=\"683\" data-id=\"1392\" src=\"https:\/\/www.feuerwehr-jockgrim.de\/wp-content\/uploads\/2023\/09\/IMG_1951-1-1024x683.jpg\" alt=\"\" class=\"wp-image-1392\" srcset=\"https:\/\/www.feuerwehr-jockgrim.de\/wp-content\/uploads\/2023\/09\/IMG_1951-1-1024x683.jpg 1024w, https:\/\/www.feuerwehr-jockgrim.de\/wp-content\/uploads\/2023\/09\/IMG_1951-1-300x200.jpg 300w, https:\/\/www.feuerwehr-jockgrim.de\/wp-content\/uploads\/2023\/09\/IMG_1951-1-768x512.jpg 768w, https:\/\/www.feuerwehr-jockgrim.de\/wp-content\/uploads\/2023\/09\/IMG_1951-1-1536x1024.jpg 1536w, https:\/\/www.feuerwehr-jockgrim.de\/wp-content\/uploads\/2023\/09\/IMG_1951-1-2048x1365.jpg 2048w\" sizes=\"auto, (max-width: 1024px) 100vw, 1024px\" \/><figcaption class=\"wp-element-caption\">Gr\u00f6\u00dfenvergleich zwischen den Strahlrohren<\/figcaption><\/figure>\n<\/figure>\n\n\n\n<p><\/p>\n","protected":false},"excerpt":{"rendered":"<p>F\u00fcr die Brandbek\u00e4mpfung besitzen wir neben unseren Schl\u00e4uchen nat\u00fcrlich auch verschiedene Wasserf\u00fchrende Armaturen, mit denen wir Wasser entnehmen, fortleiten oder abgeben k\u00f6nnen. Strahlrohre: Strahlrohre sind Armaturen zur Wasserabgabe. Wie bei unseren Schl\u00e4uchen, besitzen wir Strahlrohre in verschiedenen Gr\u00f6\u00dfen, n\u00e4mlich B, C und D. Das C-Strahlrohr ist dabei der Standard f\u00fcr die Brandbek\u00e4mpfung. Das B-Rohr wird [&hellip;]<\/p>\n","protected":false},"author":2,"featured_media":0,"parent":0,"menu_order":0,"comment_status":"closed","ping_status":"closed","template":"","meta":{"_acf_changed":false,"footnotes":""},"class_list":["post-1386","page","type-page","status-publish","hentry"],"acf":[],"_links":{"self":[{"href":"https:\/\/www.feuerwehr-jockgrim.de\/index.php?rest_route=\/wp\/v2\/pages\/1386","targetHints":{"allow":["GET"]}}],"collection":[{"href":"https:\/\/www.feuerwehr-jockgrim.de\/index.php?rest_route=\/wp\/v2\/pages"}],"about":[{"href":"https:\/\/www.feuerwehr-jockgrim.de\/index.php?rest_route=\/wp\/v2\/types\/page"}],"author":[{"embeddable":true,"href":"https:\/\/www.feuerwehr-jockgrim.de\/index.php?rest_route=\/wp\/v2\/users\/2"}],"replies":[{"embeddable":true,"href":"https:\/\/www.feuerwehr-jockgrim.de\/index.php?rest_route=%2Fwp%2Fv2%2Fcomments&post=1386"}],"version-history":[{"count":1,"href":"https:\/\/www.feuerwehr-jockgrim.de\/index.php?rest_route=\/wp\/v2\/pages\/1386\/revisions"}],"predecessor-version":[{"id":1393,"href":"https:\/\/www.feuerwehr-jockgrim.de\/index.php?rest_route=\/wp\/v2\/pages\/1386\/revisions\/1393"}],"wp:attachment":[{"href":"https:\/\/www.feuerwehr-jockgrim.de\/index.php?rest_route=%2Fwp%2Fv2%2Fmedia&parent=1386"}],"curies":[{"name":"wp","href":"https:\/\/api.w.org\/{rel}","templated":true}]}}