{"id":1354,"date":"2023-08-22T18:32:37","date_gmt":"2023-08-22T16:32:37","guid":{"rendered":"https:\/\/www.feuerwehr-jockgrim.de\/?page_id=1354"},"modified":"2023-08-22T18:34:31","modified_gmt":"2023-08-22T16:34:31","slug":"feuerwehrhelme","status":"publish","type":"page","link":"https:\/\/www.feuerwehr-jockgrim.de\/?page_id=1354","title":{"rendered":"Feuerwehrhelm"},"content":{"rendered":"\n<p>Klassischer Ausr\u00fcstungsgegenstand der Feuerwehr und zwingender Bestandsteil unserer Pers\u00f6nlichen Schutzausr\u00fcstung, ist der Feuerwehrhelm. Diesen gibt es mittlerweile in einer Vielzahl von Varianten, welche von den verschiedensten Herstellern produziert werden. In der Verbandsgemeinde Jockgrim wird das Modell &#8222;Heros Smart&#8220; der Firma Rosenbauer genutzt. <\/p>\n\n\n\n<figure class=\"wp-block-gallery has-nested-images columns-default is-cropped wp-block-gallery-1 is-layout-flex wp-block-gallery-is-layout-flex\">\n<figure class=\"wp-block-image size-large\"><img loading=\"lazy\" decoding=\"async\" width=\"1024\" height=\"683\" data-id=\"1355\" src=\"https:\/\/www.feuerwehr-jockgrim.de\/wp-content\/uploads\/2023\/08\/IMG_1960-1024x683.jpg\" alt=\"\" class=\"wp-image-1355\" srcset=\"https:\/\/www.feuerwehr-jockgrim.de\/wp-content\/uploads\/2023\/08\/IMG_1960-1024x683.jpg 1024w, https:\/\/www.feuerwehr-jockgrim.de\/wp-content\/uploads\/2023\/08\/IMG_1960-300x200.jpg 300w, https:\/\/www.feuerwehr-jockgrim.de\/wp-content\/uploads\/2023\/08\/IMG_1960-768x512.jpg 768w, https:\/\/www.feuerwehr-jockgrim.de\/wp-content\/uploads\/2023\/08\/IMG_1960-1536x1024.jpg 1536w, https:\/\/www.feuerwehr-jockgrim.de\/wp-content\/uploads\/2023\/08\/IMG_1960-2048x1365.jpg 2048w\" sizes=\"auto, (max-width: 1024px) 100vw, 1024px\" \/><\/figure>\n\n\n\n<figure class=\"wp-block-image size-large\"><img loading=\"lazy\" decoding=\"async\" width=\"1024\" height=\"683\" data-id=\"1356\" src=\"https:\/\/www.feuerwehr-jockgrim.de\/wp-content\/uploads\/2023\/08\/IMG_1959-1024x683.jpg\" alt=\"\" class=\"wp-image-1356\" srcset=\"https:\/\/www.feuerwehr-jockgrim.de\/wp-content\/uploads\/2023\/08\/IMG_1959-1024x683.jpg 1024w, https:\/\/www.feuerwehr-jockgrim.de\/wp-content\/uploads\/2023\/08\/IMG_1959-300x200.jpg 300w, https:\/\/www.feuerwehr-jockgrim.de\/wp-content\/uploads\/2023\/08\/IMG_1959-768x512.jpg 768w, https:\/\/www.feuerwehr-jockgrim.de\/wp-content\/uploads\/2023\/08\/IMG_1959-1536x1024.jpg 1536w, https:\/\/www.feuerwehr-jockgrim.de\/wp-content\/uploads\/2023\/08\/IMG_1959-2048x1365.jpg 2048w\" sizes=\"auto, (max-width: 1024px) 100vw, 1024px\" \/><\/figure>\n<\/figure>\n\n\n\n<p><strong>Helmkennzeichnungen:<\/strong><\/p>\n\n\n\n<p>Sie fragen sich, was eigentlich diese roten Streifen auf unseren Helmen bedeuten? Diese sogenannten Helmkennzeichnungen geben wieder, welche F\u00fchrungsausbildung die Einsatzkraft absolviert hat. <br>So bedeutet ein roter Streifen, dass die Einsatzkraft die diesen Helm tr\u00e4gt, den Lehrgang &#8222;Gruppenf\u00fchrer&#8220; absolviert hat, damit ist man befugt kleinere selbstst\u00e4ndige Einheiten wie Taktische Trupps, Staffeln oder Gruppen zu f\u00fchren.<br>Zwei rote Streifen zeigen das man den Lehrgang &#8222;Zugf\u00fchrer&#8220; besitzt, die Einsatzkraft also Einheiten und Eins\u00e4tze in Zugst\u00e4rke f\u00fchren darf, diese bestehen dann aus mehreren kleineren Einheiten wie z.B. Staffeln und Gruppen. <br>Ein umlaufender roter Ring zeigt das die F\u00fchrungskraft den Lehrgang &#8222;F\u00fchrer von Verb\u00e4nden&#8220; absolviert hat. Verbandsf\u00fchrer f\u00fchren damit besonders gro\u00dfe Eins\u00e4tze oder Einheiten, welche aus mehreren Z\u00fcgen bestehen.<\/p>\n\n\n\n<figure class=\"wp-block-gallery has-nested-images columns-default is-cropped wp-block-gallery-2 is-layout-flex wp-block-gallery-is-layout-flex\">\n<figure class=\"wp-block-image size-large\"><img loading=\"lazy\" decoding=\"async\" width=\"1024\" height=\"683\" data-id=\"1358\" src=\"https:\/\/www.feuerwehr-jockgrim.de\/wp-content\/uploads\/2023\/08\/IMG_1961-1024x683.jpg\" alt=\"\" class=\"wp-image-1358\" srcset=\"https:\/\/www.feuerwehr-jockgrim.de\/wp-content\/uploads\/2023\/08\/IMG_1961-1024x683.jpg 1024w, https:\/\/www.feuerwehr-jockgrim.de\/wp-content\/uploads\/2023\/08\/IMG_1961-300x200.jpg 300w, https:\/\/www.feuerwehr-jockgrim.de\/wp-content\/uploads\/2023\/08\/IMG_1961-768x512.jpg 768w, https:\/\/www.feuerwehr-jockgrim.de\/wp-content\/uploads\/2023\/08\/IMG_1961-1536x1024.jpg 1536w, https:\/\/www.feuerwehr-jockgrim.de\/wp-content\/uploads\/2023\/08\/IMG_1961-2048x1365.jpg 2048w\" sizes=\"auto, (max-width: 1024px) 100vw, 1024px\" \/><figcaption class=\"wp-element-caption\">Helm mit Kennzeichung &#8222;Gruppenf\u00fchrer&#8220;<\/figcaption><\/figure>\n\n\n\n<figure class=\"wp-block-image size-large\"><img loading=\"lazy\" decoding=\"async\" width=\"1024\" height=\"683\" data-id=\"1359\" src=\"https:\/\/www.feuerwehr-jockgrim.de\/wp-content\/uploads\/2023\/08\/IMG_1962-1024x683.jpg\" alt=\"\" class=\"wp-image-1359\" srcset=\"https:\/\/www.feuerwehr-jockgrim.de\/wp-content\/uploads\/2023\/08\/IMG_1962-1024x683.jpg 1024w, https:\/\/www.feuerwehr-jockgrim.de\/wp-content\/uploads\/2023\/08\/IMG_1962-300x200.jpg 300w, https:\/\/www.feuerwehr-jockgrim.de\/wp-content\/uploads\/2023\/08\/IMG_1962-768x512.jpg 768w, https:\/\/www.feuerwehr-jockgrim.de\/wp-content\/uploads\/2023\/08\/IMG_1962-1536x1024.jpg 1536w, https:\/\/www.feuerwehr-jockgrim.de\/wp-content\/uploads\/2023\/08\/IMG_1962-2048x1365.jpg 2048w\" sizes=\"auto, (max-width: 1024px) 100vw, 1024px\" \/><figcaption class=\"wp-element-caption\">Helm mit Kennzeichnung &#8222;Zugf\u00fchrer&#8220;<\/figcaption><\/figure>\n\n\n\n<figure class=\"wp-block-image size-large\"><img loading=\"lazy\" decoding=\"async\" width=\"1024\" height=\"683\" data-id=\"1360\" src=\"https:\/\/www.feuerwehr-jockgrim.de\/wp-content\/uploads\/2023\/08\/IMG_1963-1024x683.jpg\" alt=\"\" class=\"wp-image-1360\" srcset=\"https:\/\/www.feuerwehr-jockgrim.de\/wp-content\/uploads\/2023\/08\/IMG_1963-1024x683.jpg 1024w, https:\/\/www.feuerwehr-jockgrim.de\/wp-content\/uploads\/2023\/08\/IMG_1963-300x200.jpg 300w, https:\/\/www.feuerwehr-jockgrim.de\/wp-content\/uploads\/2023\/08\/IMG_1963-768x512.jpg 768w, https:\/\/www.feuerwehr-jockgrim.de\/wp-content\/uploads\/2023\/08\/IMG_1963-1536x1024.jpg 1536w, https:\/\/www.feuerwehr-jockgrim.de\/wp-content\/uploads\/2023\/08\/IMG_1963-2048x1365.jpg 2048w\" sizes=\"auto, (max-width: 1024px) 100vw, 1024px\" \/><figcaption class=\"wp-element-caption\">Helm mit Kennzeichung &#8222;Verbandsf\u00fchrer&#8220;<\/figcaption><\/figure>\n<\/figure>\n","protected":false},"excerpt":{"rendered":"<p>Klassischer Ausr\u00fcstungsgegenstand der Feuerwehr und zwingender Bestandsteil unserer Pers\u00f6nlichen Schutzausr\u00fcstung, ist der Feuerwehrhelm. Diesen gibt es mittlerweile in einer Vielzahl von Varianten, welche von den verschiedensten Herstellern produziert werden. In [&hellip;]<\/p>\n","protected":false},"author":2,"featured_media":0,"parent":0,"menu_order":0,"comment_status":"closed","ping_status":"closed","template":"","meta":{"_acf_changed":false,"footnotes":""},"class_list":["post-1354","page","type-page","status-publish","hentry"],"acf":[],"_links":{"self":[{"href":"https:\/\/www.feuerwehr-jockgrim.de\/index.php?rest_route=\/wp\/v2\/pages\/1354","targetHints":{"allow":["GET"]}}],"collection":[{"href":"https:\/\/www.feuerwehr-jockgrim.de\/index.php?rest_route=\/wp\/v2\/pages"}],"about":[{"href":"https:\/\/www.feuerwehr-jockgrim.de\/index.php?rest_route=\/wp\/v2\/types\/page"}],"author":[{"embeddable":true,"href":"https:\/\/www.feuerwehr-jockgrim.de\/index.php?rest_route=\/wp\/v2\/users\/2"}],"replies":[{"embeddable":true,"href":"https:\/\/www.feuerwehr-jockgrim.de\/index.php?rest_route=%2Fwp%2Fv2%2Fcomments&post=1354"}],"version-history":[{"count":2,"href":"https:\/\/www.feuerwehr-jockgrim.de\/index.php?rest_route=\/wp\/v2\/pages\/1354\/revisions"}],"predecessor-version":[{"id":1364,"href":"https:\/\/www.feuerwehr-jockgrim.de\/index.php?rest_route=\/wp\/v2\/pages\/1354\/revisions\/1364"}],"wp:attachment":[{"href":"https:\/\/www.feuerwehr-jockgrim.de\/index.php?rest_route=%2Fwp%2Fv2%2Fmedia&parent=1354"}],"curies":[{"name":"wp","href":"https:\/\/api.w.org\/{rel}","templated":true}]}}