{"id":1348,"date":"2023-08-22T18:09:49","date_gmt":"2023-08-22T16:09:49","guid":{"rendered":"https:\/\/www.feuerwehr-jockgrim.de\/?page_id=1348"},"modified":"2023-08-22T18:09:50","modified_gmt":"2023-08-22T16:09:50","slug":"hebegeraete","status":"publish","type":"page","link":"https:\/\/www.feuerwehr-jockgrim.de\/?page_id=1348","title":{"rendered":"Hebeger\u00e4te"},"content":{"rendered":"\n<p>Nicht bei allen Technischen Hilfeleistungen m\u00fcssen Autos zerschnitten werden. Oft geht es auch darum Lasten abzuheben oder wegzuziehen um Personen aus einer Zwangslage zu befreien. Daher besitzen wir verschiedene Hebeger\u00e4te, welche Hydraulisch, Pneumatisch oder Mechanisch betrieben werden k\u00f6nnen.<\/p>\n\n\n\n<p><strong>Hydraulischer Hebesatz:<\/strong><\/p>\n\n\n\n<p>Der Hydraulischer Hebesatz nach DIN 14800-H2 ist eine M\u00f6glichkeit Lasten mittels hydraulischer Kraft\u00fcbertragung anzuheben. \u00c4hnlich wie bei Pneumatischen Hebekissen, ist es uns damit im Gegensatz zu Hebewinden auch m\u00f6glich einen gewissen Sicherheitsabstand zur Last zu bewahren. Der Hebesatz H2 besteht aus zwei einfach wirkenden Hydraulikzylindern, welche \u00fcber Schlauchleitungen an ein Steuerger\u00e4t angeschlossen sind, das Steuerger\u00e4t ist wiederum an einer Handpumpe angeschlossen. Der Hebesatz H2 ist auf dem <a href=\"https:\/\/www.feuerwehr-jockgrim.de\/?page_id=1265\" data-type=\"page\" data-id=\"1265\">Rollcontainer Technische Hilfe<\/a> und damit auf dem <a href=\"https:\/\/www.feuerwehr-jockgrim.de\/?fahrzeug=mzf-2\" data-type=\"fahrzeug\" data-id=\"23\">MZF 2<\/a> untergebracht.<\/p>\n\n\n\n<figure class=\"wp-block-gallery has-nested-images columns-default is-cropped wp-block-gallery-1 is-layout-flex wp-block-gallery-is-layout-flex\">\n<figure class=\"wp-block-image size-large\"><img loading=\"lazy\" decoding=\"async\" width=\"1024\" height=\"683\" data-id=\"1350\" src=\"https:\/\/www.feuerwehr-jockgrim.de\/wp-content\/uploads\/2023\/08\/IMG_1922-1024x683.jpg\" alt=\"\" class=\"wp-image-1350\" srcset=\"https:\/\/www.feuerwehr-jockgrim.de\/wp-content\/uploads\/2023\/08\/IMG_1922-1024x683.jpg 1024w, https:\/\/www.feuerwehr-jockgrim.de\/wp-content\/uploads\/2023\/08\/IMG_1922-300x200.jpg 300w, https:\/\/www.feuerwehr-jockgrim.de\/wp-content\/uploads\/2023\/08\/IMG_1922-768x512.jpg 768w, https:\/\/www.feuerwehr-jockgrim.de\/wp-content\/uploads\/2023\/08\/IMG_1922-1536x1024.jpg 1536w, https:\/\/www.feuerwehr-jockgrim.de\/wp-content\/uploads\/2023\/08\/IMG_1922-2048x1365.jpg 2048w\" sizes=\"auto, (max-width: 1024px) 100vw, 1024px\" \/><figcaption class=\"wp-element-caption\">Der Hebesatz H2 im Kasten<\/figcaption><\/figure>\n\n\n\n<figure class=\"wp-block-image size-large\"><img loading=\"lazy\" decoding=\"async\" width=\"1024\" height=\"683\" data-id=\"1349\" src=\"https:\/\/www.feuerwehr-jockgrim.de\/wp-content\/uploads\/2023\/08\/IMG_1924-1024x683.jpg\" alt=\"\" class=\"wp-image-1349\" srcset=\"https:\/\/www.feuerwehr-jockgrim.de\/wp-content\/uploads\/2023\/08\/IMG_1924-1024x683.jpg 1024w, https:\/\/www.feuerwehr-jockgrim.de\/wp-content\/uploads\/2023\/08\/IMG_1924-300x200.jpg 300w, https:\/\/www.feuerwehr-jockgrim.de\/wp-content\/uploads\/2023\/08\/IMG_1924-768x512.jpg 768w, https:\/\/www.feuerwehr-jockgrim.de\/wp-content\/uploads\/2023\/08\/IMG_1924-1536x1024.jpg 1536w, https:\/\/www.feuerwehr-jockgrim.de\/wp-content\/uploads\/2023\/08\/IMG_1924-2048x1365.jpg 2048w\" sizes=\"auto, (max-width: 1024px) 100vw, 1024px\" \/><figcaption class=\"wp-element-caption\">Einer von zwei Hydraulikhebern<\/figcaption><\/figure>\n<\/figure>\n","protected":false},"excerpt":{"rendered":"<p>Nicht bei allen Technischen Hilfeleistungen m\u00fcssen Autos zerschnitten werden. Oft geht es auch darum Lasten abzuheben oder wegzuziehen um Personen aus einer Zwangslage zu befreien. Daher besitzen wir verschiedene Hebeger\u00e4te, welche Hydraulisch, Pneumatisch oder Mechanisch betrieben werden k\u00f6nnen. Hydraulischer Hebesatz: Der Hydraulischer Hebesatz nach DIN 14800-H2 ist eine M\u00f6glichkeit Lasten mittels hydraulischer Kraft\u00fcbertragung anzuheben. \u00c4hnlich [&hellip;]<\/p>\n","protected":false},"author":2,"featured_media":0,"parent":0,"menu_order":0,"comment_status":"closed","ping_status":"closed","template":"","meta":{"_acf_changed":false,"footnotes":""},"class_list":["post-1348","page","type-page","status-publish","hentry"],"acf":[],"_links":{"self":[{"href":"https:\/\/www.feuerwehr-jockgrim.de\/index.php?rest_route=\/wp\/v2\/pages\/1348","targetHints":{"allow":["GET"]}}],"collection":[{"href":"https:\/\/www.feuerwehr-jockgrim.de\/index.php?rest_route=\/wp\/v2\/pages"}],"about":[{"href":"https:\/\/www.feuerwehr-jockgrim.de\/index.php?rest_route=\/wp\/v2\/types\/page"}],"author":[{"embeddable":true,"href":"https:\/\/www.feuerwehr-jockgrim.de\/index.php?rest_route=\/wp\/v2\/users\/2"}],"replies":[{"embeddable":true,"href":"https:\/\/www.feuerwehr-jockgrim.de\/index.php?rest_route=%2Fwp%2Fv2%2Fcomments&post=1348"}],"version-history":[{"count":1,"href":"https:\/\/www.feuerwehr-jockgrim.de\/index.php?rest_route=\/wp\/v2\/pages\/1348\/revisions"}],"predecessor-version":[{"id":1351,"href":"https:\/\/www.feuerwehr-jockgrim.de\/index.php?rest_route=\/wp\/v2\/pages\/1348\/revisions\/1351"}],"wp:attachment":[{"href":"https:\/\/www.feuerwehr-jockgrim.de\/index.php?rest_route=%2Fwp%2Fv2%2Fmedia&parent=1348"}],"curies":[{"name":"wp","href":"https:\/\/api.w.org\/{rel}","templated":true}]}}