{"id":129,"date":"2022-11-17T18:09:25","date_gmt":"2022-11-17T17:09:25","guid":{"rendered":"http:\/\/feuerwehr-jockgrim.org\/?page_id=129"},"modified":"2022-11-22T11:13:21","modified_gmt":"2022-11-22T10:13:21","slug":"rtb-2","status":"publish","type":"page","link":"https:\/\/www.feuerwehr-jockgrim.de\/?page_id=129","title":{"rendered":"RTB 2"},"content":{"rendered":"\n<div class=\"wp-block-media-text alignwide is-stacked-on-mobile\"><figure class=\"wp-block-media-text__media\"><img loading=\"lazy\" decoding=\"async\" width=\"1024\" height=\"543\" src=\"http:\/\/feuerwehr-jockgrim.org\/wp-content\/uploads\/2022\/11\/IMG_6357-1024x543.jpg\" alt=\"\" class=\"wp-image-634 size-full\" srcset=\"https:\/\/www.feuerwehr-jockgrim.de\/wp-content\/uploads\/2022\/11\/IMG_6357-1024x543.jpg 1024w, https:\/\/www.feuerwehr-jockgrim.de\/wp-content\/uploads\/2022\/11\/IMG_6357-300x159.jpg 300w, https:\/\/www.feuerwehr-jockgrim.de\/wp-content\/uploads\/2022\/11\/IMG_6357-768x407.jpg 768w, https:\/\/www.feuerwehr-jockgrim.de\/wp-content\/uploads\/2022\/11\/IMG_6357-1536x814.jpg 1536w, https:\/\/www.feuerwehr-jockgrim.de\/wp-content\/uploads\/2022\/11\/IMG_6357-2048x1085.jpg 2048w\" sizes=\"auto, (max-width: 1024px) 100vw, 1024px\" \/><\/figure><div class=\"wp-block-media-text__content\">\n<p>Das Rettungsboot 2, oder kurz RTB 2, ist ein Feuerwehrboot mit eigenem Motor, welches f\u00fcr die Menschenrettung und den Personentransport genutzt werden kann.<\/p>\n<\/div><\/div>\n\n\n\n<figure class=\"wp-block-table has-small-font-size\"><table><tbody><tr><td>Fahrzeug:<\/td><td>RTB 2 &#8211; Rettungsboot 2<\/td><\/tr><tr><td>Funkrufname:<\/td><td>Florian Jockgrim 1\/77-1<\/td><\/tr><tr><td>Besatzung: <\/td><td><\/td><\/tr><tr><td>Baujahr: <\/td><td><\/td><\/tr><tr><td>Aufbauhersteller:<\/td><td>Barro Boote<\/td><\/tr><tr><td>Fahrgestell:<\/td><td><\/td><\/tr><tr><td>Norm: <\/td><td>DIN 14961<\/td><\/tr><tr><td>Verwendungszweck:<\/td><td>Das RTB 2 wird f\u00fcr Rettungseins\u00e4tze und Personentransporte auf Gew\u00e4ssern eingesetzt. Gezogen wird der Bootstrailer mit dem Boot von dem MLF.<\/td><\/tr><tr><td>Beladung:<\/td><td><\/td><\/tr><\/tbody><\/table><\/figure>\n","protected":false},"excerpt":{"rendered":"<p>Das Rettungsboot 2, oder kurz RTB 2, ist ein Feuerwehrboot mit eigenem Motor, welches f\u00fcr die Menschenrettung und den Personentransport genutzt werden kann. Fahrzeug: RTB 2 &#8211; Rettungsboot 2 Funkrufname: Florian Jockgrim 1\/77-1 Besatzung: Baujahr: Aufbauhersteller: Barro Boote Fahrgestell: Norm: DIN 14961 Verwendungszweck: Das RTB 2 wird f\u00fcr Rettungseins\u00e4tze und Personentransporte auf Gew\u00e4ssern eingesetzt. Gezogen [&hellip;]<\/p>\n","protected":false},"author":2,"featured_media":0,"parent":0,"menu_order":0,"comment_status":"closed","ping_status":"closed","template":"","meta":{"_acf_changed":false,"footnotes":""},"class_list":["post-129","page","type-page","status-publish","hentry"],"acf":[],"_links":{"self":[{"href":"https:\/\/www.feuerwehr-jockgrim.de\/index.php?rest_route=\/wp\/v2\/pages\/129","targetHints":{"allow":["GET"]}}],"collection":[{"href":"https:\/\/www.feuerwehr-jockgrim.de\/index.php?rest_route=\/wp\/v2\/pages"}],"about":[{"href":"https:\/\/www.feuerwehr-jockgrim.de\/index.php?rest_route=\/wp\/v2\/types\/page"}],"author":[{"embeddable":true,"href":"https:\/\/www.feuerwehr-jockgrim.de\/index.php?rest_route=\/wp\/v2\/users\/2"}],"replies":[{"embeddable":true,"href":"https:\/\/www.feuerwehr-jockgrim.de\/index.php?rest_route=%2Fwp%2Fv2%2Fcomments&post=129"}],"version-history":[{"count":3,"href":"https:\/\/www.feuerwehr-jockgrim.de\/index.php?rest_route=\/wp\/v2\/pages\/129\/revisions"}],"predecessor-version":[{"id":635,"href":"https:\/\/www.feuerwehr-jockgrim.de\/index.php?rest_route=\/wp\/v2\/pages\/129\/revisions\/635"}],"wp:attachment":[{"href":"https:\/\/www.feuerwehr-jockgrim.de\/index.php?rest_route=%2Fwp%2Fv2%2Fmedia&parent=129"}],"curies":[{"name":"wp","href":"https:\/\/api.w.org\/{rel}","templated":true}]}}