{"id":1285,"date":"2023-08-15T23:22:27","date_gmt":"2023-08-15T21:22:27","guid":{"rendered":"https:\/\/www.feuerwehr-jockgrim.de\/?page_id=1285"},"modified":"2023-08-16T22:21:49","modified_gmt":"2023-08-16T20:21:49","slug":"rc-gams","status":"publish","type":"page","link":"https:\/\/www.feuerwehr-jockgrim.de\/?page_id=1285","title":{"rendered":"RC &#8222;GAMS+&#8220;"},"content":{"rendered":"\n<p>Der Rollcontainer &#8222;GAMS+&#8220; ist mit dem sogenannten &#8222;GAMS+&#8220;-Satz ausgestattet. Dieser ist ein Ger\u00e4tesatz f\u00fcr die Durchf\u00fchrung von Erstma\u00dfnahmen im Gefahrstoffeinsatz, und wurde im Gefahrstoffkonzept des Landes Rheinland-Pfalz eingef\u00fchrt um Feuerwehren ohne Sonderaustattung die M\u00f6glichkeit zu geben im Gefahrstoffeinsatz die Zeit bis zum Eintreffen von Spezialkr\u00e4ften (z.B. Gefahrstoffzug) bestm\u00f6glich \u00fcberbr\u00fccken zu k\u00f6nnen.<\/p>\n\n\n\n<p>Daf\u00fcr behinhaltet der Rollcontainer neben leichten Chemikalienschutzanz\u00fcgen, Auffangbecken und Dichtmaterialien auch verschiedene Indikatorpapiere, Schreibutensilien sowie zwei S\u00e4cke \u00d6lbindemittel.<\/p>\n\n\n\n<p>Mehr Informationen zum Fahrzeug MZF 2 finden Sie auf der Seite <a href=\"https:\/\/www.feuerwehr-jockgrim.de\/?page_id=125\">MZF 2<\/a><br>Eine \u00dcbersicht \u00fcber alle Rollcontainer erhalten Sie <a href=\"https:\/\/www.feuerwehr-jockgrim.de\/?page_id=539\">hier<\/a><\/p>\n\n\n\n<figure class=\"wp-block-gallery has-nested-images columns-default is-cropped wp-block-gallery-1 is-layout-flex wp-block-gallery-is-layout-flex\">\n<figure class=\"wp-block-image size-large\"><img loading=\"lazy\" decoding=\"async\" width=\"1024\" height=\"683\" data-id=\"1288\" src=\"https:\/\/www.feuerwehr-jockgrim.de\/wp-content\/uploads\/2023\/08\/IMG_1873-1024x683.jpg\" alt=\"\" class=\"wp-image-1288\" srcset=\"https:\/\/www.feuerwehr-jockgrim.de\/wp-content\/uploads\/2023\/08\/IMG_1873-1024x683.jpg 1024w, https:\/\/www.feuerwehr-jockgrim.de\/wp-content\/uploads\/2023\/08\/IMG_1873-300x200.jpg 300w, https:\/\/www.feuerwehr-jockgrim.de\/wp-content\/uploads\/2023\/08\/IMG_1873-768x512.jpg 768w, https:\/\/www.feuerwehr-jockgrim.de\/wp-content\/uploads\/2023\/08\/IMG_1873-1536x1024.jpg 1536w, https:\/\/www.feuerwehr-jockgrim.de\/wp-content\/uploads\/2023\/08\/IMG_1873-2048x1365.jpg 2048w\" sizes=\"auto, (max-width: 1024px) 100vw, 1024px\" \/><\/figure>\n\n\n\n<figure class=\"wp-block-image size-large\"><img loading=\"lazy\" decoding=\"async\" width=\"1024\" height=\"683\" data-id=\"1287\" src=\"https:\/\/www.feuerwehr-jockgrim.de\/wp-content\/uploads\/2023\/08\/IMG_1874-1024x683.jpg\" alt=\"\" class=\"wp-image-1287\" srcset=\"https:\/\/www.feuerwehr-jockgrim.de\/wp-content\/uploads\/2023\/08\/IMG_1874-1024x683.jpg 1024w, https:\/\/www.feuerwehr-jockgrim.de\/wp-content\/uploads\/2023\/08\/IMG_1874-300x200.jpg 300w, https:\/\/www.feuerwehr-jockgrim.de\/wp-content\/uploads\/2023\/08\/IMG_1874-768x512.jpg 768w, https:\/\/www.feuerwehr-jockgrim.de\/wp-content\/uploads\/2023\/08\/IMG_1874-1536x1024.jpg 1536w, https:\/\/www.feuerwehr-jockgrim.de\/wp-content\/uploads\/2023\/08\/IMG_1874-2048x1365.jpg 2048w\" sizes=\"auto, (max-width: 1024px) 100vw, 1024px\" \/><\/figure>\n<\/figure>\n","protected":false},"excerpt":{"rendered":"<p>Der Rollcontainer &#8222;GAMS+&#8220; ist mit dem sogenannten &#8222;GAMS+&#8220;-Satz ausgestattet. Dieser ist ein Ger\u00e4tesatz f\u00fcr die Durchf\u00fchrung von Erstma\u00dfnahmen im Gefahrstoffeinsatz, und wurde im Gefahrstoffkonzept des Landes Rheinland-Pfalz eingef\u00fchrt um Feuerwehren ohne Sonderaustattung die M\u00f6glichkeit zu geben im Gefahrstoffeinsatz die Zeit bis zum Eintreffen von Spezialkr\u00e4ften (z.B. Gefahrstoffzug) bestm\u00f6glich \u00fcberbr\u00fccken zu k\u00f6nnen. Daf\u00fcr behinhaltet der Rollcontainer [&hellip;]<\/p>\n","protected":false},"author":2,"featured_media":0,"parent":0,"menu_order":0,"comment_status":"closed","ping_status":"closed","template":"","meta":{"_acf_changed":false,"footnotes":""},"class_list":["post-1285","page","type-page","status-publish","hentry"],"acf":[],"_links":{"self":[{"href":"https:\/\/www.feuerwehr-jockgrim.de\/index.php?rest_route=\/wp\/v2\/pages\/1285","targetHints":{"allow":["GET"]}}],"collection":[{"href":"https:\/\/www.feuerwehr-jockgrim.de\/index.php?rest_route=\/wp\/v2\/pages"}],"about":[{"href":"https:\/\/www.feuerwehr-jockgrim.de\/index.php?rest_route=\/wp\/v2\/types\/page"}],"author":[{"embeddable":true,"href":"https:\/\/www.feuerwehr-jockgrim.de\/index.php?rest_route=\/wp\/v2\/users\/2"}],"replies":[{"embeddable":true,"href":"https:\/\/www.feuerwehr-jockgrim.de\/index.php?rest_route=%2Fwp%2Fv2%2Fcomments&post=1285"}],"version-history":[{"count":5,"href":"https:\/\/www.feuerwehr-jockgrim.de\/index.php?rest_route=\/wp\/v2\/pages\/1285\/revisions"}],"predecessor-version":[{"id":1318,"href":"https:\/\/www.feuerwehr-jockgrim.de\/index.php?rest_route=\/wp\/v2\/pages\/1285\/revisions\/1318"}],"wp:attachment":[{"href":"https:\/\/www.feuerwehr-jockgrim.de\/index.php?rest_route=%2Fwp%2Fv2%2Fmedia&parent=1285"}],"curies":[{"name":"wp","href":"https:\/\/api.w.org\/{rel}","templated":true}]}}