{"id":1265,"date":"2023-08-12T15:15:07","date_gmt":"2023-08-12T13:15:07","guid":{"rendered":"https:\/\/www.feuerwehr-jockgrim.de\/?page_id=1265"},"modified":"2023-08-16T22:20:31","modified_gmt":"2023-08-16T20:20:31","slug":"rc-technische-hilfe","status":"publish","type":"page","link":"https:\/\/www.feuerwehr-jockgrim.de\/?page_id=1265","title":{"rendered":"RC Technische Hilfe"},"content":{"rendered":"\n<p>Der Rollcontainer Technische Hilfe ist Standardbeladung auf dem MZF 2, und wird somit immer mitgef\u00fchrt. Auf ihm ist der zweite Rettungssatz unserer Feuerwehr verlastet, darunter auch gr\u00f6\u00dfere Rettungszylinder, welche insbesondere bei LKW-Unf\u00e4llen sowie stark verformten Unfallfahrzeugen hilfreich sind. Weiterhin finden sich auf diesem Rollcontainer eine zweite S\u00e4bels\u00e4ge und ein Hydraulischer Hebesatz.<\/p>\n\n\n\n<p>Weitere Informationen zum Hydraulischen Rettungssatz finden Sie <a href=\"https:\/\/www.feuerwehr-jockgrim.de\/?page_id=581\" data-type=\"page\" data-id=\"581\">hier<\/a><br>Mehr Informationen zum Fahrzeug MZF 2 finden Sie auf der Seite <a href=\"https:\/\/www.feuerwehr-jockgrim.de\/?page_id=125\" data-type=\"page\" data-id=\"125\">MZF 2<\/a><br>Eine \u00dcbersicht \u00fcber alle Rollcontainer erhalten Sie <a href=\"https:\/\/www.feuerwehr-jockgrim.de\/?page_id=539\">hier<\/a><\/p>\n\n\n\n<figure class=\"wp-block-gallery has-nested-images columns-default is-cropped wp-block-gallery-1 is-layout-flex wp-block-gallery-is-layout-flex\">\n<figure class=\"wp-block-image size-large\"><img loading=\"lazy\" decoding=\"async\" width=\"1024\" height=\"683\" data-id=\"663\" src=\"https:\/\/www.feuerwehr-jockgrim.de\/wp-content\/uploads\/2022\/11\/IMG_8701-1024x683.jpg\" alt=\"\" class=\"wp-image-663\" srcset=\"https:\/\/www.feuerwehr-jockgrim.de\/wp-content\/uploads\/2022\/11\/IMG_8701-1024x683.jpg 1024w, https:\/\/www.feuerwehr-jockgrim.de\/wp-content\/uploads\/2022\/11\/IMG_8701-300x200.jpg 300w, https:\/\/www.feuerwehr-jockgrim.de\/wp-content\/uploads\/2022\/11\/IMG_8701-768x512.jpg 768w, https:\/\/www.feuerwehr-jockgrim.de\/wp-content\/uploads\/2022\/11\/IMG_8701-1536x1024.jpg 1536w, https:\/\/www.feuerwehr-jockgrim.de\/wp-content\/uploads\/2022\/11\/IMG_8701-2048x1365.jpg 2048w\" sizes=\"auto, (max-width: 1024px) 100vw, 1024px\" \/><\/figure>\n\n\n\n<figure class=\"wp-block-image size-large\"><img loading=\"lazy\" decoding=\"async\" width=\"1024\" height=\"683\" data-id=\"1266\" src=\"https:\/\/www.feuerwehr-jockgrim.de\/wp-content\/uploads\/2023\/08\/IMG_8702-1024x683.jpg\" alt=\"\" class=\"wp-image-1266\" srcset=\"https:\/\/www.feuerwehr-jockgrim.de\/wp-content\/uploads\/2023\/08\/IMG_8702-1024x683.jpg 1024w, https:\/\/www.feuerwehr-jockgrim.de\/wp-content\/uploads\/2023\/08\/IMG_8702-300x200.jpg 300w, https:\/\/www.feuerwehr-jockgrim.de\/wp-content\/uploads\/2023\/08\/IMG_8702-768x512.jpg 768w, https:\/\/www.feuerwehr-jockgrim.de\/wp-content\/uploads\/2023\/08\/IMG_8702-1536x1024.jpg 1536w, https:\/\/www.feuerwehr-jockgrim.de\/wp-content\/uploads\/2023\/08\/IMG_8702-2048x1365.jpg 2048w\" sizes=\"auto, (max-width: 1024px) 100vw, 1024px\" \/><\/figure>\n<\/figure>\n","protected":false},"excerpt":{"rendered":"<p>Der Rollcontainer Technische Hilfe ist Standardbeladung auf dem MZF 2, und wird somit immer mitgef\u00fchrt. Auf ihm ist der zweite Rettungssatz unserer Feuerwehr verlastet, darunter auch gr\u00f6\u00dfere Rettungszylinder, welche insbesondere bei LKW-Unf\u00e4llen sowie stark verformten Unfallfahrzeugen hilfreich sind. Weiterhin finden sich auf diesem Rollcontainer eine zweite S\u00e4bels\u00e4ge und ein Hydraulischer Hebesatz. Weitere Informationen zum Hydraulischen [&hellip;]<\/p>\n","protected":false},"author":2,"featured_media":0,"parent":0,"menu_order":0,"comment_status":"closed","ping_status":"closed","template":"","meta":{"_acf_changed":false,"footnotes":""},"class_list":["post-1265","page","type-page","status-publish","hentry"],"acf":[],"_links":{"self":[{"href":"https:\/\/www.feuerwehr-jockgrim.de\/index.php?rest_route=\/wp\/v2\/pages\/1265","targetHints":{"allow":["GET"]}}],"collection":[{"href":"https:\/\/www.feuerwehr-jockgrim.de\/index.php?rest_route=\/wp\/v2\/pages"}],"about":[{"href":"https:\/\/www.feuerwehr-jockgrim.de\/index.php?rest_route=\/wp\/v2\/types\/page"}],"author":[{"embeddable":true,"href":"https:\/\/www.feuerwehr-jockgrim.de\/index.php?rest_route=\/wp\/v2\/users\/2"}],"replies":[{"embeddable":true,"href":"https:\/\/www.feuerwehr-jockgrim.de\/index.php?rest_route=%2Fwp%2Fv2%2Fcomments&post=1265"}],"version-history":[{"count":5,"href":"https:\/\/www.feuerwehr-jockgrim.de\/index.php?rest_route=\/wp\/v2\/pages\/1265\/revisions"}],"predecessor-version":[{"id":1315,"href":"https:\/\/www.feuerwehr-jockgrim.de\/index.php?rest_route=\/wp\/v2\/pages\/1265\/revisions\/1315"}],"wp:attachment":[{"href":"https:\/\/www.feuerwehr-jockgrim.de\/index.php?rest_route=%2Fwp%2Fv2%2Fmedia&parent=1265"}],"curies":[{"name":"wp","href":"https:\/\/api.w.org\/{rel}","templated":true}]}}