{"id":12,"date":"2022-11-17T12:51:56","date_gmt":"2022-11-17T12:51:56","guid":{"rendered":"http:\/\/feuerwehr-jockgrim.org\/?page_id=12"},"modified":"2025-11-05T13:45:04","modified_gmt":"2025-11-05T12:45:04","slug":"einsatzabteilung","status":"publish","type":"page","link":"https:\/\/www.feuerwehr-jockgrim.de\/?page_id=12","title":{"rendered":"Einsatzabteilung"},"content":{"rendered":"\n<p>Die Einsatzabteilung ist der Kern unserer Feuerwehr. Ihre 50 Mitglieder, davon sechs Frauen, sind die jenigen, die jeden Tag #immerda sind und f\u00fcr Ihre Sicherheit sorgen. <br>Die Einsatzabteilung wird durch den Wehrf\u00fchrer gef\u00fchrt, seit Mai 2022 wird diese Funktion von Jens Kiekebusch besetzt. Ihm sind als stellvertretende Wehrf\u00fchrer Sven Brauner und Tobias Schehr zur Seite gestellt. <br>Auf Ebene der Verbandsgemeinde hat der Wehrleiter die F\u00fchrung inne. Seit Herbst 2023 wird diese Funktion von Alexander Scharf (Einheit Jockgrim) wahrgenommen, seine Stellvertreter sind Volker Betzer und David Hofmann aus der Einheit Rheinzabern.<\/p>\n\n\n\n<p>Unser haupts\u00e4chliches Einsatzgebiet umfasst die Ortsgemeinde Jockgrim in der gleichnamigen Verbandsgemeinde. Weiterhin sind wir als St\u00fctzpunktfeuerwehr f\u00fcr gesamte Gebiet der Verbandsgemeinde Jockgrim zust\u00e4ndig und halten hierf\u00fcr besondere Einsatzmittel wie z.B. die Feuerwehreinsatzzentrale, den Einsatzleitwagen, Ger\u00e4te f\u00fcr die Technische Hilfeleistung und mehr vor. <br>Dar\u00fcberhinaus arbeiten wir innerhalb der VG in sogenannten &#8222;Ausr\u00fcckegemeinschaften&#8220;, um bei gr\u00f6\u00dferen Eins\u00e4tzen ausreichend Personal vor Ort zu haben. Konkret hei\u00dft das, dass bei allen Eins\u00e4tzen der Alarmstufe 2 immer zwei Feuerwehren aus der VG alarmiert werden. Unter der Woche von 6-18 Uhr sowie ab der Alarmstufe 3, werden sogar drei der vier Ortswehren alarmiert. <\/p>\n\n\n\n<p>Unser Engagement h\u00f6rt aber nicht in der Verbandsgemeinde auf:<br>So sind wir unter anderem im Katastrophenschutz-Zug des Landkreises Germersheim eingebunden. Im Modul Brandbek\u00e4mpfung des KatS-Zuges sind wir mit dem MLF vertreten, im Modul Wasserf\u00f6rderung stellen wir wiederum Personal f\u00fcr die F\u00fchrungsunterst\u00fctzung sowie das MZF 1 f\u00fcr die Modulf\u00fchrung zur Verf\u00fcgung. Seit November 2025 ist zudem unser Mitglied Daniel Metzger Einheitsf\u00fchrer des gesamten KatS-Zuges, zudem \u00fcbernimmt Volker Rei\u00df die stellvertretende Modulf\u00fchrung im Modul Wasserf\u00f6rderung. <br>Daneben sind verschiedene Mitglieder unserer Feuerwehr in den Facheinheiten &#8222;Technische Einsatzleitung&#8220;, &#8222;Information und Kommunikation&#8220; sowie &#8222;S5\/Pressegruppe auf Kreisebene&#8220; engagiert.<\/p>\n\n\n\n<p>Der Einsatzabteilung k\u00f6nnen alle nach vollendetem 16. Lebensjahr beitreten. Wer Interesse daran hat mitzuwirken, kann sich jederzeit bei uns melden oder Montags um 19:00 Uhr bei einem unserer \u00dcbungsdienste vorbeikommen. <\/p>\n\n\n\n<p>Auf den folgenden Seiten finden Sie alle Informationen \u00fcber unsere Einsatzabteilung, wie unsere Eins\u00e4tze, die F\u00fchrung und die Sachgebiete, die m\u00f6glichen Ausbildungen sowie unsere Geschichte.  <\/p>\n\n\n\n<div class=\"wp-block-columns is-layout-flex wp-container-core-columns-is-layout-9d6595d7 wp-block-columns-is-layout-flex\">\n<div class=\"wp-block-column is-layout-flow wp-block-column-is-layout-flow\" style=\"flex-basis:100%\">\n<div class=\"wp-block-group is-nowrap is-layout-flex wp-container-core-group-is-layout-ad2f72ca wp-block-group-is-layout-flex\">\n<figure class=\"wp-block-gallery has-nested-images columns-2 is-cropped wp-block-gallery-1 is-layout-flex wp-block-gallery-is-layout-flex\">\n<figure class=\"wp-block-image size-large\"><a href=\"https:\/\/www.feuerwehr-jockgrim.de\/?page_id=112\"><img loading=\"lazy\" decoding=\"async\" width=\"1024\" height=\"683\" data-id=\"2174\" src=\"https:\/\/www.feuerwehr-jockgrim.de\/wp-content\/uploads\/2025\/07\/BOS7540-1024x683.jpg\" alt=\"\" class=\"wp-image-2174\" srcset=\"https:\/\/www.feuerwehr-jockgrim.de\/wp-content\/uploads\/2025\/07\/BOS7540-1024x683.jpg 1024w, https:\/\/www.feuerwehr-jockgrim.de\/wp-content\/uploads\/2025\/07\/BOS7540-300x200.jpg 300w, https:\/\/www.feuerwehr-jockgrim.de\/wp-content\/uploads\/2025\/07\/BOS7540-768x512.jpg 768w, https:\/\/www.feuerwehr-jockgrim.de\/wp-content\/uploads\/2025\/07\/BOS7540-1536x1024.jpg 1536w, https:\/\/www.feuerwehr-jockgrim.de\/wp-content\/uploads\/2025\/07\/BOS7540-2048x1365.jpg 2048w\" sizes=\"auto, (max-width: 1024px) 100vw, 1024px\" \/><\/a><figcaption class=\"wp-element-caption\"><a href=\"https:\/\/www.feuerwehr-jockgrim.de\/?page_id=112\" data-type=\"page\" data-id=\"112\">Eins\u00e4tze<\/a><\/figcaption><\/figure>\n\n\n\n<figure class=\"wp-block-image size-large\"><a href=\"https:\/\/www.feuerwehr-jockgrim.de\/?page_id=24\"><img loading=\"lazy\" decoding=\"async\" width=\"1024\" height=\"683\" data-id=\"2177\" src=\"https:\/\/www.feuerwehr-jockgrim.de\/wp-content\/uploads\/2025\/07\/BOS_8143-1024x683.jpg\" alt=\"\" class=\"wp-image-2177\" srcset=\"https:\/\/www.feuerwehr-jockgrim.de\/wp-content\/uploads\/2025\/07\/BOS_8143-1024x683.jpg 1024w, https:\/\/www.feuerwehr-jockgrim.de\/wp-content\/uploads\/2025\/07\/BOS_8143-300x200.jpg 300w, https:\/\/www.feuerwehr-jockgrim.de\/wp-content\/uploads\/2025\/07\/BOS_8143-768x512.jpg 768w, https:\/\/www.feuerwehr-jockgrim.de\/wp-content\/uploads\/2025\/07\/BOS_8143-1536x1024.jpg 1536w, https:\/\/www.feuerwehr-jockgrim.de\/wp-content\/uploads\/2025\/07\/BOS_8143-2048x1366.jpg 2048w\" sizes=\"auto, (max-width: 1024px) 100vw, 1024px\" \/><\/a><figcaption class=\"wp-element-caption\"><a href=\"https:\/\/www.feuerwehr-jockgrim.de\/?page_id=24\" data-type=\"page\" data-id=\"24\">F\u00fchrung und Sachgebiete<\/a><\/figcaption><\/figure>\n\n\n\n<figure class=\"wp-block-image size-large\"><a href=\"https:\/\/www.feuerwehr-jockgrim.de\/?page_id=91\"><img loading=\"lazy\" decoding=\"async\" width=\"1024\" height=\"683\" data-id=\"2176\" src=\"https:\/\/www.feuerwehr-jockgrim.de\/wp-content\/uploads\/2025\/07\/IMG_8078-1024x683.jpg\" alt=\"\" class=\"wp-image-2176\" srcset=\"https:\/\/www.feuerwehr-jockgrim.de\/wp-content\/uploads\/2025\/07\/IMG_8078-1024x683.jpg 1024w, https:\/\/www.feuerwehr-jockgrim.de\/wp-content\/uploads\/2025\/07\/IMG_8078-300x200.jpg 300w, https:\/\/www.feuerwehr-jockgrim.de\/wp-content\/uploads\/2025\/07\/IMG_8078-768x512.jpg 768w, https:\/\/www.feuerwehr-jockgrim.de\/wp-content\/uploads\/2025\/07\/IMG_8078-1536x1024.jpg 1536w, https:\/\/www.feuerwehr-jockgrim.de\/wp-content\/uploads\/2025\/07\/IMG_8078-2048x1365.jpg 2048w\" sizes=\"auto, (max-width: 1024px) 100vw, 1024px\" \/><\/a><figcaption class=\"wp-element-caption\"><a href=\"https:\/\/www.feuerwehr-jockgrim.de\/?page_id=91\" data-type=\"page\" data-id=\"91\">Ausbildung<\/a><\/figcaption><\/figure>\n\n\n\n<figure class=\"wp-block-image size-large\"><a href=\"https:\/\/www.feuerwehr-jockgrim.de\/?page_id=88\"><img loading=\"lazy\" decoding=\"async\" width=\"343\" height=\"227\" data-id=\"2175\" src=\"https:\/\/www.feuerwehr-jockgrim.de\/wp-content\/uploads\/2025\/07\/WhatsApp-Image-2025-07-30-at-14.00.19.jpeg\" alt=\"\" class=\"wp-image-2175\" srcset=\"https:\/\/www.feuerwehr-jockgrim.de\/wp-content\/uploads\/2025\/07\/WhatsApp-Image-2025-07-30-at-14.00.19.jpeg 343w, https:\/\/www.feuerwehr-jockgrim.de\/wp-content\/uploads\/2025\/07\/WhatsApp-Image-2025-07-30-at-14.00.19-300x199.jpeg 300w\" sizes=\"auto, (max-width: 343px) 100vw, 343px\" \/><\/a><figcaption class=\"wp-element-caption\"><a href=\"https:\/\/www.feuerwehr-jockgrim.de\/?page_id=88\" data-type=\"page\" data-id=\"88\">Geschichte<\/a><\/figcaption><\/figure>\n<\/figure>\n<\/div>\n<\/div>\n<\/div>\n\n\n\n<p><\/p>\n","protected":false},"excerpt":{"rendered":"<p>Die Einsatzabteilung ist der Kern unserer Feuerwehr. Ihre 50 Mitglieder, davon sechs Frauen, sind die jenigen, die jeden Tag #immerda sind und f\u00fcr Ihre Sicherheit sorgen. Die Einsatzabteilung wird durch [&hellip;]<\/p>\n","protected":false},"author":2,"featured_media":0,"parent":0,"menu_order":0,"comment_status":"closed","ping_status":"closed","template":"","meta":{"_acf_changed":false,"footnotes":""},"class_list":["post-12","page","type-page","status-publish","hentry"],"acf":[],"_links":{"self":[{"href":"https:\/\/www.feuerwehr-jockgrim.de\/index.php?rest_route=\/wp\/v2\/pages\/12","targetHints":{"allow":["GET"]}}],"collection":[{"href":"https:\/\/www.feuerwehr-jockgrim.de\/index.php?rest_route=\/wp\/v2\/pages"}],"about":[{"href":"https:\/\/www.feuerwehr-jockgrim.de\/index.php?rest_route=\/wp\/v2\/types\/page"}],"author":[{"embeddable":true,"href":"https:\/\/www.feuerwehr-jockgrim.de\/index.php?rest_route=\/wp\/v2\/users\/2"}],"replies":[{"embeddable":true,"href":"https:\/\/www.feuerwehr-jockgrim.de\/index.php?rest_route=%2Fwp%2Fv2%2Fcomments&post=12"}],"version-history":[{"count":11,"href":"https:\/\/www.feuerwehr-jockgrim.de\/index.php?rest_route=\/wp\/v2\/pages\/12\/revisions"}],"predecessor-version":[{"id":2365,"href":"https:\/\/www.feuerwehr-jockgrim.de\/index.php?rest_route=\/wp\/v2\/pages\/12\/revisions\/2365"}],"wp:attachment":[{"href":"https:\/\/www.feuerwehr-jockgrim.de\/index.php?rest_route=%2Fwp%2Fv2%2Fmedia&parent=12"}],"curies":[{"name":"wp","href":"https:\/\/api.w.org\/{rel}","templated":true}]}}