{"id":117,"date":"2022-11-17T17:54:43","date_gmt":"2022-11-17T16:54:43","guid":{"rendered":"http:\/\/feuerwehr-jockgrim.org\/?page_id=117"},"modified":"2025-07-21T18:29:11","modified_gmt":"2025-07-21T16:29:11","slug":"mlf","status":"publish","type":"page","link":"https:\/\/www.feuerwehr-jockgrim.de\/?page_id=117","title":{"rendered":"MLF"},"content":{"rendered":"\n<div class=\"wp-block-media-text alignwide is-stacked-on-mobile\"><figure class=\"wp-block-media-text__media\"><img loading=\"lazy\" decoding=\"async\" width=\"960\" height=\"640\" src=\"http:\/\/feuerwehr-jockgrim.org\/wp-content\/uploads\/2022\/11\/116263280_2691101324496108_7652212106526370960_n.jpg\" alt=\"\" class=\"wp-image-636 size-full\" srcset=\"https:\/\/www.feuerwehr-jockgrim.de\/wp-content\/uploads\/2022\/11\/116263280_2691101324496108_7652212106526370960_n.jpg 960w, https:\/\/www.feuerwehr-jockgrim.de\/wp-content\/uploads\/2022\/11\/116263280_2691101324496108_7652212106526370960_n-300x200.jpg 300w, https:\/\/www.feuerwehr-jockgrim.de\/wp-content\/uploads\/2022\/11\/116263280_2691101324496108_7652212106526370960_n-768x512.jpg 768w\" sizes=\"auto, (max-width: 960px) 100vw, 960px\" \/><\/figure><div class=\"wp-block-media-text__content\">\n<p>Die Bezeichnung MLF steht f\u00fcr Mittleres L\u00f6schfahrzeug. Dieses ist ein L\u00f6schfahrzeug mit Staffelbesatzung und fest eingebauter Feuerwehrpumpe. Damit unterscheidet es sich von den anderen genormten L\u00f6schfahrzeugen. <\/p>\n<\/div><\/div>\n\n\n\n<figure class=\"wp-block-table has-small-font-size\"><table><tbody><tr><td>Fahrzeug:<\/td><td>MLF &#8211; Mittleres L\u00f6schfahrzeug<\/td><\/tr><tr><td>Funkrufname:<\/td><td>Florian Jockgrim 1\/44-1<\/td><\/tr><tr><td>Besatzung:<\/td><td>Staffel (1\/5\/<strong>6<\/strong> &#8211; Staffelf\u00fchrer, f\u00fcnf Feuerwehrleute)<\/td><\/tr><tr><td>Baujahr:<\/td><td>2019<\/td><\/tr><tr><td>Aufbauhersteller:<\/td><td>Ziegler Feuerwehrtechnik  GmbH<\/td><\/tr><tr><td>Fahrgestell:<\/td><td>MAN TGL 8.220<\/td><\/tr><tr><td>Norm:<\/td><td>DIN 14530-25<\/td><\/tr><tr><td>Verwendungszweck:<\/td><td>L\u00f6schfahrzeug mit Staffelbesatzung und fest eingebauter Feuerwehrpumpe, die feuerwehrtechnische Beladung erm\u00f6glicht den Einsatz einer Gruppe. Bei uns dient das MLF als Nachr\u00fcckendes L\u00f6schfahrzeug und r\u00fcckt in der Regel als zweites Fahrzeug zu Brandeins\u00e4tzen aus. Weiterhin dient das Fahrzeug als Zugfahrzeug f\u00fcr das RTB 2 sowie als \u00dcbungsfahrzeug der Jugendfeuerwehr. Dar\u00fcber hinaus ist das MLF in das Modul Brandbek\u00e4mpfung des Katastrophenschutz-Zuges des Landkreises Germersheim eingebunden. <\/td><\/tr><tr><td>Beladung\/Austattung:<\/td><td>L\u00f6schwassertank mit 1200l L\u00f6schwasser<br>Feuerwehrpumpe FPN 10-1000 (1000l\/min F\u00f6rdervolumen bei 10bar F\u00f6rderdruck)<br>4x Atemschutzger\u00e4t, davon 2x in der Kabine<br>W\u00e4rmebildkamera Flir K2<br>\u00dcberdruckl\u00fcfter Rosenbauer Fanergy<br>Frontanbauplatte mit Spr\u00fchd\u00fcse und C-Anschluss (Eigenbau)<br>Flachsaugkorb<br>Akkubetriebenes Beleuchtungsger\u00e4t<br>4x Euroblitzleuchte<br>Verkehrsleitkegel<br>Faltdreiecke<br>Krankentrage<br>10x B-Druckschlach 20m<br>B-Hohlstrahlrohr<br>C-Hohlstrahlrohre<br>Einrichtung zur Schnellen Wasserabgabe mit 30m C-Schlauch<br>Schnellangriffsverteiler mit B-Schlauch<br>Mittelschaumpistole C mit 1l Schaummittelbeh\u00e4lter<br>Standrohr mit Hydrantenschl\u00fcsseln<br>Saugkorb A mit Saugschutzkorb<br>Arbeitsleinen 30m in Leinenbeuteln<br>Sammelst\u00fcck A-2B<br>Systemtrenner<br>Hygieneboard<br>CAFS-L\u00f6schger\u00e4t<br>6kg ABC-Pulverl\u00f6scher<br>CO2-L\u00f6scher<br>Schnellangriffsverteiler mit B-Schlauch<br>Kanister mit \u00d6lbindemittel<br>Wiedehopfhaue<br>3x Feuerwehraxt<br>B\u00fcgels\u00e4ge<br>Satz Brechwerkzeug (Axt und Halligan-Tool)<br>Motors\u00e4ge und Schnittschutzkleidung<br>Schlauchpaket C mit 30m C-Schlauch und C-Hohlstrahlrohr<br>3x Schlauchwickelkorb C mit je 3x 15m C-Schlauch<br>Rauchvorhang<br>Schlauchtragekorb D mit 4x 15 D-Schlauch, C-DDD Verteiler und DM Strahlrohren<br>2x L\u00f6schrucksack f\u00fcr Waldbr\u00e4nde<br>Besen, Schaufeln und andere Handwerkzeuge<br>Handwerkzeugkasten Feuerwehr<br>Kasten mit Fognails (L\u00f6schlanzen)<br>3x Schlauchbr\u00fccken<br>4x A-Saugschlauch<\/td><\/tr><\/tbody><\/table><\/figure>\n","protected":false},"excerpt":{"rendered":"<p>Die Bezeichnung MLF steht f\u00fcr Mittleres L\u00f6schfahrzeug. Dieses ist ein L\u00f6schfahrzeug mit Staffelbesatzung und fest eingebauter Feuerwehrpumpe. Damit unterscheidet es sich von den anderen genormten L\u00f6schfahrzeugen. Fahrzeug: MLF &#8211; Mittleres [&hellip;]<\/p>\n","protected":false},"author":2,"featured_media":0,"parent":0,"menu_order":0,"comment_status":"closed","ping_status":"closed","template":"","meta":{"_acf_changed":false,"footnotes":""},"class_list":["post-117","page","type-page","status-publish","hentry"],"acf":[],"_links":{"self":[{"href":"https:\/\/www.feuerwehr-jockgrim.de\/index.php?rest_route=\/wp\/v2\/pages\/117","targetHints":{"allow":["GET"]}}],"collection":[{"href":"https:\/\/www.feuerwehr-jockgrim.de\/index.php?rest_route=\/wp\/v2\/pages"}],"about":[{"href":"https:\/\/www.feuerwehr-jockgrim.de\/index.php?rest_route=\/wp\/v2\/types\/page"}],"author":[{"embeddable":true,"href":"https:\/\/www.feuerwehr-jockgrim.de\/index.php?rest_route=\/wp\/v2\/users\/2"}],"replies":[{"embeddable":true,"href":"https:\/\/www.feuerwehr-jockgrim.de\/index.php?rest_route=%2Fwp%2Fv2%2Fcomments&post=117"}],"version-history":[{"count":7,"href":"https:\/\/www.feuerwehr-jockgrim.de\/index.php?rest_route=\/wp\/v2\/pages\/117\/revisions"}],"predecessor-version":[{"id":2162,"href":"https:\/\/www.feuerwehr-jockgrim.de\/index.php?rest_route=\/wp\/v2\/pages\/117\/revisions\/2162"}],"wp:attachment":[{"href":"https:\/\/www.feuerwehr-jockgrim.de\/index.php?rest_route=%2Fwp%2Fv2%2Fmedia&parent=117"}],"curies":[{"name":"wp","href":"https:\/\/api.w.org\/{rel}","templated":true}]}}