{"id":111,"date":"2022-11-17T17:49:18","date_gmt":"2022-11-17T16:49:18","guid":{"rendered":"http:\/\/feuerwehr-jockgrim.org\/?page_id=111"},"modified":"2022-11-29T09:09:23","modified_gmt":"2022-11-29T08:09:23","slug":"elw-1","status":"publish","type":"page","link":"https:\/\/www.feuerwehr-jockgrim.de\/?page_id=111","title":{"rendered":"ELW 1"},"content":{"rendered":"\n<div class=\"wp-block-media-text alignwide is-stacked-on-mobile\" style=\"grid-template-columns:51% auto\"><figure class=\"wp-block-media-text__media\"><img loading=\"lazy\" decoding=\"async\" width=\"1024\" height=\"662\" src=\"http:\/\/feuerwehr-jockgrim.org\/wp-content\/uploads\/2022\/11\/IMG_6121-1024x662.jpg\" alt=\"\" class=\"wp-image-591 size-full\" srcset=\"https:\/\/www.feuerwehr-jockgrim.de\/wp-content\/uploads\/2022\/11\/IMG_6121-1024x662.jpg 1024w, https:\/\/www.feuerwehr-jockgrim.de\/wp-content\/uploads\/2022\/11\/IMG_6121-300x194.jpg 300w, https:\/\/www.feuerwehr-jockgrim.de\/wp-content\/uploads\/2022\/11\/IMG_6121-768x497.jpg 768w, https:\/\/www.feuerwehr-jockgrim.de\/wp-content\/uploads\/2022\/11\/IMG_6121-1536x994.jpg 1536w, https:\/\/www.feuerwehr-jockgrim.de\/wp-content\/uploads\/2022\/11\/IMG_6121-2048x1325.jpg 2048w\" sizes=\"auto, (max-width: 1024px) 100vw, 1024px\" \/><\/figure><div class=\"wp-block-media-text__content\">\n<p>Der ELW 1, oder ausgeschrieben Einsatzleitwagen 1, ist ein F\u00fchrungsfahrzeug der Feuerwehren und des Katastrophenschutzes. Er ist der kleinere von zwei Typen des ELW, wobei der gr\u00f6\u00dfere Typ durch den ELW 2 dargestellt wird.<\/p>\n<\/div><\/div>\n\n\n\n<figure class=\"wp-block-table has-small-font-size\"><table><tbody><tr><td>Fahrzeug:<\/td><td>ELW 1 &#8211; Einsatzleitwagen 1<\/td><\/tr><tr><td>Funkrufname:<\/td><td>Florian Jockgrim 1\/11-1<\/td><\/tr><tr><td>Besatzung:<\/td><td>Zugtrupp (1\/1\/2\/<strong>4<\/strong> &#8211; Zugf\u00fchrer, Truppf\u00fchrer, zwei Feuerwehrleute)<\/td><\/tr><tr><td>Baujahr:<\/td><td>2013<\/td><\/tr><tr><td>Aufbauhersteller:<\/td><td><a href=\"https:\/\/www.schaefer.sc\/\" target=\"_blank\" rel=\"noreferrer noopener\">Martin Sch\u00e4fer GmbH<\/a><\/td><\/tr><tr><td>Fahrgestell:<\/td><td>Mercedes-Benz Sprinter 316 CDI<\/td><\/tr><tr><td>Norm:<\/td><td>DIN 14507<\/td><\/tr><tr><td>Verwendungszweck:<\/td><td>F\u00fchrungsfahrzeug bei Eins\u00e4tzen von einem oder mehreren Z\u00fcgen sowie von Verb\u00e4nden. Dient dem Einsatzleiter als Zubringerfahrzeug und F\u00fchrungsmittel. In Rheinland-Pfalz werden ELW zudem f\u00fcr die Kommunikation zwischen der Einsatzstelle und der FEZ genutzt.<\/td><\/tr><tr><td>Beladung\/Ausstattung:<\/td><td>3x fest verbautes Digitalfunkger\u00e4t<br>Mehrere Digitale Handfunkger\u00e4te<br>1x Anloges Handfunkger\u00e4t 4m Band<br>2x Funkarbeitsplatz mit Telefon und Computern<br>Multifunktionsdrucker<br>Besprechungstisch im Fahrgastraum<br>Honda Stromaggregat<br>2x Leitungsroller 230V<br>Rote LED-Kennleuchte mit Magnetsockel<br>Rucksack mit T\u00fcr\u00f6ffnungswerkzeug<br>Erste-Hilfe Rucksack<br>4x Faltleitkegel<br>Akkubetriebenes Beleuchtungsger\u00e4t<br>Mehrgasmessger\u00e4t Fa. Dr\u00e4ger<br>1x Satz Brechwerkzeug (Spalthammer\/Halligan-Tool)<br>1x Satz Kennzeichungswesten<\/td><\/tr><\/tbody><\/table><\/figure>\n\n\n\n<figure class=\"wp-block-gallery has-nested-images columns-default is-cropped wp-block-gallery-1 is-layout-flex wp-block-gallery-is-layout-flex\">\n<figure class=\"wp-block-image size-large\"><img loading=\"lazy\" decoding=\"async\" width=\"1024\" height=\"683\" data-id=\"594\" src=\"http:\/\/feuerwehr-jockgrim.org\/wp-content\/uploads\/2022\/11\/1ELW.jpg\" alt=\"\" class=\"wp-image-594\" srcset=\"https:\/\/www.feuerwehr-jockgrim.de\/wp-content\/uploads\/2022\/11\/1ELW.jpg 1024w, https:\/\/www.feuerwehr-jockgrim.de\/wp-content\/uploads\/2022\/11\/1ELW-300x200.jpg 300w, https:\/\/www.feuerwehr-jockgrim.de\/wp-content\/uploads\/2022\/11\/1ELW-768x512.jpg 768w\" sizes=\"auto, (max-width: 1024px) 100vw, 1024px\" \/><\/figure>\n\n\n\n<figure class=\"wp-block-image size-large\"><img loading=\"lazy\" decoding=\"async\" width=\"1024\" height=\"563\" data-id=\"595\" src=\"http:\/\/feuerwehr-jockgrim.org\/wp-content\/uploads\/2022\/11\/2ELW.jpg\" alt=\"\" class=\"wp-image-595\" srcset=\"https:\/\/www.feuerwehr-jockgrim.de\/wp-content\/uploads\/2022\/11\/2ELW.jpg 1024w, https:\/\/www.feuerwehr-jockgrim.de\/wp-content\/uploads\/2022\/11\/2ELW-300x165.jpg 300w, https:\/\/www.feuerwehr-jockgrim.de\/wp-content\/uploads\/2022\/11\/2ELW-768x422.jpg 768w\" sizes=\"auto, (max-width: 1024px) 100vw, 1024px\" \/><\/figure>\n\n\n\n<figure class=\"wp-block-image size-large\"><img loading=\"lazy\" decoding=\"async\" width=\"1024\" height=\"555\" data-id=\"596\" src=\"http:\/\/feuerwehr-jockgrim.org\/wp-content\/uploads\/2022\/11\/3ELW.jpg\" alt=\"\" class=\"wp-image-596\" srcset=\"https:\/\/www.feuerwehr-jockgrim.de\/wp-content\/uploads\/2022\/11\/3ELW.jpg 1024w, https:\/\/www.feuerwehr-jockgrim.de\/wp-content\/uploads\/2022\/11\/3ELW-300x163.jpg 300w, https:\/\/www.feuerwehr-jockgrim.de\/wp-content\/uploads\/2022\/11\/3ELW-768x416.jpg 768w\" sizes=\"auto, (max-width: 1024px) 100vw, 1024px\" \/><\/figure>\n\n\n\n<figure class=\"wp-block-image size-large\"><img loading=\"lazy\" decoding=\"async\" width=\"1024\" height=\"578\" data-id=\"597\" src=\"http:\/\/feuerwehr-jockgrim.org\/wp-content\/uploads\/2022\/11\/4ELW.jpg\" alt=\"\" class=\"wp-image-597\" srcset=\"https:\/\/www.feuerwehr-jockgrim.de\/wp-content\/uploads\/2022\/11\/4ELW.jpg 1024w, https:\/\/www.feuerwehr-jockgrim.de\/wp-content\/uploads\/2022\/11\/4ELW-300x169.jpg 300w, https:\/\/www.feuerwehr-jockgrim.de\/wp-content\/uploads\/2022\/11\/4ELW-768x434.jpg 768w\" sizes=\"auto, (max-width: 1024px) 100vw, 1024px\" \/><\/figure>\n\n\n\n<figure class=\"wp-block-image size-large\"><img loading=\"lazy\" decoding=\"async\" width=\"1024\" height=\"744\" data-id=\"598\" src=\"http:\/\/feuerwehr-jockgrim.org\/wp-content\/uploads\/2022\/11\/5ELW.jpg\" alt=\"\" class=\"wp-image-598\" srcset=\"https:\/\/www.feuerwehr-jockgrim.de\/wp-content\/uploads\/2022\/11\/5ELW.jpg 1024w, https:\/\/www.feuerwehr-jockgrim.de\/wp-content\/uploads\/2022\/11\/5ELW-300x218.jpg 300w, https:\/\/www.feuerwehr-jockgrim.de\/wp-content\/uploads\/2022\/11\/5ELW-768x558.jpg 768w\" sizes=\"auto, (max-width: 1024px) 100vw, 1024px\" \/><\/figure>\n\n\n\n<figure class=\"wp-block-image size-large\"><img loading=\"lazy\" decoding=\"async\" width=\"683\" height=\"1024\" data-id=\"599\" src=\"http:\/\/feuerwehr-jockgrim.org\/wp-content\/uploads\/2022\/11\/6ELW-683x1024.jpg\" alt=\"\" class=\"wp-image-599\" srcset=\"https:\/\/www.feuerwehr-jockgrim.de\/wp-content\/uploads\/2022\/11\/6ELW-683x1024.jpg 683w, https:\/\/www.feuerwehr-jockgrim.de\/wp-content\/uploads\/2022\/11\/6ELW-200x300.jpg 200w, https:\/\/www.feuerwehr-jockgrim.de\/wp-content\/uploads\/2022\/11\/6ELW-768x1152.jpg 768w, https:\/\/www.feuerwehr-jockgrim.de\/wp-content\/uploads\/2022\/11\/6ELW.jpg 1024w\" sizes=\"auto, (max-width: 683px) 100vw, 683px\" \/><\/figure>\n\n\n\n<figure class=\"wp-block-image size-large\"><img loading=\"lazy\" decoding=\"async\" width=\"1024\" height=\"1006\" data-id=\"600\" src=\"http:\/\/feuerwehr-jockgrim.org\/wp-content\/uploads\/2022\/11\/7ELW.jpg\" alt=\"\" class=\"wp-image-600\" srcset=\"https:\/\/www.feuerwehr-jockgrim.de\/wp-content\/uploads\/2022\/11\/7ELW.jpg 1024w, https:\/\/www.feuerwehr-jockgrim.de\/wp-content\/uploads\/2022\/11\/7ELW-300x295.jpg 300w, https:\/\/www.feuerwehr-jockgrim.de\/wp-content\/uploads\/2022\/11\/7ELW-768x755.jpg 768w\" sizes=\"auto, (max-width: 1024px) 100vw, 1024px\" \/><\/figure>\n\n\n\n<figure class=\"wp-block-image size-large\"><img loading=\"lazy\" decoding=\"async\" width=\"683\" height=\"1024\" data-id=\"601\" src=\"http:\/\/feuerwehr-jockgrim.org\/wp-content\/uploads\/2022\/11\/8ELW-683x1024.jpg\" alt=\"\" class=\"wp-image-601\" srcset=\"https:\/\/www.feuerwehr-jockgrim.de\/wp-content\/uploads\/2022\/11\/8ELW-683x1024.jpg 683w, https:\/\/www.feuerwehr-jockgrim.de\/wp-content\/uploads\/2022\/11\/8ELW-200x300.jpg 200w, https:\/\/www.feuerwehr-jockgrim.de\/wp-content\/uploads\/2022\/11\/8ELW-768x1152.jpg 768w, https:\/\/www.feuerwehr-jockgrim.de\/wp-content\/uploads\/2022\/11\/8ELW.jpg 1024w\" sizes=\"auto, (max-width: 683px) 100vw, 683px\" \/><\/figure>\n\n\n\n<figure class=\"wp-block-image size-large\"><img loading=\"lazy\" decoding=\"async\" width=\"683\" height=\"1024\" data-id=\"602\" src=\"http:\/\/feuerwehr-jockgrim.org\/wp-content\/uploads\/2022\/11\/9ELW-683x1024.jpg\" alt=\"\" class=\"wp-image-602\" srcset=\"https:\/\/www.feuerwehr-jockgrim.de\/wp-content\/uploads\/2022\/11\/9ELW-683x1024.jpg 683w, https:\/\/www.feuerwehr-jockgrim.de\/wp-content\/uploads\/2022\/11\/9ELW-200x300.jpg 200w, https:\/\/www.feuerwehr-jockgrim.de\/wp-content\/uploads\/2022\/11\/9ELW-768x1152.jpg 768w, https:\/\/www.feuerwehr-jockgrim.de\/wp-content\/uploads\/2022\/11\/9ELW.jpg 1024w\" sizes=\"auto, (max-width: 683px) 100vw, 683px\" \/><\/figure>\n\n\n\n<figure class=\"wp-block-image size-large\"><img loading=\"lazy\" decoding=\"async\" width=\"1024\" height=\"683\" data-id=\"593\" src=\"http:\/\/feuerwehr-jockgrim.org\/wp-content\/uploads\/2022\/11\/10ELW.jpg\" alt=\"\" class=\"wp-image-593\" srcset=\"https:\/\/www.feuerwehr-jockgrim.de\/wp-content\/uploads\/2022\/11\/10ELW.jpg 1024w, https:\/\/www.feuerwehr-jockgrim.de\/wp-content\/uploads\/2022\/11\/10ELW-300x200.jpg 300w, https:\/\/www.feuerwehr-jockgrim.de\/wp-content\/uploads\/2022\/11\/10ELW-768x512.jpg 768w\" sizes=\"auto, (max-width: 1024px) 100vw, 1024px\" \/><\/figure>\n<\/figure>\n","protected":false},"excerpt":{"rendered":"<p>Der ELW 1, oder ausgeschrieben Einsatzleitwagen 1, ist ein F\u00fchrungsfahrzeug der Feuerwehren und des Katastrophenschutzes. Er ist der kleinere von zwei Typen des ELW, wobei der gr\u00f6\u00dfere Typ durch den [&hellip;]<\/p>\n","protected":false},"author":2,"featured_media":0,"parent":0,"menu_order":0,"comment_status":"closed","ping_status":"closed","template":"","meta":{"_acf_changed":false,"footnotes":""},"class_list":["post-111","page","type-page","status-publish","hentry"],"acf":[],"_links":{"self":[{"href":"https:\/\/www.feuerwehr-jockgrim.de\/index.php?rest_route=\/wp\/v2\/pages\/111","targetHints":{"allow":["GET"]}}],"collection":[{"href":"https:\/\/www.feuerwehr-jockgrim.de\/index.php?rest_route=\/wp\/v2\/pages"}],"about":[{"href":"https:\/\/www.feuerwehr-jockgrim.de\/index.php?rest_route=\/wp\/v2\/types\/page"}],"author":[{"embeddable":true,"href":"https:\/\/www.feuerwehr-jockgrim.de\/index.php?rest_route=\/wp\/v2\/users\/2"}],"replies":[{"embeddable":true,"href":"https:\/\/www.feuerwehr-jockgrim.de\/index.php?rest_route=%2Fwp%2Fv2%2Fcomments&post=111"}],"version-history":[{"count":10,"href":"https:\/\/www.feuerwehr-jockgrim.de\/index.php?rest_route=\/wp\/v2\/pages\/111\/revisions"}],"predecessor-version":[{"id":806,"href":"https:\/\/www.feuerwehr-jockgrim.de\/index.php?rest_route=\/wp\/v2\/pages\/111\/revisions\/806"}],"wp:attachment":[{"href":"https:\/\/www.feuerwehr-jockgrim.de\/index.php?rest_route=%2Fwp%2Fv2%2Fmedia&parent=111"}],"curies":[{"name":"wp","href":"https:\/\/api.w.org\/{rel}","templated":true}]}}