{"id":1109,"date":"2023-02-28T13:35:56","date_gmt":"2023-02-28T12:35:56","guid":{"rendered":"https:\/\/www.feuerwehr-jockgrim.de\/?page_id=1109"},"modified":"2023-02-28T13:35:57","modified_gmt":"2023-02-28T12:35:57","slug":"elektrischer-hochleistungsluefter","status":"publish","type":"page","link":"https:\/\/www.feuerwehr-jockgrim.de\/?page_id=1109","title":{"rendered":"Elektrischer Hochleistungsl\u00fcfter"},"content":{"rendered":"\n<p>Die Feuerwehr setzt Hochleistungsl\u00fcfter zum Entrauchen von Geb\u00e4uden ein. Bei Br\u00e4nden passiert es oft, da\u00df Brandrauch und Brandgase in &#8222;saubere Bereiche&#8220; innerhalb des Geb\u00e4udes vordringen. Je l\u00e4nger die Schadstoffe in R\u00e4umen stehen, um so st\u00e4rker kontaminieren diese. F\u00fcr gr\u00f6\u00dfere Geb\u00e4ude m\u00fcssen auch gr\u00f6\u00dfere L\u00fcfter eingesetzt werden. Was sich im ersten Moment komisch anh\u00f6rt, ist aber eine <a><\/a>physikalische Tatsache: Luft ist Masse und ben\u00f6tigt Kraft um bewegt zu werden. Je mehr W\u00e4nde und Ecken dieser Luftmassenbewegung im Weg sind, um so mehr Luftreibung wird erzeugt. Resultierend wird die Luft abgebremst und man bekommt mit einem kleinen L\u00fcfter die Schadstoffe nur sehr schwer aus einem gro\u00dfen Geb\u00e4ude. Um nun m\u00f6glichst viele Schadstoffe zu entfernen muss im Geb\u00e4ude eine hohe Luftstr\u00f6mung erzeugt werden.<\/p>\n\n\n\n<p>Mit der Beschaffung des neuen L\u00fcfters hat sich hier die Luftleistung mehr als verdoppelt. Ebenso haben sich im Gebiet der Verbandsgemeinde Jockgrim immer mehr gr\u00f6\u00dfere Hallen, Geb\u00e4ude und Tiefgaragen angesiedelt, was eine Ersatzbeschaffung dieser Gr\u00f6\u00dfenordnung notwendig gemacht hat.<\/p>\n\n\n\n<p>In der Vergangenheit wurden gro\u00dfe Hochleistungsl\u00fcfter mittels Verbrennermotor angetrieben. Dies hatte leider den Nachteil, da\u00df einige Abgase unweigerlich in den Luftstrom gezogen wurden und dadurch mit im Geb\u00e4ude verteilt wurden. Als Vorg\u00e4nger haben wir einen \u00fcber 20 Jahre alten Turboinjektorl\u00fcfter mit Benzinmotor eingesetzt. Der neue L\u00fcfter wird mit Drehstrom angetrieben.<\/p>\n\n\n\n<p>Diese Art von Hochleistungsl\u00fcfter wurde auch f\u00fcr den Einsatz in Tiefgaragen entwickelt. Mehrst\u00f6ckige Tiefgaragen m\u00fcssen vom unten nach oben, Stockwerkweise entraucht werden. Eine M\u00f6glichkeit ist den Brandrauch, in der Tiefgarage, mit einen L\u00fcfter \u00fcber einen vorhandenen Luftkanalschacht raus zu bef\u00f6rdern. F\u00fcr diesen Einsatzzweck ist der Hochleistungsl\u00fcfter mit einer Chassisk\u00fchld\u00fcse ausger\u00fcstet, damit die hei\u00dfen Brandgase den Elektromotor nicht \u00fcberhitzen. Zus\u00e4tzlich ist der L\u00fcfter mit einer zweiten Wassernebeld\u00fcse ausgestattet. Optimal zum K\u00fchlen von Objekten, Rauchgase und R\u00e4umen.<\/p>\n\n\n\n<p>Der L\u00fcfter wird mit unseren Mehrzweckfahrzeug (MZF2) an die Einsatzstelle gebracht. Drei Drucklutten und ein Stromerzeuger werden mit dem L\u00fcfter auf einen Rollwagen vorgehalten.<\/p>\n\n\n\n<p>Technische Daten:<br>Gesamtluftleistung: 115.000 m3\/h<br>Anschlu\u00df: 16A CEE Drehstrom<\/p>\n\n\n\n<figure class=\"wp-block-image size-large is-style-default\"><img loading=\"lazy\" decoding=\"async\" width=\"1024\" height=\"768\" src=\"https:\/\/www.feuerwehr-jockgrim.de\/wp-content\/uploads\/2023\/02\/272647954_5056824661017992_1055221621111409971_n-1024x768.jpg\" alt=\"\" class=\"wp-image-1110\" srcset=\"https:\/\/www.feuerwehr-jockgrim.de\/wp-content\/uploads\/2023\/02\/272647954_5056824661017992_1055221621111409971_n-1024x768.jpg 1024w, https:\/\/www.feuerwehr-jockgrim.de\/wp-content\/uploads\/2023\/02\/272647954_5056824661017992_1055221621111409971_n-300x225.jpg 300w, https:\/\/www.feuerwehr-jockgrim.de\/wp-content\/uploads\/2023\/02\/272647954_5056824661017992_1055221621111409971_n-768x576.jpg 768w, https:\/\/www.feuerwehr-jockgrim.de\/wp-content\/uploads\/2023\/02\/272647954_5056824661017992_1055221621111409971_n-1536x1152.jpg 1536w, https:\/\/www.feuerwehr-jockgrim.de\/wp-content\/uploads\/2023\/02\/272647954_5056824661017992_1055221621111409971_n.jpg 2048w\" sizes=\"auto, (max-width: 1024px) 100vw, 1024px\" \/><\/figure>\n\n\n\n<figure class=\"wp-block-gallery has-nested-images columns-default is-cropped wp-block-gallery-1 is-layout-flex wp-block-gallery-is-layout-flex\">\n<figure class=\"wp-block-image size-large\"><img loading=\"lazy\" decoding=\"async\" width=\"768\" height=\"1024\" data-id=\"1112\" src=\"https:\/\/www.feuerwehr-jockgrim.de\/wp-content\/uploads\/2023\/02\/272776601_5056825091017949_2514297022623813318_n-768x1024.jpg\" alt=\"\" class=\"wp-image-1112\" srcset=\"https:\/\/www.feuerwehr-jockgrim.de\/wp-content\/uploads\/2023\/02\/272776601_5056825091017949_2514297022623813318_n-768x1024.jpg 768w, https:\/\/www.feuerwehr-jockgrim.de\/wp-content\/uploads\/2023\/02\/272776601_5056825091017949_2514297022623813318_n-225x300.jpg 225w, https:\/\/www.feuerwehr-jockgrim.de\/wp-content\/uploads\/2023\/02\/272776601_5056825091017949_2514297022623813318_n-1152x1536.jpg 1152w, https:\/\/www.feuerwehr-jockgrim.de\/wp-content\/uploads\/2023\/02\/272776601_5056825091017949_2514297022623813318_n.jpg 1536w\" sizes=\"auto, (max-width: 768px) 100vw, 768px\" \/><\/figure>\n\n\n\n<figure class=\"wp-block-image size-large\"><img loading=\"lazy\" decoding=\"async\" width=\"1024\" height=\"768\" data-id=\"1111\" src=\"https:\/\/www.feuerwehr-jockgrim.de\/wp-content\/uploads\/2023\/02\/272797933_5056825161017942_4285441743178837188_n-1024x768.jpg\" alt=\"\" class=\"wp-image-1111\" srcset=\"https:\/\/www.feuerwehr-jockgrim.de\/wp-content\/uploads\/2023\/02\/272797933_5056825161017942_4285441743178837188_n-1024x768.jpg 1024w, https:\/\/www.feuerwehr-jockgrim.de\/wp-content\/uploads\/2023\/02\/272797933_5056825161017942_4285441743178837188_n-300x225.jpg 300w, https:\/\/www.feuerwehr-jockgrim.de\/wp-content\/uploads\/2023\/02\/272797933_5056825161017942_4285441743178837188_n-768x576.jpg 768w, https:\/\/www.feuerwehr-jockgrim.de\/wp-content\/uploads\/2023\/02\/272797933_5056825161017942_4285441743178837188_n-1536x1152.jpg 1536w, https:\/\/www.feuerwehr-jockgrim.de\/wp-content\/uploads\/2023\/02\/272797933_5056825161017942_4285441743178837188_n.jpg 2048w\" sizes=\"auto, (max-width: 1024px) 100vw, 1024px\" \/><\/figure>\n<\/figure>\n","protected":false},"excerpt":{"rendered":"<p>Die Feuerwehr setzt Hochleistungsl\u00fcfter zum Entrauchen von Geb\u00e4uden ein. Bei Br\u00e4nden passiert es oft, da\u00df Brandrauch und Brandgase in &#8222;saubere Bereiche&#8220; innerhalb des Geb\u00e4udes vordringen. Je l\u00e4nger die Schadstoffe in R\u00e4umen stehen, um so st\u00e4rker kontaminieren diese. F\u00fcr gr\u00f6\u00dfere Geb\u00e4ude m\u00fcssen auch gr\u00f6\u00dfere L\u00fcfter eingesetzt werden. Was sich im ersten Moment komisch anh\u00f6rt, ist aber [&hellip;]<\/p>\n","protected":false},"author":1,"featured_media":0,"parent":0,"menu_order":0,"comment_status":"closed","ping_status":"closed","template":"","meta":{"_acf_changed":false,"footnotes":""},"class_list":["post-1109","page","type-page","status-publish","hentry"],"acf":[],"_links":{"self":[{"href":"https:\/\/www.feuerwehr-jockgrim.de\/index.php?rest_route=\/wp\/v2\/pages\/1109","targetHints":{"allow":["GET"]}}],"collection":[{"href":"https:\/\/www.feuerwehr-jockgrim.de\/index.php?rest_route=\/wp\/v2\/pages"}],"about":[{"href":"https:\/\/www.feuerwehr-jockgrim.de\/index.php?rest_route=\/wp\/v2\/types\/page"}],"author":[{"embeddable":true,"href":"https:\/\/www.feuerwehr-jockgrim.de\/index.php?rest_route=\/wp\/v2\/users\/1"}],"replies":[{"embeddable":true,"href":"https:\/\/www.feuerwehr-jockgrim.de\/index.php?rest_route=%2Fwp%2Fv2%2Fcomments&post=1109"}],"version-history":[{"count":1,"href":"https:\/\/www.feuerwehr-jockgrim.de\/index.php?rest_route=\/wp\/v2\/pages\/1109\/revisions"}],"predecessor-version":[{"id":1113,"href":"https:\/\/www.feuerwehr-jockgrim.de\/index.php?rest_route=\/wp\/v2\/pages\/1109\/revisions\/1113"}],"wp:attachment":[{"href":"https:\/\/www.feuerwehr-jockgrim.de\/index.php?rest_route=%2Fwp%2Fv2%2Fmedia&parent=1109"}],"curies":[{"name":"wp","href":"https:\/\/api.w.org\/{rel}","templated":true}]}}