{"id":108,"date":"2022-11-17T17:46:04","date_gmt":"2022-11-17T16:46:04","guid":{"rendered":"http:\/\/feuerwehr-jockgrim.org\/?page_id=108"},"modified":"2022-12-20T10:41:42","modified_gmt":"2022-12-20T09:41:42","slug":"hlf-20","status":"publish","type":"page","link":"https:\/\/www.feuerwehr-jockgrim.de\/?page_id=108","title":{"rendered":"HLF 20"},"content":{"rendered":"\n<div class=\"wp-block-media-text alignwide is-stacked-on-mobile\"><figure class=\"wp-block-media-text__media\"><img loading=\"lazy\" decoding=\"async\" width=\"1024\" height=\"617\" src=\"http:\/\/feuerwehr-jockgrim.org\/wp-content\/uploads\/2022\/11\/IMG_6294-1024x617.jpg\" alt=\"\" class=\"wp-image-606 size-full\" srcset=\"https:\/\/www.feuerwehr-jockgrim.de\/wp-content\/uploads\/2022\/11\/IMG_6294-1024x617.jpg 1024w, https:\/\/www.feuerwehr-jockgrim.de\/wp-content\/uploads\/2022\/11\/IMG_6294-300x181.jpg 300w, https:\/\/www.feuerwehr-jockgrim.de\/wp-content\/uploads\/2022\/11\/IMG_6294-768x463.jpg 768w, https:\/\/www.feuerwehr-jockgrim.de\/wp-content\/uploads\/2022\/11\/IMG_6294-1536x925.jpg 1536w, https:\/\/www.feuerwehr-jockgrim.de\/wp-content\/uploads\/2022\/11\/IMG_6294-2048x1233.jpg 2048w\" sizes=\"auto, (max-width: 1024px) 100vw, 1024px\" \/><\/figure><div class=\"wp-block-media-text__content\">\n<p>HLF 20 steht f\u00fcr Hilfeleistungsl\u00f6schgruppenfahrzeug 20. Aktuell sind zwei Varianten des HLF in der DIN-14530 genormt, das HLF 20 ist der gr\u00f6\u00dfere dieser Typen. <\/p>\n<\/div><\/div>\n\n\n\n<figure class=\"wp-block-table has-small-font-size\"><table><tbody><tr><td>Fahrzeug:<\/td><td>HLF 20 &#8211; Hilfeleistungsl\u00f6schgruppenfahrzeug 20<\/td><\/tr><tr><td>Funkrufname:<\/td><td>Florian Jockgrim 1\/46-1<\/td><\/tr><tr><td>Besatzung:<\/td><td>Gruppe (1\/8\/<strong>9<\/strong> &#8211; Gruppenf\u00fchrer und acht Feuerwehrleute)<\/td><\/tr><tr><td>Baujahr:<\/td><td>2007<\/td><\/tr><tr><td>Aufbauhersteller:<\/td><td><a href=\"https:\/\/www.rosenbauer.com\/\" target=\"_blank\" rel=\"noreferrer noopener\">Rosenbauer Deutschland<\/a><\/td><\/tr><tr><td>Fahrgestell:<\/td><td>Mercedes-Atego 1428AF<\/td><\/tr><tr><td>Norm:<\/td><td>DIN 14530-27<\/td><\/tr><tr><td>Verwendungszweck:<\/td><td>Das HLF 20 kann f\u00fcr nahezu s\u00e4mtliche Aufgaben des Feuerwehralltags herangezogen werden und sowohl eine effektive Brandbek\u00e4mpfung als auch die Technische Hilfe nach Verkehrsunf\u00e4llen, sowie Erstma\u00dfnahmen im Gefahrstoffeinsatz durchf\u00fchren. Es wird daher oft als Eierlegende Wollmilchsau oder Schweizer Taschenmesser der Feuerwehr bezeichnet. Sinngem\u00e4\u00df ist das HLF 20 bei uns das erstausr\u00fcckende Fahrzeug bei nahezu allen Eins\u00e4tzen.<\/td><\/tr><tr><td>Beladung\/Ausstattung:<\/td><td>L\u00f6schwassertank mit 2000l L\u00f6schwasser<br>Schaummitteltank mit 120l Schaummittel<br>Feuerwehrpumpe FPN 10-2000 (2000l F\u00f6rdervolumen bei 10bar F\u00f6rderdruck)<br>4x Atemschutzger\u00e4t, davon 2x mal in der Kabine<br>W\u00e4rmebildkamera Flir K45<br>Gasmessger\u00e4t Fa. Dr\u00e4ger<br>Stromerzeuger 6,5 kVA Fa. Eisemann<br>2x Leitungsroller 230V, 50m<br>Akkubetriebenes Beleuchtungsger\u00e4t<br>Lichtbr\u00fccke mit 2x LED-Scheinwerfer<br>Stativ f\u00fcr Lichtbr\u00fccke<br>Verschiedene \u00c4xte<br>Halligan-Tool<br>Vorschlaghammer<br>Winkelschleifer<br>Schornsteinfegerwerkzeug<br>Hebekissensatz mit Zubeh\u00f6r<br>S\u00e4bels\u00e4ge<br>Motorkettens\u00e4ge Stihl<br>Rettungs\u00e4ge Stihl &#8222;Multicut&#8220;<br>Schnittschutzkleidung<br>Verkehrsleitkegel<br>Faltdreiecke<br>Akkubetriebener L\u00fcfter Fa. Leader mit 5m Lutte<br>Handwerkzeugkasten Feuerwehr<br>Satz Dichtkeile <br>Chemikalienschutzhandschuhe<br>Euroblitzleuchten<br>Tauchpumpe TP4\/1<br>Schuttmulden<br>Schnellangriff 30m<br>Standrohr mit Hydrantenschl\u00fcsseln<br>2x B-Hohlstrahlrohr<br>3x C-Hohlstrahlrohr<br>Mittelschaumpistole C mit 1l Schaummittelbeh\u00e4lter<br>Schnellangriffsverteiler mit 20m B-Schlauch<br>Gerollte B-Druckschl\u00e4uche 20m<br>Schaumzumischer Z4 mit D-Ansaugschlauch<br>Haspel mit B-Druckschl\u00e4uchen<br>2x B-Druckschlauch 5m (&#8222;F\u00fcllschlauch&#8220;)<br>3x Systemtrenner<br>Sammelst\u00fcck A-3B<br>Arbeitsleinen 30m in Leinenbeuteln<br>Sprungretter<br>Schlauchpaket mit 30m C-Schlauch<br>4x Schlauchwickelkorb C mit je 3x 15m Schlauch<br>2x Rauchvorhang (1x Klein, 1x Gro\u00df)<br>Werkkasten Elektro<br>Schnellangriffsverteiler mit 20m B-Schlauch<br>Sicherheitstrupptasche<br>Hitzeschutzponchos<br>2x 6kg ABC-Pulverl\u00f6scher<br>CO2-L\u00f6scher<br>12l Schauml\u00f6scher<br>Hydraulischer Rettungssatz Fa. Weber (Spreizer SP53 BS, Schneidger\u00e4t RSU 200-107, Rettungszylinder RZT 2-1500 und RZT 2-775, Schneidger\u00e4t S50)<br>Schwelleraufsatz f\u00fcr Rettungzylinder<br>Druckplatten f\u00fcr Rettungszylinder<br>Airbagsicherungssatz<br>Akkuschrauber<br>Satz R\u00fcstholz<br>Unterbausatz Weber Stab-Pack<br>Mehrzweckzug Zg16<br>Glasmanagement-Satz<br>Satz Spanngurte f\u00fcr LKW-Fahrerhaussicherung<br>Erste-Hilfe Rucksack mit AED<\/td><\/tr><\/tbody><\/table><\/figure>\n\n\n\n<figure class=\"wp-block-gallery has-nested-images columns-default is-cropped wp-block-gallery-1 is-layout-flex wp-block-gallery-is-layout-flex\">\n<figure class=\"wp-block-image size-large\"><img loading=\"lazy\" decoding=\"async\" width=\"1024\" height=\"1019\" data-id=\"613\" src=\"http:\/\/feuerwehr-jockgrim.org\/wp-content\/uploads\/2022\/11\/2hlf.jpg\" alt=\"\" class=\"wp-image-613\" srcset=\"https:\/\/www.feuerwehr-jockgrim.de\/wp-content\/uploads\/2022\/11\/2hlf.jpg 1024w, https:\/\/www.feuerwehr-jockgrim.de\/wp-content\/uploads\/2022\/11\/2hlf-300x300.jpg 300w, https:\/\/www.feuerwehr-jockgrim.de\/wp-content\/uploads\/2022\/11\/2hlf-150x150.jpg 150w, https:\/\/www.feuerwehr-jockgrim.de\/wp-content\/uploads\/2022\/11\/2hlf-768x764.jpg 768w\" sizes=\"auto, (max-width: 1024px) 100vw, 1024px\" \/><\/figure>\n\n\n\n<figure class=\"wp-block-image size-large\"><img loading=\"lazy\" decoding=\"async\" width=\"1024\" height=\"870\" data-id=\"610\" src=\"http:\/\/feuerwehr-jockgrim.org\/wp-content\/uploads\/2022\/11\/3hlf.jpg\" alt=\"\" class=\"wp-image-610\" srcset=\"https:\/\/www.feuerwehr-jockgrim.de\/wp-content\/uploads\/2022\/11\/3hlf.jpg 1024w, https:\/\/www.feuerwehr-jockgrim.de\/wp-content\/uploads\/2022\/11\/3hlf-300x255.jpg 300w, https:\/\/www.feuerwehr-jockgrim.de\/wp-content\/uploads\/2022\/11\/3hlf-768x653.jpg 768w\" sizes=\"auto, (max-width: 1024px) 100vw, 1024px\" \/><\/figure>\n\n\n\n<figure class=\"wp-block-image size-large\"><img loading=\"lazy\" decoding=\"async\" width=\"1024\" height=\"463\" data-id=\"611\" src=\"http:\/\/feuerwehr-jockgrim.org\/wp-content\/uploads\/2022\/11\/4hlf.jpg\" alt=\"\" class=\"wp-image-611\" srcset=\"https:\/\/www.feuerwehr-jockgrim.de\/wp-content\/uploads\/2022\/11\/4hlf.jpg 1024w, https:\/\/www.feuerwehr-jockgrim.de\/wp-content\/uploads\/2022\/11\/4hlf-300x136.jpg 300w, https:\/\/www.feuerwehr-jockgrim.de\/wp-content\/uploads\/2022\/11\/4hlf-768x347.jpg 768w\" sizes=\"auto, (max-width: 1024px) 100vw, 1024px\" \/><\/figure>\n\n\n\n<figure class=\"wp-block-image size-large\"><img loading=\"lazy\" decoding=\"async\" width=\"1024\" height=\"661\" data-id=\"612\" src=\"http:\/\/feuerwehr-jockgrim.org\/wp-content\/uploads\/2022\/11\/5hlf.jpg\" alt=\"\" class=\"wp-image-612\" srcset=\"https:\/\/www.feuerwehr-jockgrim.de\/wp-content\/uploads\/2022\/11\/5hlf.jpg 1024w, https:\/\/www.feuerwehr-jockgrim.de\/wp-content\/uploads\/2022\/11\/5hlf-300x194.jpg 300w, https:\/\/www.feuerwehr-jockgrim.de\/wp-content\/uploads\/2022\/11\/5hlf-768x496.jpg 768w\" sizes=\"auto, (max-width: 1024px) 100vw, 1024px\" \/><\/figure>\n\n\n\n<figure class=\"wp-block-image size-large\"><img loading=\"lazy\" decoding=\"async\" width=\"1024\" height=\"861\" data-id=\"614\" src=\"http:\/\/feuerwehr-jockgrim.org\/wp-content\/uploads\/2022\/11\/6hlf.jpg\" alt=\"\" class=\"wp-image-614\" srcset=\"https:\/\/www.feuerwehr-jockgrim.de\/wp-content\/uploads\/2022\/11\/6hlf.jpg 1024w, https:\/\/www.feuerwehr-jockgrim.de\/wp-content\/uploads\/2022\/11\/6hlf-300x252.jpg 300w, https:\/\/www.feuerwehr-jockgrim.de\/wp-content\/uploads\/2022\/11\/6hlf-768x646.jpg 768w\" sizes=\"auto, (max-width: 1024px) 100vw, 1024px\" \/><\/figure>\n\n\n\n<figure class=\"wp-block-image size-large\"><img loading=\"lazy\" decoding=\"async\" width=\"1024\" height=\"683\" data-id=\"616\" src=\"http:\/\/feuerwehr-jockgrim.org\/wp-content\/uploads\/2022\/11\/8hlf.jpg\" alt=\"\" class=\"wp-image-616\" srcset=\"https:\/\/www.feuerwehr-jockgrim.de\/wp-content\/uploads\/2022\/11\/8hlf.jpg 1024w, https:\/\/www.feuerwehr-jockgrim.de\/wp-content\/uploads\/2022\/11\/8hlf-300x200.jpg 300w, https:\/\/www.feuerwehr-jockgrim.de\/wp-content\/uploads\/2022\/11\/8hlf-768x512.jpg 768w\" sizes=\"auto, (max-width: 1024px) 100vw, 1024px\" \/><\/figure>\n\n\n\n<figure class=\"wp-block-image size-large\"><img loading=\"lazy\" decoding=\"async\" width=\"683\" height=\"1024\" data-id=\"617\" src=\"http:\/\/feuerwehr-jockgrim.org\/wp-content\/uploads\/2022\/11\/9hlf-683x1024.jpg\" alt=\"\" class=\"wp-image-617\" srcset=\"https:\/\/www.feuerwehr-jockgrim.de\/wp-content\/uploads\/2022\/11\/9hlf-683x1024.jpg 683w, https:\/\/www.feuerwehr-jockgrim.de\/wp-content\/uploads\/2022\/11\/9hlf-200x300.jpg 200w, https:\/\/www.feuerwehr-jockgrim.de\/wp-content\/uploads\/2022\/11\/9hlf-768x1152.jpg 768w, https:\/\/www.feuerwehr-jockgrim.de\/wp-content\/uploads\/2022\/11\/9hlf.jpg 800w\" sizes=\"auto, (max-width: 683px) 100vw, 683px\" \/><\/figure>\n\n\n\n<figure class=\"wp-block-image size-large\"><img loading=\"lazy\" decoding=\"async\" width=\"1024\" height=\"683\" data-id=\"618\" src=\"http:\/\/feuerwehr-jockgrim.org\/wp-content\/uploads\/2022\/11\/10hlf.jpg\" alt=\"\" class=\"wp-image-618\" srcset=\"https:\/\/www.feuerwehr-jockgrim.de\/wp-content\/uploads\/2022\/11\/10hlf.jpg 1024w, https:\/\/www.feuerwehr-jockgrim.de\/wp-content\/uploads\/2022\/11\/10hlf-300x200.jpg 300w, https:\/\/www.feuerwehr-jockgrim.de\/wp-content\/uploads\/2022\/11\/10hlf-768x512.jpg 768w\" sizes=\"auto, (max-width: 1024px) 100vw, 1024px\" \/><\/figure>\n\n\n\n<figure class=\"wp-block-image size-large\"><img loading=\"lazy\" decoding=\"async\" width=\"683\" height=\"1024\" data-id=\"620\" src=\"http:\/\/feuerwehr-jockgrim.org\/wp-content\/uploads\/2022\/11\/11hlf-683x1024.jpg\" alt=\"\" class=\"wp-image-620\" srcset=\"https:\/\/www.feuerwehr-jockgrim.de\/wp-content\/uploads\/2022\/11\/11hlf-683x1024.jpg 683w, https:\/\/www.feuerwehr-jockgrim.de\/wp-content\/uploads\/2022\/11\/11hlf-200x300.jpg 200w, https:\/\/www.feuerwehr-jockgrim.de\/wp-content\/uploads\/2022\/11\/11hlf-768x1152.jpg 768w, https:\/\/www.feuerwehr-jockgrim.de\/wp-content\/uploads\/2022\/11\/11hlf.jpg 800w\" sizes=\"auto, (max-width: 683px) 100vw, 683px\" \/><\/figure>\n\n\n\n<figure class=\"wp-block-image size-large\"><img loading=\"lazy\" decoding=\"async\" width=\"683\" height=\"1024\" data-id=\"615\" src=\"http:\/\/feuerwehr-jockgrim.org\/wp-content\/uploads\/2022\/11\/7hlf-683x1024.jpg\" alt=\"\" class=\"wp-image-615\" srcset=\"https:\/\/www.feuerwehr-jockgrim.de\/wp-content\/uploads\/2022\/11\/7hlf-683x1024.jpg 683w, https:\/\/www.feuerwehr-jockgrim.de\/wp-content\/uploads\/2022\/11\/7hlf-200x300.jpg 200w, https:\/\/www.feuerwehr-jockgrim.de\/wp-content\/uploads\/2022\/11\/7hlf-768x1152.jpg 768w, https:\/\/www.feuerwehr-jockgrim.de\/wp-content\/uploads\/2022\/11\/7hlf.jpg 800w\" sizes=\"auto, (max-width: 683px) 100vw, 683px\" \/><\/figure>\n<\/figure>\n","protected":false},"excerpt":{"rendered":"<p>HLF 20 steht f\u00fcr Hilfeleistungsl\u00f6schgruppenfahrzeug 20. Aktuell sind zwei Varianten des HLF in der DIN-14530 genormt, das HLF 20 ist der gr\u00f6\u00dfere dieser Typen. Fahrzeug: HLF 20 &#8211; Hilfeleistungsl\u00f6schgruppenfahrzeug 20 [&hellip;]<\/p>\n","protected":false},"author":2,"featured_media":0,"parent":0,"menu_order":0,"comment_status":"closed","ping_status":"closed","template":"","meta":{"_acf_changed":false,"footnotes":""},"class_list":["post-108","page","type-page","status-publish","hentry"],"acf":[],"_links":{"self":[{"href":"https:\/\/www.feuerwehr-jockgrim.de\/index.php?rest_route=\/wp\/v2\/pages\/108","targetHints":{"allow":["GET"]}}],"collection":[{"href":"https:\/\/www.feuerwehr-jockgrim.de\/index.php?rest_route=\/wp\/v2\/pages"}],"about":[{"href":"https:\/\/www.feuerwehr-jockgrim.de\/index.php?rest_route=\/wp\/v2\/types\/page"}],"author":[{"embeddable":true,"href":"https:\/\/www.feuerwehr-jockgrim.de\/index.php?rest_route=\/wp\/v2\/users\/2"}],"replies":[{"embeddable":true,"href":"https:\/\/www.feuerwehr-jockgrim.de\/index.php?rest_route=%2Fwp%2Fv2%2Fcomments&post=108"}],"version-history":[{"count":8,"href":"https:\/\/www.feuerwehr-jockgrim.de\/index.php?rest_route=\/wp\/v2\/pages\/108\/revisions"}],"predecessor-version":[{"id":940,"href":"https:\/\/www.feuerwehr-jockgrim.de\/index.php?rest_route=\/wp\/v2\/pages\/108\/revisions\/940"}],"wp:attachment":[{"href":"https:\/\/www.feuerwehr-jockgrim.de\/index.php?rest_route=%2Fwp%2Fv2%2Fmedia&parent=108"}],"curies":[{"name":"wp","href":"https:\/\/api.w.org\/{rel}","templated":true}]}}