{"id":1064,"date":"2023-02-19T15:26:52","date_gmt":"2023-02-19T14:26:52","guid":{"rendered":"https:\/\/www.feuerwehr-jockgrim.de\/?page_id=1064"},"modified":"2023-02-19T15:30:04","modified_gmt":"2023-02-19T14:30:04","slug":"spielmanns-und-fanfarenzug","status":"publish","type":"page","link":"https:\/\/www.feuerwehr-jockgrim.de\/?page_id=1064","title":{"rendered":"Spielmanns- und Fanfarenzug"},"content":{"rendered":"\n<p>Wie viele andere Feuerwehren in Deutschland auch, unterhalten wir einen Spielmanns- und Fanfarenzug. Er besteht zu diesem Zeitpunkt aus 27 Mitgliedern und steht unter der F\u00fchrung von Spielmannszugf\u00fchrer Thomas Schehr, welcher im Jahr 2022 sein 40-J\u00e4hriges Jubil\u00e4um in dieser Position feiern konnte.<\/p>\n\n\n\n<p>Die Proben des Spielmannszuges finden immer Dienstags um 19:00 Uhr statt. Interessierte die bereits ein Instrument spielen oder es erlernen wollen sind immer gerne gesehen. <\/p>\n","protected":false},"excerpt":{"rendered":"<p>Wie viele andere Feuerwehren in Deutschland auch, unterhalten wir einen Spielmanns- und Fanfarenzug. Er besteht zu diesem Zeitpunkt aus 27 Mitgliedern und steht unter der F\u00fchrung von Spielmannszugf\u00fchrer Thomas Schehr, welcher im Jahr 2022 sein 40-J\u00e4hriges Jubil\u00e4um in dieser Position feiern konnte. Die Proben des Spielmannszuges finden immer Dienstags um 19:00 Uhr statt. Interessierte die [&hellip;]<\/p>\n","protected":false},"author":2,"featured_media":0,"parent":0,"menu_order":0,"comment_status":"closed","ping_status":"closed","template":"","meta":{"_acf_changed":false,"footnotes":""},"class_list":["post-1064","page","type-page","status-publish","hentry"],"acf":[],"_links":{"self":[{"href":"https:\/\/www.feuerwehr-jockgrim.de\/index.php?rest_route=\/wp\/v2\/pages\/1064","targetHints":{"allow":["GET"]}}],"collection":[{"href":"https:\/\/www.feuerwehr-jockgrim.de\/index.php?rest_route=\/wp\/v2\/pages"}],"about":[{"href":"https:\/\/www.feuerwehr-jockgrim.de\/index.php?rest_route=\/wp\/v2\/types\/page"}],"author":[{"embeddable":true,"href":"https:\/\/www.feuerwehr-jockgrim.de\/index.php?rest_route=\/wp\/v2\/users\/2"}],"replies":[{"embeddable":true,"href":"https:\/\/www.feuerwehr-jockgrim.de\/index.php?rest_route=%2Fwp%2Fv2%2Fcomments&post=1064"}],"version-history":[{"count":2,"href":"https:\/\/www.feuerwehr-jockgrim.de\/index.php?rest_route=\/wp\/v2\/pages\/1064\/revisions"}],"predecessor-version":[{"id":1068,"href":"https:\/\/www.feuerwehr-jockgrim.de\/index.php?rest_route=\/wp\/v2\/pages\/1064\/revisions\/1068"}],"wp:attachment":[{"href":"https:\/\/www.feuerwehr-jockgrim.de\/index.php?rest_route=%2Fwp%2Fv2%2Fmedia&parent=1064"}],"curies":[{"name":"wp","href":"https:\/\/api.w.org\/{rel}","templated":true}]}}